{"id":654,"date":"2022-02-13T16:32:27","date_gmt":"2022-02-13T16:32:27","guid":{"rendered":"https:\/\/demo.creativethemes.com\/stagingfour\/?page_id=654"},"modified":"2024-03-12T15:36:58","modified_gmt":"2024-03-12T15:36:58","slug":"contact","status":"publish","type":"page","link":"https:\/\/skinpechderma.com\/index.php\/contact\/","title":{"rendered":"Contacto y Ubicaci\u00f3n"},"content":{"rendered":"\n<div class=\"wp-block-cover alignfull is-light has-custom-content-position is-position-top-left\" style=\"margin-top:0;padding-top:5vw;padding-right:5vw;padding-bottom:5vw;padding-left:5vw;min-height:231px;aspect-ratio:unset;\"><span aria-hidden=\"true\" class=\"wp-block-cover__background has-background-dim-0 has-background-dim\" style=\"background-color:#141414\"><\/span><video class=\"wp-block-cover__video-background intrinsic-ignore\" autoplay muted loop playsinline src=\"https:\/\/skinpechderma.com\/wp-content\/uploads\/2024\/01\/Animacion.mp4\" data-object-fit=\"cover\"><\/video><div class=\"wp-block-cover__inner-container is-layout-flow wp-block-cover-is-layout-flow\">\n<p class=\"has-text-align-center has-large-font-size\"><\/p>\n<\/div><\/div>\n\n\n\n<div class=\"wp-block-stackable-columns stk-block-columns stk-block stk-438e87d\" data-block-id=\"438e87d\"><style>.stk-438e87d{margin-top:45px !important;margin-right:27px !important;margin-bottom:59px !important;margin-left:23px !important}.stk-438e87d-column{--stk-columns-spacing:24px !important;--stk-column-gap:35px !important;row-gap:50px !important}<\/style><div class=\"stk-row stk-inner-blocks stk-block-content stk-content-align stk-438e87d-column\">\n<div class=\"wp-block-stackable-column stk-block-column stk-column stk-block stk-cf0ab83 stk-block-background\" data-v=\"4\" data-block-id=\"cf0ab83\"><style>.stk-cf0ab83-container{margin-top:0px !important;margin-right:0px !important;margin-bottom:0px !important;margin-left:0px !important}.stk-cf0ab83{background-color:var(--theme-palette-color-8,#ffffff) !important;border-radius:12px !important;overflow:hidden !important;box-shadow:0px 20px 80px 0px rgba(104,114,121,0.1) !important;padding-top:50px !important;padding-right:50px !important;padding-bottom:50px !important;padding-left:50px !important}.stk-cf0ab83:before{background-color:var(--theme-palette-color-8,#ffffff) !important}@media screen and (max-width:1023px){.stk-cf0ab83{padding-top:35px !important;padding-right:35px !important;padding-bottom:35px !important;padding-left:35px !important}}<\/style><div class=\"stk-column-wrapper stk-block-column__content stk-container stk-cf0ab83-container stk--no-background stk--no-padding\"><div class=\"stk-block-content stk-inner-blocks stk-cf0ab83-inner-blocks\">\n<div class=\"wp-block-stackable-icon stk-block-icon has-text-align-center stk-block stk-5900be4\" data-block-id=\"5900be4\"><style>.stk-5900be4{margin-bottom:35px !important}.stk-5900be4 .stk--svg-wrapper .stk--inner-svg svg:last-child{height:40px !important;width:40px !important}.stk-5900be4 .stk--svg-wrapper .stk--inner-svg svg:last-child,.stk-5900be4 .stk--svg-wrapper .stk--inner-svg svg:last-child :is(g,path,rect,polygon,ellipse){fill:var(--theme-palette-color-1,#ff6310) !important}<\/style><span class=\"stk--svg-wrapper\"><div class=\"stk--inner-svg\"><svg style=\"height:0;width:0\"><defs><linearGradient id=\"linear-gradient-5900be4\" x1=\"0\" x2=\"100%\" y1=\"0\" y2=\"0\"><stop offset=\"0%\" style=\"stop-opacity:1;stop-color:var(--linear-gradient-5900-be-4-color-1)\"><\/stop><stop offset=\"100%\" style=\"stop-opacity:1;stop-color:var(--linear-gradient-5900-be-4-color-2)\"><\/stop><\/linearGradient><\/defs><\/svg><svg aria-hidden=\"true\" focusable=\"false\" data-prefix=\"fas\" data-icon=\"paper-plane\" class=\"svg-inline--fa fa-paper-plane fa-w-16\" xmlns=\"http:\/\/www.w3.org\/2000\/svg\" viewBox=\"0 0 512 512\" width=\"32\" height=\"32\"><path fill=\"currentColor\" d=\"M476 3.2L12.5 270.6c-18.1 10.4-15.8 35.6 2.2 43.2L121 358.4l287.3-253.2c5.5-4.9 13.3 2.6 8.6 8.3L176 407v80.5c0 23.6 28.5 32.9 42.5 15.8L282 426l124.6 52.2c14.2 6 30.4-2.9 33-18.2l72-432C515 7.8 493.3-6.8 476 3.2z\"><\/path><\/svg><\/div><\/span><\/div>\n\n\n\n<div class=\"wp-block-stackable-heading stk-block-heading stk-block-heading--v2 stk-block stk-686957e\" id=\"email\" data-block-id=\"686957e\"><style>.stk-686957e{margin-bottom:8px !important}<\/style><h6 class=\"stk-block-heading__text has-text-align-center\">Email<\/h6><\/div>\n\n\n\n<p class=\"has-text-align-center\">info<font style=\"vertical-align: inherit;\"><font style=\"vertical-align: inherit;\">@skinpechderma.com <\/font><\/font><\/p>\n<\/div><\/div><\/div>\n\n\n\n<div class=\"wp-block-stackable-column stk-block-column stk-column stk-block stk-f0a5185 stk-block-background\" data-v=\"4\" data-block-id=\"f0a5185\"><style>.stk-f0a5185-container{margin-top:0px !important;margin-right:0px !important;margin-bottom:0px !important;margin-left:0px !important}.stk-f0a5185{background-color:var(--theme-palette-color-8,#ffffff) !important;border-radius:12px !important;overflow:hidden !important;box-shadow:0px 20px 80px 0px rgba(104,114,121,0.1) !important;padding-top:50px !important;padding-right:50px !important;padding-bottom:50px !important;padding-left:50px !important}.stk-f0a5185:before{background-color:var(--theme-palette-color-8,#ffffff) !important}@media screen and (max-width:1023px){.stk-f0a5185{padding-top:35px !important;padding-right:35px !important;padding-bottom:35px !important;padding-left:35px !important}}<\/style><div class=\"stk-column-wrapper stk-block-column__content stk-container stk-f0a5185-container stk--no-background stk--no-padding\"><div class=\"stk-block-content stk-inner-blocks stk-f0a5185-inner-blocks\">\n<div class=\"wp-block-stackable-icon stk-block-icon has-text-align-center stk-block stk-02892c9\" data-block-id=\"02892c9\"><style>.stk-02892c9{margin-bottom:35px !important}.stk-02892c9 .stk--svg-wrapper .stk--inner-svg svg:last-child{height:40px !important;width:40px !important}.stk-02892c9 .stk--svg-wrapper .stk--inner-svg svg:last-child,.stk-02892c9 .stk--svg-wrapper .stk--inner-svg svg:last-child :is(g,path,rect,polygon,ellipse){fill:var(--theme-palette-color-1,#ff6310) !important}<\/style><span class=\"stk--svg-wrapper\"><div class=\"stk--inner-svg\"><svg style=\"height:0;width:0\"><defs><linearGradient id=\"linear-gradient-02892c9\" x1=\"0\" x2=\"100%\" y1=\"0\" y2=\"0\"><stop offset=\"0%\" style=\"stop-opacity:1;stop-color:var(--linear-gradient-02892-c-9-color-1)\"><\/stop><stop offset=\"100%\" style=\"stop-opacity:1;stop-color:var(--linear-gradient-02892-c-9-color-2)\"><\/stop><\/linearGradient><\/defs><\/svg><svg aria-hidden=\"true\" focusable=\"false\" data-prefix=\"fas\" data-icon=\"map-marker-alt\" class=\"svg-inline--fa fa-map-marker-alt fa-w-12\" xmlns=\"http:\/\/www.w3.org\/2000\/svg\" viewBox=\"0 0 384 512\" width=\"32\" height=\"32\"><path fill=\"currentColor\" d=\"M172.268 501.67C26.97 291.031 0 269.413 0 192 0 85.961 85.961 0 192 0s192 85.961 192 192c0 77.413-26.97 99.031-172.268 309.67-9.535 13.774-29.93 13.773-39.464 0zM192 272c44.183 0 80-35.817 80-80s-35.817-80-80-80-80 35.817-80 80 35.817 80 80 80z\"><\/path><\/svg><\/div><\/span><\/div>\n\n\n\n<div class=\"wp-block-stackable-heading stk-block-heading stk-block-heading--v2 stk-block stk-ffec2d3\" id=\"strong-direccion-strong\" data-block-id=\"ffec2d3\"><style>.stk-ffec2d3{margin-top:0px !important;margin-bottom:8px !important}<\/style><h6 class=\"stk-block-heading__text has-text-align-center\"><strong>Direcci\u00f3n<\/strong><\/h6><\/div>\n\n\n\n<p class=\"has-text-align-center\">9a. Avenida Pte. Nte. #43, Barrio Santa Cecilia, Comit\u00e1n de Dom\u00ednguez, Chiapas. M\u00e9xico<\/p>\n<\/div><\/div><\/div>\n\n\n\n<div class=\"wp-block-stackable-column stk-block-column stk-column stk-block stk-11dfbd5 stk-block-background\" data-v=\"4\" data-block-id=\"11dfbd5\"><style>.stk-11dfbd5-container{margin-top:0px !important;margin-right:0px !important;margin-bottom:0px !important;margin-left:0px !important}.stk-11dfbd5{background-color:var(--theme-palette-color-8,#ffffff) !important;border-radius:12px !important;overflow:hidden !important;box-shadow:0px 20px 80px 0px rgba(104,114,121,0.1) !important;padding-top:50px !important;padding-right:50px !important;padding-bottom:50px !important;padding-left:50px !important}.stk-11dfbd5:before{background-color:var(--theme-palette-color-8,#ffffff) !important}@media screen and (max-width:1023px){.stk-11dfbd5{padding-top:35px !important;padding-right:35px !important;padding-bottom:35px !important;padding-left:35px !important}}<\/style><div class=\"stk-column-wrapper stk-block-column__content stk-container stk-11dfbd5-container stk--no-background stk--no-padding\"><div class=\"stk-block-content stk-inner-blocks stk-11dfbd5-inner-blocks\">\n<div class=\"wp-block-stackable-icon stk-block-icon has-text-align-center stk-block stk-1759bc2\" data-block-id=\"1759bc2\"><style>.stk-1759bc2{margin-bottom:35px !important}.stk-1759bc2 .stk--svg-wrapper .stk--inner-svg svg:last-child{height:40px !important;width:40px !important}.stk-1759bc2 .stk--svg-wrapper .stk--inner-svg svg:last-child,.stk-1759bc2 .stk--svg-wrapper .stk--inner-svg svg:last-child :is(g,path,rect,polygon,ellipse){fill:var(--theme-palette-color-1,#ff6310) !important}<\/style><span class=\"stk--svg-wrapper\"><div class=\"stk--inner-svg\"><svg style=\"height:0;width:0\"><defs><linearGradient id=\"linear-gradient-1759bc2\" x1=\"0\" x2=\"100%\" y1=\"0\" y2=\"0\"><stop offset=\"0%\" style=\"stop-opacity:1;stop-color:var(--linear-gradient-1759-bc-2-color-1)\"><\/stop><stop offset=\"100%\" style=\"stop-opacity:1;stop-color:var(--linear-gradient-1759-bc-2-color-2)\"><\/stop><\/linearGradient><\/defs><\/svg><svg aria-hidden=\"true\" focusable=\"false\" data-prefix=\"fas\" data-icon=\"phone-alt\" class=\"svg-inline--fa fa-phone-alt fa-w-16\" xmlns=\"http:\/\/www.w3.org\/2000\/svg\" viewBox=\"0 0 512 512\" width=\"32\" height=\"32\"><path fill=\"currentColor\" d=\"M497.39 361.8l-112-48a24 24 0 0 0-28 6.9l-49.6 60.6A370.66 370.66 0 0 1 130.6 204.11l60.6-49.6a23.94 23.94 0 0 0 6.9-28l-48-112A24.16 24.16 0 0 0 122.6.61l-104 24A24 24 0 0 0 0 48c0 256.5 207.9 464 464 464a24 24 0 0 0 23.4-18.6l24-104a24.29 24.29 0 0 0-14.01-27.6z\"><\/path><\/svg><\/div><\/span><\/div>\n\n\n\n<div class=\"wp-block-stackable-heading stk-block-heading stk-block-heading--v2 stk-block stk-6a97399\" id=\"telefono-clinica\" data-block-id=\"6a97399\"><style>.stk-6a97399{margin-bottom:8px !important}<\/style><h6 class=\"stk-block-heading__text has-text-align-center\">Tel\u00e9fono Cl\u00ednica<\/h6><\/div>\n\n\n\n<p class=\"has-text-align-center\">Tel. (963) 110 63 06<\/p>\n\n\n\n<p class=\"has-text-align-center\">Whatsapp <br>(963) 133 02 60<\/p>\n<\/div><\/div><\/div>\n\n\n\n<div class=\"wp-block-stackable-column stk-block-column stk-column stk-block stk-5eee942 stk-block-background\" data-v=\"4\" data-block-id=\"5eee942\"><style>.stk-5eee942-container{margin-top:0px !important;margin-right:0px !important;margin-bottom:0px !important;margin-left:0px !important}.stk-5eee942{background-color:#00d084 !important;border-top-left-radius:12px !important;border-top-right-radius:12px !important;border-bottom-right-radius:12px !important;border-bottom-left-radius:12px !important;overflow:hidden !important;box-shadow:0px 20px 80px 0px rgba(104,114,121,0.1) !important;padding-top:50px !important;padding-right:50px !important;padding-bottom:50px !important;padding-left:50px !important}.stk-5eee942:before{background-color:#00d084 !important}@media screen and (max-width:1023px){.stk-5eee942{padding-top:35px !important;padding-right:35px !important;padding-bottom:35px !important;padding-left:35px !important}}<\/style><div class=\"stk-column-wrapper stk-block-column__content stk-container stk-5eee942-container stk--no-background stk--no-padding\"><div class=\"stk-block-content stk-inner-blocks stk-5eee942-inner-blocks\">\n<div class=\"wp-block-stackable-icon stk-block-icon has-text-align-center stk-block stk-99608dc\" data-block-id=\"99608dc\"><style>.stk-99608dc{margin-bottom:35px !important}.stk-99608dc .stk--svg-wrapper .stk--inner-svg svg:last-child{height:57px !important;width:57px !important}.stk-99608dc .stk--svg-wrapper .stk--inner-svg svg:last-child,.stk-99608dc .stk--svg-wrapper .stk--inner-svg svg:last-child :is(g,path,rect,polygon,ellipse){fill:var(--theme-palette-color-8,#ffffff) !important}<\/style><span class=\"stk--svg-wrapper\"><div class=\"stk--inner-svg\"><svg style=\"height:0;width:0\"><defs><linearGradient id=\"linear-gradient-99608dc\" x1=\"0\" x2=\"100%\" y1=\"0\" y2=\"0\"><stop offset=\"0%\" style=\"stop-opacity:1;stop-color:var(--linear-gradient-99608-dc-color-1)\"><\/stop><stop offset=\"100%\" style=\"stop-opacity:1;stop-color:var(--linear-gradient-99608-dc-color-2)\"><\/stop><\/linearGradient><\/defs><\/svg><svg xmlns=\"http:\/\/www.w3.org\/2000\/svg\" viewBox=\"0 0 576 512\" aria-hidden=\"true\" width=\"32\" height=\"32\"><path d=\"M288 115L69.47 307.71c-1.62 1.46-3.69 2.14-5.47 3.35V496a16 16 0 0 0 16 16h416a16 16 0 0 0 16-16V311.1c-1.7-1.16-3.72-1.82-5.26-3.2zm96 261a8 8 0 0 1-8 8h-56v56a8 8 0 0 1-8 8h-48a8 8 0 0 1-8-8v-56h-56a8 8 0 0 1-8-8v-48a8 8 0 0 1 8-8h56v-56a8 8 0 0 1 8-8h48a8 8 0 0 1 8 8v56h56a8 8 0 0 1 8 8zm186.69-139.72l-255.94-226a39.85 39.85 0 0 0-53.45 0l-256 226a16 16 0 0 0-1.21 22.6L25.5 282.7a16 16 0 0 0 22.6 1.21L277.42 81.63a16 16 0 0 1 21.17 0L527.91 283.9a16 16 0 0 0 22.6-1.21l21.4-23.82a16 16 0 0 0-1.22-22.59z\"><\/path><\/svg><\/div><\/span><\/div>\n\n\n\n<div class=\"wp-block-stackable-heading stk-block-heading stk-block-heading--v2 stk-block stk-faf6929\" id=\"aqui-br-agenda-tu-cita\" data-block-id=\"faf6929\"><style>.stk-faf6929{margin-bottom:25px !important}.stk-faf6929 .stk-block-heading__text{color:var(--theme-palette-color-6,#F3F5F7) !important}<\/style><h5 class=\"stk-block-heading__text has-text-color has-text-align-center\">Aqu\u00ed<br>Agenda tu CITA<\/h5><\/div>\n\n\n\n<div class=\"wp-block-buttons is-content-justification-center is-layout-flex wp-container-core-buttons-is-layout-1 wp-block-buttons-is-layout-flex\">\n<div class=\"wp-block-button\"><a class=\"wp-block-button__link wp-element-button\" href=\"https:\/\/api.whatsapp.com\/send\/?phone=5219631330260&amp;text=Hola%2C+estamos+listos+para+ayudarte%2C+cu%C3%A9ntanos+m%C3%A1s.&amp;type=phone_number&amp;app_absent=0\" target=\"_blank\" rel=\"noreferrer noopener\">WhatsApp<\/a><\/div>\n<\/div>\n<\/div><\/div><\/div>\n<\/div><\/div>\n\n\n\n<div class=\"wp-block-stackable-columns stk-block-columns stk-block stk-aec5096\" data-block-id=\"aec5096\"><style>.stk-aec5096{margin-bottom:78px !important}.stk-aec5096-column{--stk-column-gap:35px !important;row-gap:25px !important}<\/style><div class=\"stk-row stk-inner-blocks has-text-align-center-mobile stk-block-content stk-content-align stk-aec5096-column\">\n<div class=\"wp-block-stackable-column stk-block-column stk-column stk-block stk-9439ee6 animated fadeInUp slower\" data-v=\"4\" data-block-id=\"9439ee6\"><div class=\"stk-column-wrapper stk-block-column__content stk-container stk-9439ee6-container stk--no-background stk--no-padding\"><div class=\"stk-block-content stk-inner-blocks stk-9439ee6-inner-blocks\">\n<div class=\"wp-block-stackable-map stk-block-map stk-block stk-dcef91d\" data-block-id=\"dcef91d\"><style>.stk-dcef91d{top:22px !important}.stk-dcef91d .stk-block-map__canvas,.stk-dcef91d iframe{height:491px !important}<\/style><iframe\n\t\t\t\t\t\ttitle=\"Embedded content from Google Maps Platform.\"\n\t\t\t\t\t\tsrc=\"https:\/\/maps.google.com\/maps?q=9a. Avenida Pte. Nte. 45, Santa Cecilia, 30069 Comit\u00e1n de Dom\u00ednguez, Chis.&#038;t=&#038;z=12&#038;ie=UTF8&#038;output=embed\"\n\t\t\t\t\t\tstyle=\"border:0;width:100%;max-width:none;max-height:none;height:100%;\"\n\t\t\t\t\t\taria-hidden=\"false\"\n\t\t\t\t\t\ttabIndex=\"0\"\n\t\t\t\t\t\tallowfullscreen\n\t\t\t\t\t\tloading=\"lazy\"\n\t\t\t\t\t\tframeBorder=\"0\"\n\t\t\t\t\t><\/iframe><\/div>\n<\/div><\/div><\/div>\n<\/div><\/div>\n","protected":false},"excerpt":{"rendered":"<p>Email info@skinpechderma.com Direcci\u00f3n 9a. Avenida Pte. Nte. #43, Barrio Santa Cecilia, Comit\u00e1n de Dom\u00ednguez, Chiapas. M\u00e9xico Tel\u00e9fono Cl\u00ednica Tel. (963) 110 63 06 Whatsapp (963) 133 02 60 Aqu\u00edAgenda tu CITA<\/p>\n","protected":false},"author":1,"featured_media":0,"parent":0,"menu_order":0,"comment_status":"closed","ping_status":"closed","template":"essential-blocks-fullwidth-template.php","meta":{"_eb_attr":"","_monsterinsights_skip_tracking":false,"_monsterinsights_sitenote_active":false,"_monsterinsights_sitenote_note":"","_monsterinsights_sitenote_category":0,"_joinchat":[],"footnotes":""},"class_list":["post-654","page","type-page","status-publish","hentry"],"blocksy_meta":{"styles_descriptor":{"styles":{"desktop":"","tablet":"","mobile":""},"google_fonts":[],"version":6},"page_title_panel":"","has_hero_section":"default","db567741911212a6487ad77c7235ff4e":"","hero_section":"type-1","hero_elements":[{"id":"custom_title","enabled":true,"heading_tag":"h1","title":"Home"},{"id":"custom_description","enabled":true,"description_visibility":{"desktop":true,"tablet":true,"mobile":false}},{"id":"custom_meta","enabled":false,"meta_elements":[{"id":"author","enabled":true,"label":"By","has_author_avatar":"yes","avatar_size":25},{"id":"post_date","enabled":true,"label":"On","date_format_source":"default","date_format":"M j, Y"},{"id":"updated_date","enabled":false,"label":"On","date_format_source":"default","date_format":"M j, Y"},{"id":"categories","enabled":false,"label":"In","style":"simple"},{"id":"comments","enabled":true}],"page_meta_elements":{"joined":true,"articles_count":true,"comments":true}},{"id":"breadcrumbs","enabled":false}],"46a7bfb2347eb4634d2d85ba2c89301f":"","hero_alignment1":"CT_CSS_SKIP_RULE","hero_margin":40,"hero_alignment2":"center","hero_vertical_alignment":"center","04357bfccb4668ce5a987e34dc06edc4":"","hero_structure":"narrow","4992c1e4e4c6446d5f43691493dd6e4b":"","page_title_bg_type":"featured_image","custom_hero_background":{"attachment_id":null},"parallax":{"desktop":false,"tablet":false,"mobile":false},"86b7ee5a2649ba534360b742cb20231a":"","hero_height":"250px","pageTitleFont":{"family":"Default","variation":"Default","size":"30px","line-height":"CT_CSS_SKIP_RULE","letter-spacing":"CT_CSS_SKIP_RULE","text-transform":"CT_CSS_SKIP_RULE","text-decoration":"CT_CSS_SKIP_RULE"},"pageTitleFontColor":{"default":{"color":"CT_CSS_SKIP_RULEDEFAULT"}},"pageMetaFont":{"family":"Default","variation":"n6","size":"12px","line-height":"1.3","letter-spacing":"CT_CSS_SKIP_RULE","text-transform":"uppercase","text-decoration":"CT_CSS_SKIP_RULE"},"pageMetaFontColor":{"default":{"color":"CT_CSS_SKIP_RULEDEFAULT"},"hover":{"color":"CT_CSS_SKIP_RULEDEFAULT"}},"page_meta_button_type_font_colors":{"default":{"color":"CT_CSS_SKIP_RULEDEFAULT"},"hover":{"color":"CT_CSS_SKIP_RULEDEFAULT"}},"page_meta_button_type_background_colors":{"default":{"color":"CT_CSS_SKIP_RULEDEFAULT"},"hover":{"color":"CT_CSS_SKIP_RULEDEFAULT"}},"pageExcerptFont":{"family":"Default","variation":"Default","size":"CT_CSS_SKIP_RULE","line-height":"CT_CSS_SKIP_RULE","letter-spacing":"CT_CSS_SKIP_RULE","text-transform":"CT_CSS_SKIP_RULE","text-decoration":"CT_CSS_SKIP_RULE"},"pageExcerptColor":{"default":{"color":"CT_CSS_SKIP_RULEDEFAULT"}},"breadcrumbsFont":{"family":"Default","variation":"Default","size":"CT_CSS_SKIP_RULE","line-height":"CT_CSS_SKIP_RULE","letter-spacing":"CT_CSS_SKIP_RULE","text-transform":"CT_CSS_SKIP_RULE","text-decoration":"CT_CSS_SKIP_RULE"},"breadcrumbsFontColor":{"default":{"color":"CT_CSS_SKIP_RULEDEFAULT"},"initial":{"color":"CT_CSS_SKIP_RULEDEFAULT"},"hover":{"color":"CT_CSS_SKIP_RULEDEFAULT"}},"pageTitleOverlay":{"background_type":"color","background_pattern":"type-1","background_image":{"attachment_id":null,"x":0,"y":0},"gradient":"linear-gradient(135deg,rgba(6,147,227,1) 0%,rgb(155,81,224) 100%)","background_repeat":"repeat","background_size":"auto","background_attachment":"scroll","patternColor":{"default":{"color":"#e5e7ea"}},"overlayColor":{"default":{"color":"CT_CSS_SKIP_RULE"}},"backgroundColor":{"default":{"color":"CT_CSS_SKIP_RULE"}}},"pageTitleBackground":{"background_type":"color","background_pattern":"type-1","background_image":{"attachment_id":null,"x":0,"y":0},"gradient":"linear-gradient(135deg,rgba(6,147,227,1) 0%,rgb(155,81,224) 100%)","background_repeat":"repeat","background_size":"auto","background_attachment":"scroll","patternColor":{"default":{"color":"#e5e7ea"}},"overlayColor":{"default":{"color":"CT_CSS_SKIP_RULE"}},"backgroundColor":{"default":{"color":"var(--paletteColor6)"}}},"pageTitlePadding":{"top":"50px","bottom":"50px","left":"auto","right":"auto","linked":true},"ec35447805dc43b925eef837508073fa":"","page_structure_type":"default","8e721d55ef1c936694f832c201ce78cb":"","content_style_source":"inherit","content_style":"wide","vertical_spacing_source":"custom","content_area_spacing":"none","background":{"background_type":"color","background_pattern":"type-1","background_image":{"attachment_id":null,"x":0,"y":0},"gradient":"linear-gradient(135deg,rgba(6,147,227,1) 0%,rgb(155,81,224) 100%)","background_repeat":"repeat","background_size":"auto","background_attachment":"scroll","patternColor":{"default":{"color":"#e5e7ea"}},"overlayColor":{"default":{"color":"CT_CSS_SKIP_RULE"}},"backgroundColor":{"default":{"color":"CT_CSS_SKIP_RULE"}}},"content_background":{"background_type":"color","background_pattern":"type-1","background_image":{"attachment_id":null,"x":0,"y":0},"gradient":"linear-gradient(135deg,rgba(6,147,227,1) 0%,rgb(155,81,224) 100%)","background_repeat":"repeat","background_size":"auto","background_attachment":"scroll","patternColor":{"default":{"color":"#e5e7ea"}},"overlayColor":{"default":{"color":"CT_CSS_SKIP_RULE"}},"backgroundColor":{"default":{"color":"var(--paletteColor8)"}}},"content_boxed_shadow":{"inherit":false,"blur":18,"spread":-6,"v_offset":12,"h_offset":0,"inset":false,"enable":true,"color":{"color":"rgba(34, 56, 101, 0.04)"}},"boxed_content_spacing":{"desktop":{"top":"40px","bottom":"40px","left":"40px","right":"40px","linked":true},"tablet":{"top":"35px","bottom":"35px","left":"35px","right":"35px","linked":true},"mobile":{"top":"20px","bottom":"20px","left":"20px","right":"20px","linked":true}},"content_boxed_radius":{"top":"3px","bottom":"3px","left":"3px","right":"3px","linked":true},"1842a503b3240f204f30e3a0cf58ed01":"","disable_featured_image":"no","disable_share_box":"no","disable_header":"no","disable_footer":"no"},"aioseo_notices":[],"featured_image_urls":{"full":"","thumbnail":"","medium":"","medium_large":"","large":"","1536x1536":"","2048x2048":"","wpzoom-rcb-block-header":"","wpzoom-rcb-block-header-square":"","wpzoom-rcb-block-step-image":"","wpzoom-rcb-structured-data-1_1":"","wpzoom-rcb-structured-data-4_3":"","wpzoom-rcb-structured-data-16_9":"","woocommerce_archive_thumbnail":"","woocommerce_thumbnail":"","woocommerce_single":"","woocommerce_gallery_thumbnail":""},"post_excerpt_stackable":"<p>Email info@skinpechderma.com Direcci\u00f3n 9a. Avenida Pte. Nte. #43, Barrio Santa Cecilia, Comit\u00e1n de Dom\u00ednguez, Chiapas. M\u00e9xico Tel\u00e9fono Cl\u00ednica Tel. (963) 110 63 06 Whatsapp (963) 133 02 60 Aqu\u00edAgenda tu CITA WhatsApp<\/p>\n","category_list":"","author_info":{"name":"skinpechderma.com","url":"https:\/\/skinpechderma.com\/index.php\/author\/skinpechderma-com\/"},"comments_num":"0 comments","_links":{"self":[{"href":"https:\/\/skinpechderma.com\/index.php\/wp-json\/wp\/v2\/pages\/654"}],"collection":[{"href":"https:\/\/skinpechderma.com\/index.php\/wp-json\/wp\/v2\/pages"}],"about":[{"href":"https:\/\/skinpechderma.com\/index.php\/wp-json\/wp\/v2\/types\/page"}],"author":[{"embeddable":true,"href":"https:\/\/skinpechderma.com\/index.php\/wp-json\/wp\/v2\/users\/1"}],"replies":[{"embeddable":true,"href":"https:\/\/skinpechderma.com\/index.php\/wp-json\/wp\/v2\/comments?post=654"}],"version-history":[{"count":37,"href":"https:\/\/skinpechderma.com\/index.php\/wp-json\/wp\/v2\/pages\/654\/revisions"}],"predecessor-version":[{"id":3902,"href":"https:\/\/skinpechderma.com\/index.php\/wp-json\/wp\/v2\/pages\/654\/revisions\/3902"}],"wp:attachment":[{"href":"https:\/\/skinpechderma.com\/index.php\/wp-json\/wp\/v2\/media?parent=654"}],"curies":[{"name":"wp","href":"https:\/\/api.w.org\/{rel}","templated":true}]}}