{"id":3865,"date":"2024-03-12T14:40:25","date_gmt":"2024-03-12T14:40:25","guid":{"rendered":"https:\/\/skinpechderma.com\/?page_id=3865"},"modified":"2024-03-12T14:55:08","modified_gmt":"2024-03-12T14:55:08","slug":"aplicacion-de-medicamento-2","status":"publish","type":"page","link":"https:\/\/skinpechderma.com\/index.php\/aplicacion-de-medicamento-2\/","title":{"rendered":"Aplicaci\u00f3n de medicamento Hiperhidrosis"},"content":{"rendered":"\n<p><\/p>\n\n\n\n<div class=\"wp-block-stackable-heading stk-block-heading stk-block-heading--v2 stk-block stk-dc878e2\" id=\"aplicacion-de-medicamento\" data-block-id=\"dc878e2\"><style>.stk-dc878e2{margin-bottom:16px !important}<\/style><h2 class=\"stk-block-heading__text has-text-align-center\">Aplicaci\u00f3n de medicamento<\/h2><\/div>\n\n\n\n<p class=\"has-text-align-center\">Hiperhidrosis<\/p>\n\n\n\n<div class=\"wp-block-stackable-feature alignfull stk-block-feature stk-block stk-cef87f5 is-style-horizontal\" data-v=\"2\" data-block-id=\"cef87f5\"><div class=\"stk-content-align stk-cef87f5-column alignwide stk-container stk-cef87f5-container stk--no-background stk--no-padding\"><div class=\"stk-inner-blocks stk-block-content stk-row\">\n<div class=\"wp-block-stackable-column stk-block-column stk-column stk-block stk-61ade93\" data-v=\"4\" data-block-id=\"61ade93\"><style>.stk-61ade93{align-self:center !important;border-top-left-radius:15px !important;border-top-right-radius:15px !important;border-bottom-right-radius:15px !important;border-bottom-left-radius:15px !important;overflow:hidden !important;box-shadow:0 5px 30px -10px rgba(18,63,82,0.3) !important;border-style:solid !important;border-color:#8ed1fc !important;border-top-width:2px !important;border-right-width:2px !important;border-bottom-width:2px !important;border-left-width:2px !important}<\/style><div class=\"stk-column-wrapper stk-block-column__content stk-container stk-61ade93-container stk--no-background stk--no-padding\"><div class=\"stk-block-content stk-inner-blocks stk-61ade93-inner-blocks\">\n<div class=\"wp-block-stackable-columns stk-block-columns stk-block stk-c394e2b\" data-block-id=\"c394e2b\"><div class=\"stk-row stk-inner-blocks stk-block-content stk-content-align stk-c394e2b-column\">\n<div class=\"wp-block-stackable-column stk-block-column stk-column stk-block stk-d5ce2c8\" data-v=\"4\" data-block-id=\"d5ce2c8\"><div class=\"stk-column-wrapper stk-block-column__content stk-container stk-d5ce2c8-container stk--no-background stk--no-padding\"><div class=\"stk-block-content stk-inner-blocks stk-d5ce2c8-inner-blocks\">\n<div class=\"wp-block-stackable-heading stk-block-heading stk-block-heading--v2 stk-block stk-3a82bdf\" id=\"strong-que-es-la-hiperhidrosis-strong-br-es-un-transtorno-de-las-glandulas-sudoriparas-que-tiene-como-resultado-un-exceso-en-la-produccion-de-sudor-br-br-la-hiperhidrosis-puede-ser-br-palmar-br-axilar-br-plantar-br-facial-br-creneofacial-br-br-tratamiento-mediante-infiltracion-de-activos-con-una-aguja-extrafina-directo-en-las-glandulas-sudoriparas-de-las-axilas-palmas-de-las-manos-o-plantas-de-los-pies-br-br-la-funcion-principal-es-bloquear-la-transmision-nerviosa-en-la-union-neuromuscular-haciendo-que-las-glandulas-se-bloqueen-y-el-flujo-de-sudor-se-reduzca\" data-block-id=\"3a82bdf\"><style>.stk-3a82bdf{margin-bottom:21px !important}.stk-3a82bdf .stk-block-heading__text{font-size:18px !important}@media screen and (max-width:1023px){.stk-3a82bdf .stk-block-heading__text{font-size:18px !important}}<\/style><h5 class=\"stk-block-heading__text\"><strong>\u00bfQue es la hiperhidrosis?<\/strong><br>Es un transtorno de las gl\u00e1ndulas sudor\u00edparas que tiene como resultado un exceso en la producci\u00f3n de sudor. <br><br>La hiperhidrosis puede ser:<br>&#8211; Palmar<br>&#8211; Axilar<br>&#8211; Plantar <br>&#8211; Facial<br>&#8211; Creneofacial<br><br>Tratamiento mediante infiltraci\u00f3n de activos con una aguja extrafina directo en las gl\u00e1ndulas sudor\u00edparas de las axilas, palmas de las manos o plantas de los pies.<br><br>La funci\u00f3n principal es bloquear la transmisi\u00f3n nerviosa en la uni\u00f3n neuromuscular, haciendo que las gl\u00e1ndulas se bloqueen y el flujo de sudor se reduzca.<\/h5><\/div>\n\n\n\n<div class=\"wp-block-stackable-text stk-block-text stk-block stk-5bc4c5c\" data-block-id=\"5bc4c5c\"><style>.stk-5bc4c5c{margin-bottom:12px !important}<\/style><p class=\"stk-block-text__text\"><strong>Prueba minor para identificar \u00e1reas de mayor sudoraci\u00f2n<\/strong><\/p><\/div>\n\n\n\n<p><strong>Ventajas:<\/strong><\/p>\n\n\n\n<ul class=\"wp-block-list\">\n<li>Resultados visibles en 3 d\u00edas.<\/li>\n\n\n\n<li>Aplicaci\u00f2n 1 vez por a\u00f1o.<\/li>\n\n\n\n<li>Anestesia en pomada.<\/li>\n\n\n\n<li>Se puede aplicar en cualquier \u00e1rea de sudoraci\u00f3n.<\/li>\n<\/ul>\n<\/div><\/div><\/div>\n<\/div><\/div>\n\n\n\n<div class=\"wp-block-stackable-button-group stk-block-button-group stk-block stk-b5cad4c\" data-block-id=\"b5cad4c\"><div class=\"stk-row stk-inner-blocks stk-block-content stk-button-group\">\n<div class=\"wp-block-stackable-button stk-block-button stk-block stk-939646b\" data-block-id=\"939646b\"><style>.stk-939646b .stk-button{background:var(--theme-palette-color-2,#4928cf) !important}.stk-939646b .stk-button__inner-text{color:var(--theme-palette-color-8,#ffffff) !important}<\/style><a class=\"stk-link stk-button stk--hover-effect-darken\" href=\"https:\/\/skinpechderma.com\/index.php\/contact\/\" target=\"_blank\" rel=\"noreferrer noopener\"><span class=\"has-text-color stk-button__inner-text\">Hacer Cita<\/span><\/a><\/div>\n<\/div><\/div>\n<\/div><\/div><\/div>\n\n\n\n<div class=\"wp-block-stackable-column stk-block-column stk-column stk-block stk-2b8eb37\" data-v=\"4\" data-block-id=\"2b8eb37\"><style>.stk-2b8eb37{align-self:center !important}<\/style><div class=\"stk-column-wrapper stk-block-column__content stk-container stk-2b8eb37-container stk--no-background stk--no-padding\"><div class=\"stk-block-content stk-inner-blocks stk-2b8eb37-inner-blocks\">\n<div class=\"wp-block-stackable-image stk-block-image stk-block stk-a186ffa\" data-block-id=\"a186ffa\"><style>.stk-a186ffa .stk-img-wrapper{width:100% !important;height:625px !important;--stk-gradient-overlay:0 !important}.stk-a186ffa .stk-img-wrapper img{transform:scale(1) !important}:where(.stk-hover-parent:hover,.stk-hover-parent.stk--is-hovered) .stk-a186ffa .stk-img-wrapper img{transform:scale(1.1) !important}.stk-a186ffa .stk-img-wrapper::after{background-color:#202c2c !important}:where(.stk-hover-parent:hover,.stk-hover-parent.stk--is-hovered) .stk-a186ffa .stk-img-wrapper::after{background-color:#202c2c !important}.stk-a186ffa .stk-img-wrapper::before{--stk-gradient-overlay:0.7 !important}:where(.stk-hover-parent:hover,.stk-hover-parent.stk--is-hovered) .stk-a186ffa .stk-img-wrapper{--stk-gradient-overlay:0.8 !important}<\/style><figure><span class=\"stk-img-wrapper stk-image--shape-stretch\"><img loading=\"lazy\" decoding=\"async\" class=\"stk-img wp-image-3859\" src=\"https:\/\/skinpechderma.com\/wp-content\/uploads\/2024\/03\/news_d_hiperhidrosis-portada-9388.jpeg\" width=\"800\" height=\"600\" srcset=\"https:\/\/skinpechderma.com\/wp-content\/uploads\/2024\/03\/news_d_hiperhidrosis-portada-9388.jpeg 800w, https:\/\/skinpechderma.com\/wp-content\/uploads\/2024\/03\/news_d_hiperhidrosis-portada-9388-300x225.jpeg 300w, https:\/\/skinpechderma.com\/wp-content\/uploads\/2024\/03\/news_d_hiperhidrosis-portada-9388-768x576.jpeg 768w, https:\/\/skinpechderma.com\/wp-content\/uploads\/2024\/03\/news_d_hiperhidrosis-portada-9388-750x563.jpeg 750w, https:\/\/skinpechderma.com\/wp-content\/uploads\/2024\/03\/news_d_hiperhidrosis-portada-9388-500x375.jpeg 500w, https:\/\/skinpechderma.com\/wp-content\/uploads\/2024\/03\/news_d_hiperhidrosis-portada-9388-600x450.jpeg 600w\" sizes=\"(max-width: 800px) 100vw, 800px\" \/><\/span><\/figure><\/div>\n<\/div><\/div><\/div>\n<\/div><\/div><\/div>\n\n\n\n<div class=\"wp-block-stackable-text stk-block-text stk-block stk-a79b1cb\" data-block-id=\"a79b1cb\"><p class=\"stk-block-text__text\"><\/p><\/div>\n","protected":false},"excerpt":{"rendered":"<p>Aplicaci\u00f3n de medicamento Hiperhidrosis \u00bfQue es la hiperhidrosis?Es un transtorno de las gl\u00e1ndulas sudor\u00edparas que tiene como resultado un exceso en la producci\u00f3n de sudor. La hiperhidrosis puede ser:&#8211; Palmar&#8211; Axilar&#8211; Plantar &#8211; Facial&#8211; Creneofacial Tratamiento mediante infiltraci\u00f3n de activos con una aguja extrafina directo en las gl\u00e1ndulas sudor\u00edparas de las axilas, palmas de las [&hellip;]<\/p>\n","protected":false},"author":1,"featured_media":0,"parent":0,"menu_order":0,"comment_status":"closed","ping_status":"closed","template":"essential-blocks-fullwidth-template.php","meta":{"_eb_attr":"","_monsterinsights_skip_tracking":false,"_monsterinsights_sitenote_active":false,"_monsterinsights_sitenote_note":"","_monsterinsights_sitenote_category":0,"_joinchat":[],"footnotes":""},"class_list":["post-3865","page","type-page","status-publish","hentry"],"blocksy_meta":[],"aioseo_notices":[],"featured_image_urls":{"full":"","thumbnail":"","medium":"","medium_large":"","large":"","1536x1536":"","2048x2048":"","wpzoom-rcb-block-header":"","wpzoom-rcb-block-header-square":"","wpzoom-rcb-block-step-image":"","wpzoom-rcb-structured-data-1_1":"","wpzoom-rcb-structured-data-4_3":"","wpzoom-rcb-structured-data-16_9":"","woocommerce_archive_thumbnail":"","woocommerce_thumbnail":"","woocommerce_single":"","woocommerce_gallery_thumbnail":""},"post_excerpt_stackable":"<p>Aplicaci\u00f3n de medicamento Hiperhidrosis \u00bfQue es la hiperhidrosis?Es un transtorno de las gl\u00e1ndulas sudor\u00edparas que tiene como resultado un exceso en la producci\u00f3n de sudor. La hiperhidrosis puede ser:&#8211; Palmar&#8211; Axilar&#8211; Plantar &#8211; Facial&#8211; CreneofacialTratamiento mediante infiltraci\u00f3n de activos con una aguja extrafina directo en las gl\u00e1ndulas sudor\u00edparas de las axilas, palmas de las manos o plantas de los pies.La funci\u00f3n principal es bloquear la transmisi\u00f3n nerviosa en la uni\u00f3n neuromuscular, haciendo que las gl\u00e1ndulas se bloqueen y el flujo de sudor se reduzca. Prueba minor para identificar \u00e1reas de mayor sudoraci\u00f2n Ventajas: Resultados visibles en 3 d\u00edas. Aplicaci\u00f2n 1&hellip;<\/p>\n","category_list":"","author_info":{"name":"skinpechderma.com","url":"https:\/\/skinpechderma.com\/index.php\/author\/skinpechderma-com\/"},"comments_num":"0 comments","_links":{"self":[{"href":"https:\/\/skinpechderma.com\/index.php\/wp-json\/wp\/v2\/pages\/3865"}],"collection":[{"href":"https:\/\/skinpechderma.com\/index.php\/wp-json\/wp\/v2\/pages"}],"about":[{"href":"https:\/\/skinpechderma.com\/index.php\/wp-json\/wp\/v2\/types\/page"}],"author":[{"embeddable":true,"href":"https:\/\/skinpechderma.com\/index.php\/wp-json\/wp\/v2\/users\/1"}],"replies":[{"embeddable":true,"href":"https:\/\/skinpechderma.com\/index.php\/wp-json\/wp\/v2\/comments?post=3865"}],"version-history":[{"count":6,"href":"https:\/\/skinpechderma.com\/index.php\/wp-json\/wp\/v2\/pages\/3865\/revisions"}],"predecessor-version":[{"id":3880,"href":"https:\/\/skinpechderma.com\/index.php\/wp-json\/wp\/v2\/pages\/3865\/revisions\/3880"}],"wp:attachment":[{"href":"https:\/\/skinpechderma.com\/index.php\/wp-json\/wp\/v2\/media?parent=3865"}],"curies":[{"name":"wp","href":"https:\/\/api.w.org\/{rel}","templated":true}]}}