{"id":3832,"date":"2024-03-12T03:01:30","date_gmt":"2024-03-12T03:01:30","guid":{"rendered":"https:\/\/skinpechderma.com\/?page_id=3832"},"modified":"2024-03-12T03:08:43","modified_gmt":"2024-03-12T03:08:43","slug":"crioterapia","status":"publish","type":"page","link":"https:\/\/skinpechderma.com\/index.php\/crioterapia\/","title":{"rendered":"Crioterapia"},"content":{"rendered":"\n<p><\/p>\n\n\n\n<div class=\"wp-block-stackable-heading stk-block-heading stk-block-heading--v2 stk-block stk-dc878e2\" id=\"strong-criotera-strong-pia\" data-block-id=\"dc878e2\"><style>.stk-dc878e2{margin-bottom:16px !important}<\/style><h2 class=\"stk-block-heading__text has-text-align-center\"><strong>Criotera<\/strong>pia<\/h2><\/div>\n\n\n\n<p><\/p>\n\n\n\n<div class=\"wp-block-stackable-feature alignfull stk-block-feature stk-block stk-cef87f5 is-style-horizontal\" data-v=\"2\" data-block-id=\"cef87f5\"><div class=\"stk-content-align stk-cef87f5-column alignwide stk-container stk-cef87f5-container stk--no-background stk--no-padding\"><div class=\"stk-inner-blocks stk-block-content stk-row\">\n<div class=\"wp-block-stackable-column stk-block-column stk-column stk-block stk-61ade93\" data-v=\"4\" data-block-id=\"61ade93\"><style>.stk-61ade93{align-self:center !important;border-top-left-radius:15px !important;border-top-right-radius:15px !important;border-bottom-right-radius:15px !important;border-bottom-left-radius:15px !important;overflow:hidden !important;box-shadow:0 5px 30px -10px rgba(18,63,82,0.3) !important;border-style:solid !important;border-color:#8ed1fc !important;border-top-width:2px !important;border-right-width:2px !important;border-bottom-width:2px !important;border-left-width:2px !important}<\/style><div class=\"stk-column-wrapper stk-block-column__content stk-container stk-61ade93-container stk--no-background stk--no-padding\"><div class=\"stk-block-content stk-inner-blocks stk-61ade93-inner-blocks\">\n<div class=\"wp-block-stackable-columns stk-block-columns stk-block stk-c394e2b\" data-block-id=\"c394e2b\"><div class=\"stk-row stk-inner-blocks stk-block-content stk-content-align stk-c394e2b-column\">\n<div class=\"wp-block-stackable-column stk-block-column stk-column stk-block stk-d5ce2c8\" data-v=\"4\" data-block-id=\"d5ce2c8\"><div class=\"stk-column-wrapper stk-block-column__content stk-container stk-d5ce2c8-container stk--no-background stk--no-padding\"><div class=\"stk-block-content stk-inner-blocks stk-d5ce2c8-inner-blocks\">\n<div class=\"wp-block-stackable-heading stk-block-heading stk-block-heading--v2 stk-block stk-3a82bdf\" id=\"los-mezquinos-son-una-infeccion-producida-por-un-virus-por-lo-tanto-si-son-contagiosos-se-puede-transmitir-de-persona-a-persona-especialmente-en-pacientes-que-tengan-la-piel-lastimada-o-que-tengan-problemas-con-las-defensas-bajas-principalmente-en-ninos-y-adultos-mayores-ademas-el-paciente-al-sentir-la-necesidad-de-rascarse-puede-afectar-la-zona-y-aumentar-las-verrugas-en-partes-cercanas-br-br-consiste-en-la-aplicacion-de-frio-a-bajas-temperaturas-sobre-la-piel-causando-una-destruccion-local-de-tejido\" data-block-id=\"3a82bdf\"><style>.stk-3a82bdf{margin-bottom:21px !important}.stk-3a82bdf .stk-block-heading__text{font-size:18px !important}@media screen and (max-width:1023px){.stk-3a82bdf .stk-block-heading__text{font-size:18px !important}}<\/style><h5 class=\"stk-block-heading__text\">Los Mezquinos son una infecci\u00f3n producida por un virus, por lo tanto, s\u00ed son contagiosos, se puede transmitir de persona a persona especialmente en pacientes que tengan la piel lastimada o que tengan problemas con las defensas bajas, principalmente en ni\u00f1os y adultos mayores. Adem\u00e1s, el paciente al sentir la necesidad de rascarse puede afectar la zona y aumentar las Verrugas en partes cercanas.<br><br>Consiste en la aplicaci\u00f3n de fr\u00edo a bajas temperaturas sobre la piel, causando una destrucci\u00f3n local de tejido.<\/h5><\/div>\n\n\n\n<div class=\"wp-block-stackable-text stk-block-text stk-block stk-2aec5f6\" data-block-id=\"2aec5f6\"><style>.stk-2aec5f6{margin-bottom:0px !important}<\/style><p class=\"stk-block-text__text\"><strong>Tipos<\/strong><\/p><\/div>\n\n\n\n<p>Vulgar: Manos.<br>Plana: Cara.<br>Plantar: Planta del pie.<\/p>\n\n\n\n<p><strong>Ventajas:<\/strong><\/p>\n\n\n\n<ul class=\"wp-block-list\">\n<li>Evita la proliferaci\u00f3n<\/li>\n\n\n\n<li>R\u00e1pido y seguro<\/li>\n\n\n\n<li>Pocas sesiones<\/li>\n\n\n\n<li>Act\u00faa solo en \u00e9l \u00e1rea de aplicaci\u00f3n<\/li>\n<\/ul>\n<\/div><\/div><\/div>\n<\/div><\/div>\n\n\n\n<div class=\"wp-block-stackable-button-group stk-block-button-group stk-block stk-b5cad4c\" data-block-id=\"b5cad4c\"><div class=\"stk-row stk-inner-blocks stk-block-content stk-button-group\">\n<div class=\"wp-block-stackable-button stk-block-button stk-block stk-939646b\" data-block-id=\"939646b\"><style>.stk-939646b .stk-button{background:var(--theme-palette-color-2,#4928cf) !important}.stk-939646b .stk-button__inner-text{color:var(--theme-palette-color-8,#ffffff) !important}<\/style><a class=\"stk-link stk-button stk--hover-effect-darken\" href=\"https:\/\/skinpechderma.com\/index.php\/contact\/\" target=\"_blank\" rel=\"noreferrer noopener\"><span class=\"has-text-color stk-button__inner-text\">Hacer Cita<\/span><\/a><\/div>\n<\/div><\/div>\n<\/div><\/div><\/div>\n\n\n\n<div class=\"wp-block-stackable-column stk-block-column stk-column stk-block stk-2b8eb37\" data-v=\"4\" data-block-id=\"2b8eb37\"><style>.stk-2b8eb37{align-self:center !important}<\/style><div class=\"stk-column-wrapper stk-block-column__content stk-container stk-2b8eb37-container stk--no-background stk--no-padding\"><div class=\"stk-block-content stk-inner-blocks stk-2b8eb37-inner-blocks\">\n<div class=\"wp-block-stackable-image stk-block-image stk-block stk-a186ffa\" data-block-id=\"a186ffa\"><style>.stk-a186ffa .stk-img-wrapper{width:100% !important;height:519px !important;--stk-gradient-overlay:0 !important}.stk-a186ffa .stk-img-wrapper img{transform:scale(1) !important}:where(.stk-hover-parent:hover,.stk-hover-parent.stk--is-hovered) .stk-a186ffa .stk-img-wrapper img{transform:scale(1.1) !important}.stk-a186ffa .stk-img-wrapper::after{background-color:#202c2c !important}:where(.stk-hover-parent:hover,.stk-hover-parent.stk--is-hovered) .stk-a186ffa .stk-img-wrapper::after{background-color:#202c2c !important}.stk-a186ffa .stk-img-wrapper::before{--stk-gradient-overlay:0.7 !important}:where(.stk-hover-parent:hover,.stk-hover-parent.stk--is-hovered) .stk-a186ffa .stk-img-wrapper{--stk-gradient-overlay:0.8 !important}<\/style><figure><span class=\"stk-img-wrapper stk-image--shape-stretch\"><img loading=\"lazy\" decoding=\"async\" class=\"stk-img wp-image-3828\" src=\"https:\/\/skinpechderma.com\/wp-content\/uploads\/2024\/03\/el-uso-de-la-crioterapia-en-estetica_1539017003.png\" width=\"600\" height=\"400\" srcset=\"https:\/\/skinpechderma.com\/wp-content\/uploads\/2024\/03\/el-uso-de-la-crioterapia-en-estetica_1539017003.png 600w, https:\/\/skinpechderma.com\/wp-content\/uploads\/2024\/03\/el-uso-de-la-crioterapia-en-estetica_1539017003-300x200.png 300w, https:\/\/skinpechderma.com\/wp-content\/uploads\/2024\/03\/el-uso-de-la-crioterapia-en-estetica_1539017003-500x333.png 500w\" sizes=\"(max-width: 600px) 100vw, 600px\" \/><\/span><\/figure><\/div>\n<\/div><\/div><\/div>\n<\/div><\/div><\/div>\n\n\n\n<div class=\"wp-block-stackable-text stk-block-text stk-block stk-a79b1cb\" data-block-id=\"a79b1cb\"><p class=\"stk-block-text__text\"><\/p><\/div>\n","protected":false},"excerpt":{"rendered":"<p>Crioterapia Los Mezquinos son una infecci\u00f3n producida por un virus, por lo tanto, s\u00ed son contagiosos, se puede transmitir de persona a persona especialmente en pacientes que tengan la piel lastimada o que tengan problemas con las defensas bajas, principalmente en ni\u00f1os y adultos mayores. Adem\u00e1s, el paciente al sentir la necesidad de rascarse puede [&hellip;]<\/p>\n","protected":false},"author":1,"featured_media":0,"parent":0,"menu_order":0,"comment_status":"closed","ping_status":"closed","template":"essential-blocks-fullwidth-template.php","meta":{"_eb_attr":"","_monsterinsights_skip_tracking":false,"_monsterinsights_sitenote_active":false,"_monsterinsights_sitenote_note":"","_monsterinsights_sitenote_category":0,"_joinchat":[],"footnotes":""},"class_list":["post-3832","page","type-page","status-publish","hentry"],"blocksy_meta":[],"aioseo_notices":[],"featured_image_urls":{"full":"","thumbnail":"","medium":"","medium_large":"","large":"","1536x1536":"","2048x2048":"","wpzoom-rcb-block-header":"","wpzoom-rcb-block-header-square":"","wpzoom-rcb-block-step-image":"","wpzoom-rcb-structured-data-1_1":"","wpzoom-rcb-structured-data-4_3":"","wpzoom-rcb-structured-data-16_9":"","woocommerce_archive_thumbnail":"","woocommerce_thumbnail":"","woocommerce_single":"","woocommerce_gallery_thumbnail":""},"post_excerpt_stackable":"<p>Crioterapia Los Mezquinos son una infecci\u00f3n producida por un virus, por lo tanto, s\u00ed son contagiosos, se puede transmitir de persona a persona especialmente en pacientes que tengan la piel lastimada o que tengan problemas con las defensas bajas, principalmente en ni\u00f1os y adultos mayores. Adem\u00e1s, el paciente al sentir la necesidad de rascarse puede afectar la zona y aumentar las Verrugas en partes cercanas.Consiste en la aplicaci\u00f3n de fr\u00edo a bajas temperaturas sobre la piel, causando una destrucci\u00f3n local de tejido. Tipos Vulgar: Manos.Plana: Cara.Plantar: Planta del pie. Ventajas: Evita la proliferaci\u00f3n R\u00e1pido y seguro Pocas sesiones Act\u00faa solo&hellip;<\/p>\n","category_list":"","author_info":{"name":"skinpechderma.com","url":"https:\/\/skinpechderma.com\/index.php\/author\/skinpechderma-com\/"},"comments_num":"0 comments","_links":{"self":[{"href":"https:\/\/skinpechderma.com\/index.php\/wp-json\/wp\/v2\/pages\/3832"}],"collection":[{"href":"https:\/\/skinpechderma.com\/index.php\/wp-json\/wp\/v2\/pages"}],"about":[{"href":"https:\/\/skinpechderma.com\/index.php\/wp-json\/wp\/v2\/types\/page"}],"author":[{"embeddable":true,"href":"https:\/\/skinpechderma.com\/index.php\/wp-json\/wp\/v2\/users\/1"}],"replies":[{"embeddable":true,"href":"https:\/\/skinpechderma.com\/index.php\/wp-json\/wp\/v2\/comments?post=3832"}],"version-history":[{"count":5,"href":"https:\/\/skinpechderma.com\/index.php\/wp-json\/wp\/v2\/pages\/3832\/revisions"}],"predecessor-version":[{"id":3841,"href":"https:\/\/skinpechderma.com\/index.php\/wp-json\/wp\/v2\/pages\/3832\/revisions\/3841"}],"wp:attachment":[{"href":"https:\/\/skinpechderma.com\/index.php\/wp-json\/wp\/v2\/media?parent=3832"}],"curies":[{"name":"wp","href":"https:\/\/api.w.org\/{rel}","templated":true}]}}