{"id":3691,"date":"2024-03-09T15:49:06","date_gmt":"2024-03-09T15:49:06","guid":{"rendered":"https:\/\/skinpechderma.com\/?page_id=3691"},"modified":"2024-03-09T15:58:40","modified_gmt":"2024-03-09T15:58:40","slug":"retiro-de-lunar","status":"publish","type":"page","link":"https:\/\/skinpechderma.com\/index.php\/retiro-de-lunar\/","title":{"rendered":"Retiro de Lunar"},"content":{"rendered":"\n<div class=\"wp-block-stackable-heading stk-block-heading stk-block-heading--v2 stk-block stk-dc878e2\" id=\"retiro-de-lunar\" data-block-id=\"dc878e2\"><style>.stk-dc878e2{margin-bottom:1px !important}<\/style><h2 class=\"stk-block-heading__text has-text-align-center\">Retiro de Lunar<\/h2><\/div>\n\n\n\n<p><\/p>\n\n\n\n<div class=\"wp-block-stackable-feature alignfull stk-block-feature stk-block stk-cef87f5 is-style-horizontal\" data-v=\"2\" data-block-id=\"cef87f5\"><div class=\"stk-content-align stk-cef87f5-column alignwide stk-container stk-cef87f5-container stk--no-background stk--no-padding\"><div class=\"stk-inner-blocks stk-block-content stk-row\">\n<div class=\"wp-block-stackable-column stk-block-column stk-column stk-block stk-61ade93\" data-v=\"4\" data-block-id=\"61ade93\"><style>.stk-61ade93{align-self:center !important;border-top-left-radius:15px !important;border-top-right-radius:15px !important;border-bottom-right-radius:15px !important;border-bottom-left-radius:15px !important;overflow:hidden !important;box-shadow:0 5px 30px -10px rgba(18,63,82,0.3) !important;border-style:solid !important;border-color:#8ed1fc !important;border-top-width:2px !important;border-right-width:2px !important;border-bottom-width:2px !important;border-left-width:2px !important}<\/style><div class=\"stk-column-wrapper stk-block-column__content stk-container stk-61ade93-container stk--no-background stk--no-padding\"><div class=\"stk-block-content stk-inner-blocks stk-61ade93-inner-blocks\">\n<div class=\"wp-block-stackable-columns stk-block-columns stk-block stk-c394e2b\" data-block-id=\"c394e2b\"><div class=\"stk-row stk-inner-blocks stk-block-content stk-content-align stk-c394e2b-column\">\n<div class=\"wp-block-stackable-column stk-block-column stk-column stk-block stk-d5ce2c8\" data-v=\"4\" data-block-id=\"d5ce2c8\"><div class=\"stk-column-wrapper stk-block-column__content stk-container stk-d5ce2c8-container stk--no-background stk--no-padding\"><div class=\"stk-block-content stk-inner-blocks stk-d5ce2c8-inner-blocks\">\n<div class=\"wp-block-stackable-heading stk-block-heading stk-block-heading--v2 stk-block stk-3a82bdf\" id=\"procedimiento-que-se-realiza-bajo-anestesia-local-strong-es-de-corta-duracion-strong-y-tiene-una-pronta-recuperacion-permitiendo-regresar-a-sus-labores-casi-inmediatamente-br-br-tiene-una-duracion-de-30-minutos-en-el-cual-se-prepara-el-paciente-se-aplica-anestesico-local-inyectado-se-retira-el-lunar-de-manera-quirurgica-y-se-procede-a-suturar-de-la-manera-mas-estetica\" data-block-id=\"3a82bdf\"><style>.stk-3a82bdf .stk-block-heading__text{font-size:18px !important}@media screen and (max-width:1023px){.stk-3a82bdf .stk-block-heading__text{font-size:18px !important}}<\/style><h5 class=\"stk-block-heading__text\">Procedimiento que se realiza bajo anestesia local, <strong>es de corta duraci\u00f3n<\/strong> y tiene una pronta recuperaci\u00f3n permitiendo regresar a sus labores casi inmediatamente. <br><br>Tiene una duraci\u00f3n de 30 minutos en el cual se prepara el paciente, se aplica anest\u00e9sico local inyectado, se retira el lunar de manera quir\u00fargica y se procede a suturar de la manera m\u00e1s est\u00e9tica.<\/h5><\/div>\n<\/div><\/div><\/div>\n<\/div><\/div>\n\n\n\n<div class=\"wp-block-stackable-button-group stk-block-button-group stk-block stk-b5cad4c\" data-block-id=\"b5cad4c\"><div class=\"stk-row stk-inner-blocks stk-block-content stk-button-group\">\n<div class=\"wp-block-stackable-button stk-block-button stk-block stk-939646b\" data-block-id=\"939646b\"><style>.stk-939646b .stk-button{background:var(--theme-palette-color-2,#4928cf) !important}.stk-939646b .stk-button__inner-text{color:var(--theme-palette-color-8,#ffffff) !important}<\/style><a class=\"stk-link stk-button stk--hover-effect-darken\" href=\"https:\/\/skinpechderma.com\/index.php\/contact\/\" target=\"_blank\" rel=\"noreferrer noopener\"><span class=\"has-text-color stk-button__inner-text\">Hacer Cita<\/span><\/a><\/div>\n<\/div><\/div>\n<\/div><\/div><\/div>\n\n\n\n<div class=\"wp-block-stackable-column stk-block-column stk-column stk-block stk-2b8eb37\" data-v=\"4\" data-block-id=\"2b8eb37\"><style>.stk-2b8eb37{align-self:center !important}<\/style><div class=\"stk-column-wrapper stk-block-column__content stk-container stk-2b8eb37-container stk--no-background stk--no-padding\"><div class=\"stk-block-content stk-inner-blocks stk-2b8eb37-inner-blocks\">\n<div class=\"wp-block-stackable-image stk-block-image stk-block stk-a186ffa\" data-block-id=\"a186ffa\"><style>.stk-a186ffa .stk-img-wrapper{width:100% !important;height:566px !important;--stk-gradient-overlay:0 !important}.stk-a186ffa .stk-img-wrapper img{transform:scale(0.96) !important}:where(.stk-hover-parent:hover,.stk-hover-parent.stk--is-hovered) .stk-a186ffa .stk-img-wrapper img{transform:scale(1.1) !important}.stk-a186ffa .stk-img-wrapper::after{background-color:#202c2c !important}:where(.stk-hover-parent:hover,.stk-hover-parent.stk--is-hovered) .stk-a186ffa .stk-img-wrapper::after{background-color:#202c2c !important}.stk-a186ffa .stk-img-wrapper::before{--stk-gradient-overlay:0.7 !important}:where(.stk-hover-parent:hover,.stk-hover-parent.stk--is-hovered) .stk-a186ffa .stk-img-wrapper{--stk-gradient-overlay:0.8 !important}<\/style><figure><span class=\"stk-img-wrapper stk-image--shape-stretch\"><img loading=\"lazy\" decoding=\"async\" class=\"stk-img wp-image-3696\" src=\"https:\/\/skinpechderma.com\/wp-content\/uploads\/2024\/03\/Captura-de-Pantalla-2024-03-09-a-las-9.53.43.png\" width=\"808\" height=\"872\" srcset=\"https:\/\/skinpechderma.com\/wp-content\/uploads\/2024\/03\/Captura-de-Pantalla-2024-03-09-a-las-9.53.43.png 808w, https:\/\/skinpechderma.com\/wp-content\/uploads\/2024\/03\/Captura-de-Pantalla-2024-03-09-a-las-9.53.43-278x300.png 278w, https:\/\/skinpechderma.com\/wp-content\/uploads\/2024\/03\/Captura-de-Pantalla-2024-03-09-a-las-9.53.43-768x829.png 768w, https:\/\/skinpechderma.com\/wp-content\/uploads\/2024\/03\/Captura-de-Pantalla-2024-03-09-a-las-9.53.43-750x809.png 750w, https:\/\/skinpechderma.com\/wp-content\/uploads\/2024\/03\/Captura-de-Pantalla-2024-03-09-a-las-9.53.43-500x540.png 500w, https:\/\/skinpechderma.com\/wp-content\/uploads\/2024\/03\/Captura-de-Pantalla-2024-03-09-a-las-9.53.43-600x648.png 600w\" sizes=\"(max-width: 808px) 100vw, 808px\" \/><\/span><\/figure><\/div>\n<\/div><\/div><\/div>\n<\/div><\/div><\/div>\n\n\n\n<div class=\"wp-block-stackable-text stk-block-text stk-block stk-a79b1cb\" data-block-id=\"a79b1cb\"><p class=\"stk-block-text__text\"><\/p><\/div>\n","protected":false},"excerpt":{"rendered":"<p>Retiro de Lunar Procedimiento que se realiza bajo anestesia local, es de corta duraci\u00f3n y tiene una pronta recuperaci\u00f3n permitiendo regresar a sus labores casi inmediatamente. Tiene una duraci\u00f3n de 30 minutos en el cual se prepara el paciente, se aplica anest\u00e9sico local inyectado, se retira el lunar de manera quir\u00fargica y se procede a [&hellip;]<\/p>\n","protected":false},"author":1,"featured_media":0,"parent":0,"menu_order":0,"comment_status":"closed","ping_status":"closed","template":"essential-blocks-fullwidth-template.php","meta":{"_eb_attr":"","_monsterinsights_skip_tracking":false,"_monsterinsights_sitenote_active":false,"_monsterinsights_sitenote_note":"","_monsterinsights_sitenote_category":0,"_joinchat":[],"footnotes":""},"class_list":["post-3691","page","type-page","status-publish","hentry"],"blocksy_meta":[],"aioseo_notices":[],"featured_image_urls":{"full":"","thumbnail":"","medium":"","medium_large":"","large":"","1536x1536":"","2048x2048":"","wpzoom-rcb-block-header":"","wpzoom-rcb-block-header-square":"","wpzoom-rcb-block-step-image":"","wpzoom-rcb-structured-data-1_1":"","wpzoom-rcb-structured-data-4_3":"","wpzoom-rcb-structured-data-16_9":"","woocommerce_archive_thumbnail":"","woocommerce_thumbnail":"","woocommerce_single":"","woocommerce_gallery_thumbnail":""},"post_excerpt_stackable":"<p>Retiro de Lunar Procedimiento que se realiza bajo anestesia local, es de corta duraci\u00f3n y tiene una pronta recuperaci\u00f3n permitiendo regresar a sus labores casi inmediatamente. Tiene una duraci\u00f3n de 30 minutos en el cual se prepara el paciente, se aplica anest\u00e9sico local inyectado, se retira el lunar de manera quir\u00fargica y se procede a suturar de la manera m\u00e1s est\u00e9tica. Hacer Cita<\/p>\n","category_list":"","author_info":{"name":"skinpechderma.com","url":"https:\/\/skinpechderma.com\/index.php\/author\/skinpechderma-com\/"},"comments_num":"0 comments","_links":{"self":[{"href":"https:\/\/skinpechderma.com\/index.php\/wp-json\/wp\/v2\/pages\/3691"}],"collection":[{"href":"https:\/\/skinpechderma.com\/index.php\/wp-json\/wp\/v2\/pages"}],"about":[{"href":"https:\/\/skinpechderma.com\/index.php\/wp-json\/wp\/v2\/types\/page"}],"author":[{"embeddable":true,"href":"https:\/\/skinpechderma.com\/index.php\/wp-json\/wp\/v2\/users\/1"}],"replies":[{"embeddable":true,"href":"https:\/\/skinpechderma.com\/index.php\/wp-json\/wp\/v2\/comments?post=3691"}],"version-history":[{"count":2,"href":"https:\/\/skinpechderma.com\/index.php\/wp-json\/wp\/v2\/pages\/3691\/revisions"}],"predecessor-version":[{"id":3699,"href":"https:\/\/skinpechderma.com\/index.php\/wp-json\/wp\/v2\/pages\/3691\/revisions\/3699"}],"wp:attachment":[{"href":"https:\/\/skinpechderma.com\/index.php\/wp-json\/wp\/v2\/media?parent=3691"}],"curies":[{"name":"wp","href":"https:\/\/api.w.org\/{rel}","templated":true}]}}