{"id":3592,"date":"2024-03-07T16:37:45","date_gmt":"2024-03-07T16:37:45","guid":{"rendered":"https:\/\/skinpechderma.com\/?page_id=3592"},"modified":"2024-03-07T16:52:11","modified_gmt":"2024-03-07T16:52:11","slug":"depilcion-laser-diodo","status":"publish","type":"page","link":"https:\/\/skinpechderma.com\/index.php\/depilcion-laser-diodo\/","title":{"rendered":"Depilaci\u00f3n laser DIODO"},"content":{"rendered":"\n<p><\/p>\n\n\n\n<div class=\"wp-block-stackable-heading stk-block-heading stk-block-heading--v2 stk-block stk-dc878e2\" id=\"depilacion-laser-diodo\" data-block-id=\"dc878e2\"><style>.stk-dc878e2{margin-bottom:16px !important}<\/style><h2 class=\"stk-block-heading__text has-text-align-center\">Depilaci\u00f3n laser Diodo<\/h2><\/div>\n\n\n\n<p><\/p>\n\n\n\n<div class=\"wp-block-stackable-feature alignfull stk-block-feature stk-block stk-cef87f5 is-style-horizontal\" data-v=\"2\" data-block-id=\"cef87f5\"><div class=\"stk-content-align stk-cef87f5-column alignwide stk-container stk-cef87f5-container stk--no-background stk--no-padding\"><div class=\"stk-inner-blocks stk-block-content stk-row\">\n<div class=\"wp-block-stackable-column stk-block-column stk-column stk-block stk-61ade93\" data-v=\"4\" data-block-id=\"61ade93\"><style>.stk-61ade93{align-self:center !important;border-top-left-radius:15px !important;border-top-right-radius:15px !important;border-bottom-right-radius:15px !important;border-bottom-left-radius:15px !important;overflow:hidden !important;box-shadow:0 5px 30px -10px rgba(18,63,82,0.3) !important;border-style:solid !important;border-color:#8ed1fc !important;border-top-width:2px !important;border-right-width:2px !important;border-bottom-width:2px !important;border-left-width:2px !important}<\/style><div class=\"stk-column-wrapper stk-block-column__content stk-container stk-61ade93-container stk--no-background stk--no-padding\"><div class=\"stk-block-content stk-inner-blocks stk-61ade93-inner-blocks\">\n<div class=\"wp-block-stackable-columns stk-block-columns stk-block stk-c394e2b\" data-block-id=\"c394e2b\"><div class=\"stk-row stk-inner-blocks stk-block-content stk-content-align stk-c394e2b-column\">\n<div class=\"wp-block-stackable-column stk-block-column stk-column stk-block stk-d5ce2c8\" data-v=\"4\" data-block-id=\"d5ce2c8\"><div class=\"stk-column-wrapper stk-block-column__content stk-container stk-d5ce2c8-container stk--no-background stk--no-padding\"><div class=\"stk-block-content stk-inner-blocks stk-d5ce2c8-inner-blocks\">\n<div class=\"wp-block-stackable-heading stk-block-heading stk-block-heading--v2 stk-block stk-3a82bdf\" id=\"no-importa-cual-sea-tu-tipo-de-piel-el-laser-de-diodo-medio-star-next-es-seguro-y-efectivo-desde-pieles-claras-hasta-pieles-mas-oscuras-nuestro-tratamiento-esta-disenado-para-todos-ademas-es-igualmente-eficaz-en-cualquier-zona-del-cuerpo-desde-el-rostro-hasta-las-piernas-y-es-apto-para-ambos-sexos\" data-block-id=\"3a82bdf\"><style>.stk-3a82bdf{margin-bottom:21px !important}.stk-3a82bdf .stk-block-heading__text{font-size:18px !important}@media screen and (max-width:1023px){.stk-3a82bdf .stk-block-heading__text{font-size:18px !important}}<\/style><h5 class=\"stk-block-heading__text\">No importa cu\u00e1l sea tu tipo de piel, el l\u00e1ser de diodo MedioStar Next es seguro y efectivo. Desde pieles claras hasta pieles m\u00e1s oscuras, nuestro tratamiento est\u00e1 dise\u00f1ado para todos. Adem\u00e1s, es igualmente eficaz en cualquier zona del cuerpo, desde el rostro hasta las piernas, y es apto para ambos sexos.<\/h5><\/div>\n\n\n\n<div class=\"wp-block-stackable-text stk-block-text stk-block stk-2aec5f6\" data-block-id=\"2aec5f6\"><style>.stk-2aec5f6{margin-bottom:0px !important}<\/style><p class=\"stk-block-text__text\"><strong>Beneficios:<\/strong> <\/p><\/div>\n\n\n\n<ul class=\"wp-block-list\">\n<li>Mejora la textura y el tono de la piel<\/li>\n\n\n\n<li>Tratamiento para foliculitis y soluci\u00f3n a los vellos encarnados.<\/li>\n\n\n\n<li>Blanqueamiento de las zonas afectadas por otros metodos de depilaci\u00f3n.<\/li>\n\n\n\n<li>Ahorra tiempo y dinero en el afeitado.<\/li>\n<\/ul>\n\n\n\n<div class=\"wp-block-stackable-text stk-block-text stk-block stk-09205de\" data-block-id=\"09205de\"><style>.stk-09205de{margin-bottom:15px !important}<\/style><p class=\"stk-block-text__text\"><strong>\u00bfComo funciona?<\/strong><br>La luz l\u00e1ser de diodo MedioStar Next combina dos longitudes de onda que penetran en la piel, la energ\u00eda es absorbida por los pigmentos de melanina contenidos en el vello. La energ\u00eda lum\u00ednica se transforma en calor da\u00f1ando las c\u00e9lulas responsables del crecimiento del vello.<br><\/p><\/div>\n\n\n\n<div class=\"wp-block-stackable-text stk-block-text stk-block stk-9272155\" data-block-id=\"9272155\"><style>.stk-9272155{margin-bottom:16px !important}<\/style><p class=\"stk-block-text__text\"><strong>\u00bfCu\u00e1ntas sesiones se necesita?<\/strong><br>Resultados desde la 2\u00aa sesi\u00f3n, en general se sugieren una serie de 9 sesiones para completar el tratamiento. Los cambios hormonales pueden influir en la eficacia del tratamiento l\u00e1ser y hacer que se requieran sesiones de retoque adicional.<br><\/p><\/div>\n\n\n\n<div class=\"wp-block-stackable-text stk-block-text stk-block stk-2dd1af6\" data-block-id=\"2dd1af6\"><style>.stk-2dd1af6{margin-bottom:16px !important}<\/style><p class=\"stk-block-text__text\"><strong>\u00bfQu\u00e9 se siente?<\/strong><br>Depende de la sensibilidad de cada persona, pero gracias a su potente sistema de refrigeraci\u00f3n integrada y moderna tecnolog\u00eda smooth pulse de depilaci\u00f3n en movimiento permite que el tratamiento sea muy seguro y c\u00f3modo.<br><\/p><\/div>\n\n\n\n<div class=\"wp-block-stackable-text stk-block-text stk-block stk-97eae1a\" data-block-id=\"97eae1a\"><style>.stk-97eae1a{margin-bottom:0px !important}<\/style><p class=\"stk-block-text__text\"><strong>Cuidados Posteriores<\/strong><br>Despu\u00e9s del tratamiento se puede continuar con sus actividades habituales. Se sugiere utilizar crema sin aroma o un gel de aloe vera despu\u00e9s de la sesi\u00f3n y usar protector solar en las \u00e1reas expuestas al sol.<\/p><\/div>\n<\/div><\/div><\/div>\n<\/div><\/div>\n\n\n\n<div class=\"wp-block-stackable-button-group stk-block-button-group stk-block stk-b5cad4c\" data-block-id=\"b5cad4c\"><div class=\"stk-row stk-inner-blocks stk-block-content stk-button-group\">\n<div class=\"wp-block-stackable-button stk-block-button stk-block stk-939646b\" data-block-id=\"939646b\"><style>.stk-939646b .stk-button{background:var(--theme-palette-color-2,#4928cf) !important}.stk-939646b .stk-button__inner-text{color:var(--theme-palette-color-8,#ffffff) !important}<\/style><a class=\"stk-link stk-button stk--hover-effect-darken\" href=\"https:\/\/skinpechderma.com\/index.php\/contact\/\" target=\"_blank\" rel=\"noreferrer noopener\"><span class=\"has-text-color stk-button__inner-text\">Hacer Cita<\/span><\/a><\/div>\n<\/div><\/div>\n<\/div><\/div><\/div>\n\n\n\n<div class=\"wp-block-stackable-column stk-block-column stk-column stk-block stk-2b8eb37\" data-v=\"4\" data-block-id=\"2b8eb37\"><style>.stk-2b8eb37{align-self:center !important}<\/style><div class=\"stk-column-wrapper stk-block-column__content stk-container stk-2b8eb37-container stk--no-background stk--no-padding\"><div class=\"stk-block-content stk-inner-blocks stk-2b8eb37-inner-blocks\">\n<div class=\"wp-block-stackable-image stk-block-image stk-block stk-a186ffa\" data-block-id=\"a186ffa\"><style>.stk-a186ffa .stk-img-wrapper{width:100% !important;height:519px !important;--stk-gradient-overlay:0 !important}.stk-a186ffa .stk-img-wrapper img{transform:scale(1) !important}:where(.stk-hover-parent:hover,.stk-hover-parent.stk--is-hovered) .stk-a186ffa .stk-img-wrapper img{transform:scale(1.1) !important}.stk-a186ffa .stk-img-wrapper::after{background-color:#202c2c !important}:where(.stk-hover-parent:hover,.stk-hover-parent.stk--is-hovered) .stk-a186ffa .stk-img-wrapper::after{background-color:#202c2c !important}.stk-a186ffa .stk-img-wrapper::before{--stk-gradient-overlay:0.7 !important}:where(.stk-hover-parent:hover,.stk-hover-parent.stk--is-hovered) .stk-a186ffa .stk-img-wrapper{--stk-gradient-overlay:0.8 !important}<\/style><figure><span class=\"stk-img-wrapper stk-image--shape-stretch\"><img loading=\"lazy\" decoding=\"async\" class=\"stk-img wp-image-3589\" src=\"https:\/\/skinpechderma.com\/wp-content\/uploads\/2024\/03\/depilacion-laser-diodo.jpeg\" width=\"960\" height=\"685\" srcset=\"https:\/\/skinpechderma.com\/wp-content\/uploads\/2024\/03\/depilacion-laser-diodo.jpeg 960w, https:\/\/skinpechderma.com\/wp-content\/uploads\/2024\/03\/depilacion-laser-diodo-300x214.jpeg 300w, https:\/\/skinpechderma.com\/wp-content\/uploads\/2024\/03\/depilacion-laser-diodo-768x548.jpeg 768w, https:\/\/skinpechderma.com\/wp-content\/uploads\/2024\/03\/depilacion-laser-diodo-750x535.jpeg 750w, https:\/\/skinpechderma.com\/wp-content\/uploads\/2024\/03\/depilacion-laser-diodo-500x357.jpeg 500w, https:\/\/skinpechderma.com\/wp-content\/uploads\/2024\/03\/depilacion-laser-diodo-600x428.jpeg 600w\" sizes=\"(max-width: 960px) 100vw, 960px\" \/><\/span><\/figure><\/div>\n<\/div><\/div><\/div>\n<\/div><\/div><\/div>\n\n\n\n<div class=\"wp-block-stackable-text stk-block-text stk-block stk-a79b1cb\" data-block-id=\"a79b1cb\"><p class=\"stk-block-text__text\"><\/p><\/div>\n","protected":false},"excerpt":{"rendered":"<p>Depilaci\u00f3n laser Diodo No importa cu\u00e1l sea tu tipo de piel, el l\u00e1ser de diodo MedioStar Next es seguro y efectivo. Desde pieles claras hasta pieles m\u00e1s oscuras, nuestro tratamiento est\u00e1 dise\u00f1ado para todos. Adem\u00e1s, es igualmente eficaz en cualquier zona del cuerpo, desde el rostro hasta las piernas, y es apto para ambos sexos. [&hellip;]<\/p>\n","protected":false},"author":1,"featured_media":0,"parent":0,"menu_order":0,"comment_status":"closed","ping_status":"closed","template":"essential-blocks-fullwidth-template.php","meta":{"_eb_attr":"","_monsterinsights_skip_tracking":false,"_monsterinsights_sitenote_active":false,"_monsterinsights_sitenote_note":"","_monsterinsights_sitenote_category":0,"_joinchat":[],"footnotes":""},"class_list":["post-3592","page","type-page","status-publish","hentry"],"blocksy_meta":[],"aioseo_notices":[],"featured_image_urls":{"full":"","thumbnail":"","medium":"","medium_large":"","large":"","1536x1536":"","2048x2048":"","wpzoom-rcb-block-header":"","wpzoom-rcb-block-header-square":"","wpzoom-rcb-block-step-image":"","wpzoom-rcb-structured-data-1_1":"","wpzoom-rcb-structured-data-4_3":"","wpzoom-rcb-structured-data-16_9":"","woocommerce_archive_thumbnail":"","woocommerce_thumbnail":"","woocommerce_single":"","woocommerce_gallery_thumbnail":""},"post_excerpt_stackable":"<p>Depilaci\u00f3n laser Diodo No importa cu\u00e1l sea tu tipo de piel, el l\u00e1ser de diodo MedioStar Next es seguro y efectivo. Desde pieles claras hasta pieles m\u00e1s oscuras, nuestro tratamiento est\u00e1 dise\u00f1ado para todos. Adem\u00e1s, es igualmente eficaz en cualquier zona del cuerpo, desde el rostro hasta las piernas, y es apto para ambos sexos. Beneficios: Mejora la textura y el tono de la piel Tratamiento para foliculitis y soluci\u00f3n a los vellos encarnados. Blanqueamiento de las zonas afectadas por otros metodos de depilaci\u00f3n. Ahorra tiempo y dinero en el afeitado. \u00bfComo funciona?La luz l\u00e1ser de diodo MedioStar Next combina&hellip;<\/p>\n","category_list":"","author_info":{"name":"skinpechderma.com","url":"https:\/\/skinpechderma.com\/index.php\/author\/skinpechderma-com\/"},"comments_num":"0 comments","_links":{"self":[{"href":"https:\/\/skinpechderma.com\/index.php\/wp-json\/wp\/v2\/pages\/3592"}],"collection":[{"href":"https:\/\/skinpechderma.com\/index.php\/wp-json\/wp\/v2\/pages"}],"about":[{"href":"https:\/\/skinpechderma.com\/index.php\/wp-json\/wp\/v2\/types\/page"}],"author":[{"embeddable":true,"href":"https:\/\/skinpechderma.com\/index.php\/wp-json\/wp\/v2\/users\/1"}],"replies":[{"embeddable":true,"href":"https:\/\/skinpechderma.com\/index.php\/wp-json\/wp\/v2\/comments?post=3592"}],"version-history":[{"count":9,"href":"https:\/\/skinpechderma.com\/index.php\/wp-json\/wp\/v2\/pages\/3592\/revisions"}],"predecessor-version":[{"id":3608,"href":"https:\/\/skinpechderma.com\/index.php\/wp-json\/wp\/v2\/pages\/3592\/revisions\/3608"}],"wp:attachment":[{"href":"https:\/\/skinpechderma.com\/index.php\/wp-json\/wp\/v2\/media?parent=3592"}],"curies":[{"name":"wp","href":"https:\/\/api.w.org\/{rel}","templated":true}]}}