{"id":3533,"date":"2024-03-07T14:40:43","date_gmt":"2024-03-07T14:40:43","guid":{"rendered":"https:\/\/skinpechderma.com\/?page_id=3533"},"modified":"2024-03-09T17:20:39","modified_gmt":"2024-03-09T17:20:39","slug":"hongo-en-unas","status":"publish","type":"page","link":"https:\/\/skinpechderma.com\/index.php\/hongo-en-unas\/","title":{"rendered":"Tratamientos en u\u00f1as"},"content":{"rendered":"\n<div class=\"wp-block-stackable-text stk-block-text stk-block stk-5f2d1f8 stk-block-background stk--has-background-overlay\" data-block-id=\"5f2d1f8\"><style>.stk-5f2d1f8{background-color:linear-gradient(45deg,rgb(82,73,162) 0%,rgb(51,208,225) 100%) !important;margin-bottom:0px !important}.stk-5f2d1f8:before{background-image:linear-gradient(45deg,rgb(82,73,162) 0%,rgb(51,208,225) 100%) !important}.stk-5f2d1f8 .stk-block-text__text{font-size:27px !important;color:var(--theme-palette-color-7,#FBFBFC) !important;font-family:\"Poppins\",Sans-serif !important}@media screen and (max-width:1023px){.stk-5f2d1f8 .stk-block-text__text{font-size:27px !important}}@media screen and (max-width:767px){.stk-5f2d1f8{margin-bottom:24px !important}}<\/style><p class=\"stk-block-text__text has-text-color has-text-align-center\"><strong>Tratamientos en u\u00f1as<\/strong><\/p><\/div>\n\n\n\n<div class=\"wp-block-group alignwide has-text-color has-background is-layout-flow wp-block-group-is-layout-flow\" style=\"color:#000000;background-color:#ffffff\">\n<div class=\"wp-block-stackable-columns alignwide stk-block-columns stk-block stk-d80283c\" data-block-id=\"d80283c\"><style>.stk-d80283c{align-items:center !important;padding-top:0px !important;padding-right:0px !important;padding-bottom:0px !important;margin-top:20px !important;margin-bottom:-65px !important;display:flex !important}.stk-d80283c-column{--stk-column-gap:21px !important}@media screen and (max-width:1023px){.stk-d80283c{margin-bottom:35px !important}}<\/style><div class=\"stk-row stk-inner-blocks stk-block-content stk-content-align stk-d80283c-column alignwide\">\n<div class=\"wp-block-stackable-column stk-block-column stk-column stk-block stk-3aabefa stk-block-background animated fadeInLeft slower stk--has-background-overlay\" data-v=\"4\" data-block-id=\"3aabefa\"><style>.stk-3aabefa-container{margin-top:0px !important;margin-right:0px !important;margin-bottom:0px !important;margin-left:0px !important;min-height:0px !important;max-width:0px !important;padding-top:0px !important;padding-right:0px !important;padding-bottom:0px !important;padding-left:0px !important}.stk-3aabefa{align-self:center !important;background-color:transparent !important;background-position:center center !important;background-repeat:no-repeat !important;background-size:250px !important;border-top-left-radius:30px !important;border-top-right-radius:30px !important;border-bottom-right-radius:30px !important;border-bottom-left-radius:30px !important;overflow:hidden !important;box-shadow:7px 5px 30px rgba(72,73,121,0.15) !important;min-height:0px !important;align-items:center !important;padding-top:0px !important;padding-right:0px !important;padding-bottom:0px !important;padding-left:0px !important;margin-bottom:107px !important;display:flex !important}.stk-3aabefa-inner-blocks{justify-content:center !important;row-gap:0px !important}.stk-3aabefa:before{background-image:linear-gradient(90deg,0%,rgba(0,0,0,0) 100%) !important}@media screen and (max-width:1023px){.stk-3aabefa{padding-top:10px !important;padding-right:10px !important;padding-bottom:10px !important;padding-left:10px !important}}@media screen and (max-width:767px){.stk-3aabefa{padding-top:0px !important;padding-right:0px !important;padding-bottom:0px !important;padding-left:0px !important}}<\/style><div class=\"stk-column-wrapper stk-block-column__content stk-container stk-3aabefa-container stk--no-background stk--no-padding\"><div class=\"stk--column-flex stk-block-content stk-inner-blocks stk-3aabefa-inner-blocks\">\n<div class=\"wp-block-stackable-image-box stk-block-image-box stk-hover-parent stk-block stk-33432a3\" data-block-id=\"33432a3\"><div class=\"stk-block-content stk-inner-blocks has-text-align-center stk-row stk-block-image-box__content\">\n<div class=\"wp-block-stackable-image stk-block-image stk-block stk-67e2862\" data-block-id=\"67e2862\"><style>.stk-67e2862{max-width:225px !important;margin-top:-50px !important;margin-right:auto !important;margin-bottom:0px !important;margin-left:auto !important}.stk-67e2862 .stk-img-wrapper{width:350px !important;height:433px !important;filter:drop-shadow(none) !important;--stk-gradient-overlay:0.2 !important}.stk-67e2862 .stk-img-wrapper img{transform:scale(1.16) !important;object-position:52% 49% !important}.stk-67e2862 .stk-img-wrapper::after{background-image:linear-gradient(to right,#ff8177 0%,#ff867a 0%,#ff8c7f 21%,#f99185 52%,#cf556c 78%,#b12a5b 100%) !important}<\/style><figure><span class=\"stk-img-wrapper stk-image--shape-stretch stk--shadow-none\"><img loading=\"lazy\" decoding=\"async\" class=\"stk-img wp-image-1799\" src=\"https:\/\/skinpechderma.com\/wp-content\/uploads\/2023\/12\/close-up-of-a-leg-with-a-fungus-on-nails-on-a-wood-2023-03-22-14-32-13-utc-scaled-1.webp\" width=\"2560\" height=\"1490\" srcset=\"https:\/\/skinpechderma.com\/wp-content\/uploads\/2023\/12\/close-up-of-a-leg-with-a-fungus-on-nails-on-a-wood-2023-03-22-14-32-13-utc-scaled-1.webp 2560w, https:\/\/skinpechderma.com\/wp-content\/uploads\/2023\/12\/close-up-of-a-leg-with-a-fungus-on-nails-on-a-wood-2023-03-22-14-32-13-utc-scaled-1-600x349.webp 600w, https:\/\/skinpechderma.com\/wp-content\/uploads\/2023\/12\/close-up-of-a-leg-with-a-fungus-on-nails-on-a-wood-2023-03-22-14-32-13-utc-scaled-1-500x291.webp 500w, https:\/\/skinpechderma.com\/wp-content\/uploads\/2023\/12\/close-up-of-a-leg-with-a-fungus-on-nails-on-a-wood-2023-03-22-14-32-13-utc-scaled-1-300x175.webp 300w, https:\/\/skinpechderma.com\/wp-content\/uploads\/2023\/12\/close-up-of-a-leg-with-a-fungus-on-nails-on-a-wood-2023-03-22-14-32-13-utc-scaled-1-1024x596.webp 1024w, https:\/\/skinpechderma.com\/wp-content\/uploads\/2023\/12\/close-up-of-a-leg-with-a-fungus-on-nails-on-a-wood-2023-03-22-14-32-13-utc-scaled-1-768x447.webp 768w, https:\/\/skinpechderma.com\/wp-content\/uploads\/2023\/12\/close-up-of-a-leg-with-a-fungus-on-nails-on-a-wood-2023-03-22-14-32-13-utc-scaled-1-1536x894.webp 1536w, https:\/\/skinpechderma.com\/wp-content\/uploads\/2023\/12\/close-up-of-a-leg-with-a-fungus-on-nails-on-a-wood-2023-03-22-14-32-13-utc-scaled-1-2048x1192.webp 2048w\" sizes=\"(max-width: 2560px) 100vw, 2560px\" \/><\/span><\/figure><\/div>\n\n\n\n<div class=\"wp-block-stackable-column stk-block-column stk-column stk-block stk-2fe128f\" data-v=\"4\" data-block-id=\"2fe128f\"><style>.stk-2fe128f{align-items:center !important;display:flex !important}<\/style><div class=\"stk-column-wrapper stk-block-column__content stk-container stk-2fe128f-container stk--no-background stk--no-padding\"><div class=\"stk-block-content stk-inner-blocks stk-2fe128f-inner-blocks\">\n<div class=\"wp-block-buttons is-vertical is-content-justification-center is-nowrap is-layout-flex wp-container-core-buttons-is-layout-1 wp-block-buttons-is-layout-flex\">\n<div class=\"wp-block-button\"><a class=\"wp-block-button__link has-text-align-center wp-element-button\" href=\"https:\/\/skinpechderma.com\/index.php\/hongos-en-las-unas\/\">Hongo en las u\u00f1as<\/a><\/div>\n<\/div>\n<\/div><\/div><\/div>\n<\/div><\/div>\n<\/div><\/div><\/div>\n\n\n\n<div class=\"wp-block-stackable-column stk-block-column stk-column stk-block stk-3f1de9e stk-block-background animated fadeInLeft slower stk--has-background-overlay\" data-v=\"4\" data-block-id=\"3f1de9e\"><style>.stk-3f1de9e-container{margin-top:0px !important;margin-right:0px !important;margin-bottom:0px !important;margin-left:0px !important;min-height:0px !important;max-width:0px !important;padding-top:0px !important;padding-right:0px !important;padding-bottom:0px !important;padding-left:0px !important}.stk-3f1de9e{align-self:center !important;background-color:transparent !important;background-position:center center !important;background-repeat:no-repeat !important;background-size:250px !important;border-top-left-radius:30px !important;border-top-right-radius:30px !important;border-bottom-right-radius:30px !important;border-bottom-left-radius:30px !important;overflow:hidden !important;box-shadow:7px 5px 30px rgba(72,73,121,0.15) !important;min-height:0px !important;align-items:center !important;padding-top:0px !important;padding-right:0px !important;padding-bottom:0px !important;padding-left:0px !important;margin-bottom:107px !important;display:flex !important}.stk-3f1de9e-inner-blocks{justify-content:center !important;row-gap:0px !important}.stk-3f1de9e:before{background-image:linear-gradient(90deg,0%,rgba(0,0,0,0) 100%) !important}@media screen and (max-width:1023px){.stk-3f1de9e{padding-top:10px !important;padding-right:10px !important;padding-bottom:10px !important;padding-left:10px !important}}@media screen and (max-width:767px){.stk-3f1de9e{padding-top:0px !important;padding-right:0px !important;padding-bottom:0px !important;padding-left:0px !important}}<\/style><div class=\"stk-column-wrapper stk-block-column__content stk-container stk-3f1de9e-container stk--no-background stk--no-padding\"><div class=\"stk--column-flex stk-block-content stk-inner-blocks stk-3f1de9e-inner-blocks\">\n<div class=\"wp-block-stackable-image-box stk-block-image-box stk-hover-parent stk-block stk-66348ac\" data-block-id=\"66348ac\"><div class=\"stk-block-content stk-inner-blocks has-text-align-center stk-row stk-block-image-box__content\">\n<div class=\"wp-block-stackable-image stk-block-image stk-block stk-2ba42e6\" data-block-id=\"2ba42e6\"><style>.stk-2ba42e6{max-width:225px !important;margin-top:-50px !important;margin-right:auto !important;margin-bottom:0px !important;margin-left:auto !important}.stk-2ba42e6 .stk-img-wrapper{width:350px !important;height:433px !important;filter:drop-shadow(none) !important;--stk-gradient-overlay:0.2 !important}.stk-2ba42e6 .stk-img-wrapper img{transform:scale(1.23) !important;object-position:23% 51% !important}.stk-2ba42e6 .stk-img-wrapper::after{background-image:linear-gradient(to right,#ff8177 0%,#ff867a 0%,#ff8c7f 21%,#f99185 52%,#cf556c 78%,#b12a5b 100%) !important}<\/style><figure><span class=\"stk-img-wrapper stk-image--shape-stretch stk--shadow-none\"><img loading=\"lazy\" decoding=\"async\" class=\"stk-img wp-image-3763\" src=\"https:\/\/skinpechderma.com\/wp-content\/uploads\/2024\/03\/17_UNAS-ENCARNADAS.png\" width=\"905\" height=\"900\" srcset=\"https:\/\/skinpechderma.com\/wp-content\/uploads\/2024\/03\/17_UNAS-ENCARNADAS.png 905w, https:\/\/skinpechderma.com\/wp-content\/uploads\/2024\/03\/17_UNAS-ENCARNADAS-300x298.png 300w, https:\/\/skinpechderma.com\/wp-content\/uploads\/2024\/03\/17_UNAS-ENCARNADAS-150x150.png 150w, https:\/\/skinpechderma.com\/wp-content\/uploads\/2024\/03\/17_UNAS-ENCARNADAS-768x764.png 768w, https:\/\/skinpechderma.com\/wp-content\/uploads\/2024\/03\/17_UNAS-ENCARNADAS-750x746.png 750w, https:\/\/skinpechderma.com\/wp-content\/uploads\/2024\/03\/17_UNAS-ENCARNADAS-500x497.png 500w, https:\/\/skinpechderma.com\/wp-content\/uploads\/2024\/03\/17_UNAS-ENCARNADAS-600x597.png 600w, https:\/\/skinpechderma.com\/wp-content\/uploads\/2024\/03\/17_UNAS-ENCARNADAS-100x100.png 100w\" sizes=\"(max-width: 905px) 100vw, 905px\" \/><\/span><\/figure><\/div>\n\n\n\n<div class=\"wp-block-stackable-column stk-block-column stk-column stk-block stk-f1d2941\" data-v=\"4\" data-block-id=\"f1d2941\"><style>.stk-f1d2941{align-items:center !important;display:flex !important}<\/style><div class=\"stk-column-wrapper stk-block-column__content stk-container stk-f1d2941-container stk--no-background stk--no-padding\"><div class=\"stk-block-content stk-inner-blocks stk-f1d2941-inner-blocks\">\n<div class=\"wp-block-buttons is-vertical is-content-justification-center is-nowrap is-layout-flex wp-container-core-buttons-is-layout-2 wp-block-buttons-is-layout-flex\">\n<div class=\"wp-block-button\"><a class=\"wp-block-button__link has-text-align-center wp-element-button\" href=\"https:\/\/skinpechderma.com\/index.php\/matricectomia\/\">Matricectom\u00eda<\/a><\/div>\n<\/div>\n<\/div><\/div><\/div>\n<\/div><\/div>\n<\/div><\/div><\/div>\n\n\n\n<div class=\"wp-block-stackable-column stk-block-column stk-column stk-block stk-ac1f0d2 stk-block-background animated fadeInLeft slower stk--has-background-overlay\" data-v=\"4\" data-block-id=\"ac1f0d2\"><style>.stk-ac1f0d2-container{margin-top:0px !important;margin-right:0px !important;margin-bottom:0px !important;margin-left:0px !important;min-height:0px !important;max-width:0px !important;padding-top:0px !important;padding-right:0px !important;padding-bottom:0px !important;padding-left:0px !important}.stk-ac1f0d2{align-self:center !important;background-color:transparent !important;background-position:center center !important;background-repeat:no-repeat !important;background-size:250px !important;border-top-left-radius:30px !important;border-top-right-radius:30px !important;border-bottom-right-radius:30px !important;border-bottom-left-radius:30px !important;overflow:hidden !important;box-shadow:none !important;min-height:0px !important;align-items:center !important;padding-top:0px !important;padding-right:0px !important;padding-bottom:0px !important;padding-left:0px !important;margin-bottom:107px !important;display:flex !important}.stk-ac1f0d2-inner-blocks{justify-content:center !important;row-gap:0px !important}.stk-ac1f0d2:before{background-image:linear-gradient(90deg,0%,rgba(0,0,0,0) 100%) !important}@media screen and (max-width:1023px){.stk-ac1f0d2{padding-top:10px !important;padding-right:10px !important;padding-bottom:10px !important;padding-left:10px !important}}@media screen and (max-width:767px){.stk-ac1f0d2{padding-top:0px !important;padding-right:0px !important;padding-bottom:0px !important;padding-left:0px !important}}<\/style><div class=\"stk-column-wrapper stk-block-column__content stk-container stk-ac1f0d2-container stk--no-background stk--no-padding\"><div class=\"stk--column-flex stk-block-content stk-inner-blocks stk-ac1f0d2-inner-blocks\">\n<div class=\"wp-block-stackable-image-box stk-block-image-box stk-hover-parent stk-block stk-5a9c11e\" data-block-id=\"5a9c11e\"><div class=\"stk-block-content stk-inner-blocks has-text-align-center stk-row stk-block-image-box__content\">\n<div class=\"wp-block-stackable-image stk-block-image stk-block stk-ef0c39d\" data-block-id=\"ef0c39d\"><style>.stk-ef0c39d{max-width:225px !important;margin-top:-50px !important;margin-right:auto !important;margin-bottom:0px !important;margin-left:auto !important}.stk-ef0c39d .stk-img-wrapper{width:341px !important;height:433px !important;filter:drop-shadow(none) !important;--stk-gradient-overlay:0 !important}.stk-ef0c39d .stk-img-wrapper img{transform:scale(1.03) !important;object-position:70% 49% !important}.stk-ef0c39d .stk-img-wrapper::after{background-image:linear-gradient(to right,#ff8177 0%,#ff867a 0%,#ff8c7f 21%,#f99185 52%,#cf556c 78%,#b12a5b 100%) !important}<\/style><figure><span class=\"stk-img-wrapper stk-image--shape-stretch stk--shadow-none\"><img loading=\"lazy\" decoding=\"async\" class=\"stk-img wp-image-3095\" src=\"https:\/\/skinpechderma.com\/wp-content\/uploads\/2024\/02\/93b5f9913d2e4316cd6e541c67b9aed0.jpeg\" width=\"550\" height=\"977\" srcset=\"https:\/\/skinpechderma.com\/wp-content\/uploads\/2024\/02\/93b5f9913d2e4316cd6e541c67b9aed0.jpeg 550w, https:\/\/skinpechderma.com\/wp-content\/uploads\/2024\/02\/93b5f9913d2e4316cd6e541c67b9aed0-169x300.jpeg 169w, https:\/\/skinpechderma.com\/wp-content\/uploads\/2024\/02\/93b5f9913d2e4316cd6e541c67b9aed0-500x888.jpeg 500w\" sizes=\"(max-width: 550px) 100vw, 550px\" \/><\/span><\/figure><\/div>\n\n\n\n<div class=\"wp-block-stackable-column stk-block-column stk-column stk-block stk-23c6873\" data-v=\"4\" data-block-id=\"23c6873\"><style>.stk-23c6873{align-items:center !important;display:flex !important}<\/style><div class=\"stk-column-wrapper stk-block-column__content stk-container stk-23c6873-container stk--no-background stk--no-padding\"><div class=\"stk-block-content stk-inner-blocks stk-23c6873-inner-blocks\">\n<div class=\"wp-block-buttons is-vertical is-content-justification-center is-nowrap is-layout-flex wp-container-core-buttons-is-layout-3 wp-block-buttons-is-layout-flex\"><\/div>\n<\/div><\/div><\/div>\n<\/div><\/div>\n<\/div><\/div><\/div>\n\n\n\n<div class=\"wp-block-stackable-column stk-block-column stk-column stk-block stk-964412f stk-block-background animated fadeInLeft slower stk--has-background-overlay\" data-v=\"4\" data-block-id=\"964412f\"><style>.stk-964412f-container{margin-top:0px !important;margin-right:0px !important;margin-bottom:0px !important;margin-left:0px !important;min-height:0px !important;max-width:0px !important;padding-top:0px !important;padding-right:0px !important;padding-bottom:0px !important;padding-left:0px !important}.stk-964412f{align-self:center !important;background-color:transparent !important;background-position:center center !important;background-repeat:no-repeat !important;background-size:250px !important;border-top-left-radius:30px !important;border-top-right-radius:30px !important;border-bottom-right-radius:30px !important;border-bottom-left-radius:30px !important;overflow:hidden !important;box-shadow:none !important;min-height:0px !important;align-items:center !important;padding-top:0px !important;padding-right:0px !important;padding-bottom:0px !important;padding-left:0px !important;margin-bottom:107px !important;display:flex !important}.stk-964412f-inner-blocks{justify-content:center !important;row-gap:0px !important}.stk-964412f:before{background-image:linear-gradient(90deg,0%,rgba(0,0,0,0) 100%) !important}@media screen and (max-width:1023px){.stk-964412f{padding-top:10px !important;padding-right:10px !important;padding-bottom:10px !important;padding-left:10px !important}}@media screen and (max-width:767px){.stk-964412f{padding-top:0px !important;padding-right:0px !important;padding-bottom:0px !important;padding-left:0px !important}}<\/style><div class=\"stk-column-wrapper stk-block-column__content stk-container stk-964412f-container stk--no-background stk--no-padding\"><div class=\"stk--column-flex stk-block-content stk-inner-blocks stk-964412f-inner-blocks\">\n<div class=\"wp-block-stackable-image-box stk-block-image-box stk-hover-parent stk-block stk-d41901d\" data-block-id=\"d41901d\"><div class=\"stk-block-content stk-inner-blocks has-text-align-center stk-row stk-block-image-box__content\">\n<div class=\"wp-block-stackable-image stk-block-image stk-block stk-b9d85ee\" data-block-id=\"b9d85ee\"><style>.stk-b9d85ee{max-width:225px !important;margin-top:-50px !important;margin-right:auto !important;margin-bottom:0px !important;margin-left:auto !important}.stk-b9d85ee .stk-img-wrapper{width:341px !important;height:433px !important;filter:drop-shadow(none) !important;--stk-gradient-overlay:0 !important}.stk-b9d85ee .stk-img-wrapper img{transform:scale(1.03) !important;object-position:70% 49% !important}.stk-b9d85ee .stk-img-wrapper::after{background-image:linear-gradient(to right,#ff8177 0%,#ff867a 0%,#ff8c7f 21%,#f99185 52%,#cf556c 78%,#b12a5b 100%) !important}<\/style><figure><span class=\"stk-img-wrapper stk-image--shape-stretch stk--shadow-none\"><img loading=\"lazy\" decoding=\"async\" class=\"stk-img wp-image-3095\" src=\"https:\/\/skinpechderma.com\/wp-content\/uploads\/2024\/02\/93b5f9913d2e4316cd6e541c67b9aed0.jpeg\" width=\"550\" height=\"977\" srcset=\"https:\/\/skinpechderma.com\/wp-content\/uploads\/2024\/02\/93b5f9913d2e4316cd6e541c67b9aed0.jpeg 550w, https:\/\/skinpechderma.com\/wp-content\/uploads\/2024\/02\/93b5f9913d2e4316cd6e541c67b9aed0-169x300.jpeg 169w, https:\/\/skinpechderma.com\/wp-content\/uploads\/2024\/02\/93b5f9913d2e4316cd6e541c67b9aed0-500x888.jpeg 500w\" sizes=\"(max-width: 550px) 100vw, 550px\" \/><\/span><\/figure><\/div>\n\n\n\n<div class=\"wp-block-stackable-column stk-block-column stk-column stk-block stk-b1783bb\" data-v=\"4\" data-block-id=\"b1783bb\"><style>.stk-b1783bb{align-items:center !important;display:flex !important}<\/style><div class=\"stk-column-wrapper stk-block-column__content stk-container stk-b1783bb-container stk--no-background stk--no-padding\"><div class=\"stk-block-content stk-inner-blocks stk-b1783bb-inner-blocks\">\n<div class=\"wp-block-buttons is-vertical is-content-justification-center is-nowrap is-layout-flex wp-container-core-buttons-is-layout-4 wp-block-buttons-is-layout-flex\"><\/div>\n<\/div><\/div><\/div>\n<\/div><\/div>\n<\/div><\/div><\/div>\n<\/div><\/div>\n<\/div>\n","protected":false},"excerpt":{"rendered":"<p>Tratamientos en u\u00f1as<\/p>\n","protected":false},"author":1,"featured_media":0,"parent":0,"menu_order":0,"comment_status":"closed","ping_status":"closed","template":"essential-blocks-fullwidth-template.php","meta":{"_eb_attr":"","_monsterinsights_skip_tracking":false,"_monsterinsights_sitenote_active":false,"_monsterinsights_sitenote_note":"","_monsterinsights_sitenote_category":0,"_joinchat":[],"footnotes":""},"class_list":["post-3533","page","type-page","status-publish","hentry"],"blocksy_meta":[],"aioseo_notices":[],"featured_image_urls":{"full":"","thumbnail":"","medium":"","medium_large":"","large":"","1536x1536":"","2048x2048":"","wpzoom-rcb-block-header":"","wpzoom-rcb-block-header-square":"","wpzoom-rcb-block-step-image":"","wpzoom-rcb-structured-data-1_1":"","wpzoom-rcb-structured-data-4_3":"","wpzoom-rcb-structured-data-16_9":"","woocommerce_archive_thumbnail":"","woocommerce_thumbnail":"","woocommerce_single":"","woocommerce_gallery_thumbnail":""},"post_excerpt_stackable":"<p>Tratamientos en u\u00f1as Hongo en las u\u00f1as Matricectom\u00eda<\/p>\n","category_list":"","author_info":{"name":"skinpechderma.com","url":"https:\/\/skinpechderma.com\/index.php\/author\/skinpechderma-com\/"},"comments_num":"0 comments","_links":{"self":[{"href":"https:\/\/skinpechderma.com\/index.php\/wp-json\/wp\/v2\/pages\/3533"}],"collection":[{"href":"https:\/\/skinpechderma.com\/index.php\/wp-json\/wp\/v2\/pages"}],"about":[{"href":"https:\/\/skinpechderma.com\/index.php\/wp-json\/wp\/v2\/types\/page"}],"author":[{"embeddable":true,"href":"https:\/\/skinpechderma.com\/index.php\/wp-json\/wp\/v2\/users\/1"}],"replies":[{"embeddable":true,"href":"https:\/\/skinpechderma.com\/index.php\/wp-json\/wp\/v2\/comments?post=3533"}],"version-history":[{"count":7,"href":"https:\/\/skinpechderma.com\/index.php\/wp-json\/wp\/v2\/pages\/3533\/revisions"}],"predecessor-version":[{"id":3764,"href":"https:\/\/skinpechderma.com\/index.php\/wp-json\/wp\/v2\/pages\/3533\/revisions\/3764"}],"wp:attachment":[{"href":"https:\/\/skinpechderma.com\/index.php\/wp-json\/wp\/v2\/media?parent=3533"}],"curies":[{"name":"wp","href":"https:\/\/api.w.org\/{rel}","templated":true}]}}