{"id":3525,"date":"2024-03-07T14:34:54","date_gmt":"2024-03-07T14:34:54","guid":{"rendered":"https:\/\/skinpechderma.com\/?page_id=3525"},"modified":"2024-03-07T14:37:12","modified_gmt":"2024-03-07T14:37:12","slug":"eliminacion-de-tatuaje-2","status":"publish","type":"page","link":"https:\/\/skinpechderma.com\/index.php\/eliminacion-de-tatuaje-2\/","title":{"rendered":"Eliminaci\u00f3n de tatuaje"},"content":{"rendered":"\n<div class=\"wp-block-stackable-heading stk-block-heading stk-block-heading--v2 stk-block stk-5ce9a71\" id=\"eliminacion-de-tatuaje\" data-block-id=\"5ce9a71\"><style>.stk-5ce9a71{margin-bottom:0px !important}<\/style><h2 class=\"stk-block-heading__text has-text-align-center\">Eliminaci\u00f3n de tatuaje<\/h2><\/div>\n\n\n\n<div class=\"wp-block-stackable-feature alignfull stk-block-feature stk-block stk-cef87f5 is-style-horizontal\" data-v=\"2\" data-block-id=\"cef87f5\"><div class=\"stk-content-align stk-cef87f5-column alignwide stk-container stk-cef87f5-container stk--no-background stk--no-padding\"><div class=\"stk-inner-blocks stk-block-content stk-row\">\n<div class=\"wp-block-stackable-column stk-block-column stk-column stk-block stk-61ade93\" data-v=\"4\" data-block-id=\"61ade93\"><style>.stk-61ade93{align-self:center !important}.stk-61ade93-container{border-top-left-radius:15px !important;border-top-right-radius:15px !important;border-bottom-right-radius:15px !important;border-bottom-left-radius:15px !important;overflow:hidden !important;box-shadow:0 5px 30px -10px rgba(18,63,82,0.3) !important;border-style:solid !important;border-color:#8ed1fc !important;border-top-width:2px !important;border-right-width:2px !important;border-bottom-width:2px !important;border-left-width:2px !important;padding-top:15px !important;padding-right:15px !important;padding-bottom:15px !important;padding-left:15px !important}<\/style><div class=\"stk-column-wrapper stk-block-column__content stk-container stk-61ade93-container stk-hover-parent\"><div class=\"stk-block-content stk-inner-blocks stk-61ade93-inner-blocks\">\n<div class=\"wp-block-stackable-columns stk-block-columns stk-block stk-c394e2b\" data-block-id=\"c394e2b\"><div class=\"stk-row stk-inner-blocks stk-block-content stk-content-align stk-c394e2b-column\">\n<div class=\"wp-block-stackable-column stk-block-column stk-column stk-block stk-d5ce2c8\" data-v=\"4\" data-block-id=\"d5ce2c8\"><div class=\"stk-column-wrapper stk-block-column__content stk-container stk-d5ce2c8-container stk--no-background stk--no-padding\"><div class=\"stk-block-content stk-inner-blocks stk-d5ce2c8-inner-blocks\">\n<div class=\"wp-block-stackable-heading stk-block-heading stk-block-heading--v2 stk-block stk-3a82bdf\" id=\"el-laser-q-switched-nd-yag-es-el-tratamiento-mas-usado-en-estos-casos-durante-el-tratamiento-los-pulsos-del-laser-se-dirigen-hacia-el-tatuaje-para-descomponer-los-pigmentos-en-las-semanas-siguientes-los-cuerpos-eliminan-las-zonas-pigmentadas-que-se-hayan-tratado-br-br-el-numero-de-sesiones-depende-del-tipo-de-tatuaje-piel-profundidad-y-color-de-tinta-obteniendo-resultados-desde-la-primera-sesion-br-br-color-de-tatuaje-la-tinta-negra-se-absorbe-mas-facilmente-a-cualquier-longitud-de-onda-de-laser-las-tintas-de-colores-necesitan-mas-sesiones-para-su-eliminacion-por-lo-que-no-siempre-logra-eliminarse-br-br-localizacion-las-zonas-con-piel-mas-fina-requieren-menos-sesiones-cara-cuello-manos-en-las-zonas-como-piernas-brazos-y-espalda-el-tatuaje-esta-a-mayor-profundidad\" data-block-id=\"3a82bdf\"><style>.stk-3a82bdf{margin-bottom:35px !important}.stk-3a82bdf .stk-block-heading__text{font-size:18px !important}@media screen and (max-width:1023px){.stk-3a82bdf .stk-block-heading__text{font-size:18px !important}}<\/style><h5 class=\"stk-block-heading__text\">El l\u00e1ser Q-Switched Nd:Yag es el tratamiento m\u00e1s usado en estos casos, durante el tratamiento, los pulsos del l\u00e1ser se dirigen hacia el tatuaje para descomponer los pigmentos. En las semanas siguientes, los cuerpos eliminan las zonas pigmentadas que se hayan tratado.<br><br>El n\u00famero de sesiones depende del tipo de tatuaje, piel, profundidad y color de tinta obteniendo resultados desde la primera sesi\u00f3n.<br><br>Color de tatuaje: la tinta negra se absorbe m\u00e1s f\u00e1cilmente a cualquier longitud de onda de l\u00e1ser, las tintas de colores necesitan m\u00e1s sesiones para su eliminaci\u00f3n por lo que no siempre logra eliminarse.<br><br>Localizaci\u00f3n: las zonas con piel m\u00e1s fina requieren menos sesiones (cara, cuello, manos) en las zonas como piernas, brazos y espalda, el tatuaje est\u00e1 a mayor profundidad.<\/h5><\/div>\n\n\n\n<div class=\"wp-block-stackable-text stk-block-text stk-block stk-1f19616\" data-block-id=\"1f19616\"><p class=\"stk-block-text__text\"><strong>Aplicaci\u00f3n:<\/strong> 20 &#8211; 40 min.<br><strong>Mantenimiento:<\/strong> 1 sesi\u00f3n cada mes.<br><strong>Anestesia:<\/strong> T\u00f3pica.<\/p><\/div>\n<\/div><\/div><\/div>\n<\/div><\/div>\n\n\n\n<div class=\"wp-block-stackable-button-group stk-block-button-group stk-block stk-b5cad4c\" data-block-id=\"b5cad4c\"><div class=\"stk-row stk-inner-blocks stk-block-content stk-button-group\">\n<div class=\"wp-block-stackable-button stk-block-button stk-block stk-939646b\" data-block-id=\"939646b\"><style>.stk-939646b .stk-button{background:var(--theme-palette-color-1,#5B38ED) !important}.stk-939646b .stk-button__inner-text{color:#ffffff !important}<\/style><a class=\"stk-link stk-button stk--hover-effect-darken\" href=\"https:\/\/skinpechderma.com\/index.php\/contact\/\"><span class=\"has-text-color stk-button__inner-text\">Hacer Cita<\/span><\/a><\/div>\n<\/div><\/div>\n<\/div><\/div><\/div>\n\n\n\n<div class=\"wp-block-stackable-column stk-block-column stk-column stk-block stk-2b8eb37\" data-v=\"4\" data-block-id=\"2b8eb37\"><style>.stk-2b8eb37{align-self:center !important}<\/style><div class=\"stk-column-wrapper stk-block-column__content stk-container stk-2b8eb37-container stk--no-background stk--no-padding\"><div class=\"stk-block-content stk-inner-blocks stk-2b8eb37-inner-blocks\">\n<div class=\"wp-block-stackable-image stk-block-image stk-block stk-a186ffa\" data-block-id=\"a186ffa\"><style>.stk-a186ffa .stk-img-wrapper{width:100% !important;height:638px !important;--stk-gradient-overlay:0 !important}.stk-a186ffa .stk-img-wrapper img{transform:scale(0.96) !important}:where(.stk-hover-parent:hover,.stk-hover-parent.stk--is-hovered) .stk-a186ffa .stk-img-wrapper img{transform:scale(1.1) !important}.stk-a186ffa .stk-img-wrapper::after{background-color:#202c2c !important}:where(.stk-hover-parent:hover,.stk-hover-parent.stk--is-hovered) .stk-a186ffa .stk-img-wrapper::after{background-color:#202c2c !important}.stk-a186ffa .stk-img-wrapper::before{--stk-gradient-overlay:0.7 !important}:where(.stk-hover-parent:hover,.stk-hover-parent.stk--is-hovered) .stk-a186ffa .stk-img-wrapper{--stk-gradient-overlay:0.8 !important}<\/style><figure><span class=\"stk-img-wrapper stk-image--shape-stretch\"><img loading=\"lazy\" decoding=\"async\" class=\"stk-img wp-image-3526\" src=\"https:\/\/skinpechderma.com\/wp-content\/uploads\/2024\/03\/eliminacion-tatuajes-1024x683.jpeg\" width=\"1024\" height=\"683\" srcset=\"https:\/\/skinpechderma.com\/wp-content\/uploads\/2024\/03\/eliminacion-tatuajes-1024x683.jpeg 1024w, https:\/\/skinpechderma.com\/wp-content\/uploads\/2024\/03\/eliminacion-tatuajes-300x200.jpeg 300w, https:\/\/skinpechderma.com\/wp-content\/uploads\/2024\/03\/eliminacion-tatuajes-768x512.jpeg 768w, https:\/\/skinpechderma.com\/wp-content\/uploads\/2024\/03\/eliminacion-tatuajes-750x500.jpeg 750w, https:\/\/skinpechderma.com\/wp-content\/uploads\/2024\/03\/eliminacion-tatuajes-500x333.jpeg 500w, https:\/\/skinpechderma.com\/wp-content\/uploads\/2024\/03\/eliminacion-tatuajes-600x400.jpeg 600w, https:\/\/skinpechderma.com\/wp-content\/uploads\/2024\/03\/eliminacion-tatuajes.jpeg 1500w\" sizes=\"(max-width: 1024px) 100vw, 1024px\" \/><\/span><\/figure><\/div>\n<\/div><\/div><\/div>\n<\/div><\/div><\/div>\n","protected":false},"excerpt":{"rendered":"<p>Eliminaci\u00f3n de tatuaje El l\u00e1ser Q-Switched Nd:Yag es el tratamiento m\u00e1s usado en estos casos, durante el tratamiento, los pulsos del l\u00e1ser se dirigen hacia el tatuaje para descomponer los pigmentos. En las semanas siguientes, los cuerpos eliminan las zonas pigmentadas que se hayan tratado. El n\u00famero de sesiones depende del tipo de tatuaje, piel, [&hellip;]<\/p>\n","protected":false},"author":1,"featured_media":0,"parent":0,"menu_order":0,"comment_status":"closed","ping_status":"closed","template":"essential-blocks-fullwidth-template.php","meta":{"_eb_attr":"","_monsterinsights_skip_tracking":false,"_monsterinsights_sitenote_active":false,"_monsterinsights_sitenote_note":"","_monsterinsights_sitenote_category":0,"_joinchat":[],"footnotes":""},"class_list":["post-3525","page","type-page","status-publish","hentry"],"blocksy_meta":[],"aioseo_notices":[],"featured_image_urls":{"full":"","thumbnail":"","medium":"","medium_large":"","large":"","1536x1536":"","2048x2048":"","wpzoom-rcb-block-header":"","wpzoom-rcb-block-header-square":"","wpzoom-rcb-block-step-image":"","wpzoom-rcb-structured-data-1_1":"","wpzoom-rcb-structured-data-4_3":"","wpzoom-rcb-structured-data-16_9":"","woocommerce_archive_thumbnail":"","woocommerce_thumbnail":"","woocommerce_single":"","woocommerce_gallery_thumbnail":""},"post_excerpt_stackable":"<p>Eliminaci\u00f3n de tatuaje El l\u00e1ser Q-Switched Nd:Yag es el tratamiento m\u00e1s usado en estos casos, durante el tratamiento, los pulsos del l\u00e1ser se dirigen hacia el tatuaje para descomponer los pigmentos. En las semanas siguientes, los cuerpos eliminan las zonas pigmentadas que se hayan tratado.El n\u00famero de sesiones depende del tipo de tatuaje, piel, profundidad y color de tinta obteniendo resultados desde la primera sesi\u00f3n.Color de tatuaje: la tinta negra se absorbe m\u00e1s f\u00e1cilmente a cualquier longitud de onda de l\u00e1ser, las tintas de colores necesitan m\u00e1s sesiones para su eliminaci\u00f3n por lo que no siempre logra eliminarse.Localizaci\u00f3n: las zonas&hellip;<\/p>\n","category_list":"","author_info":{"name":"skinpechderma.com","url":"https:\/\/skinpechderma.com\/index.php\/author\/skinpechderma-com\/"},"comments_num":"0 comments","_links":{"self":[{"href":"https:\/\/skinpechderma.com\/index.php\/wp-json\/wp\/v2\/pages\/3525"}],"collection":[{"href":"https:\/\/skinpechderma.com\/index.php\/wp-json\/wp\/v2\/pages"}],"about":[{"href":"https:\/\/skinpechderma.com\/index.php\/wp-json\/wp\/v2\/types\/page"}],"author":[{"embeddable":true,"href":"https:\/\/skinpechderma.com\/index.php\/wp-json\/wp\/v2\/users\/1"}],"replies":[{"embeddable":true,"href":"https:\/\/skinpechderma.com\/index.php\/wp-json\/wp\/v2\/comments?post=3525"}],"version-history":[{"count":3,"href":"https:\/\/skinpechderma.com\/index.php\/wp-json\/wp\/v2\/pages\/3525\/revisions"}],"predecessor-version":[{"id":3530,"href":"https:\/\/skinpechderma.com\/index.php\/wp-json\/wp\/v2\/pages\/3525\/revisions\/3530"}],"wp:attachment":[{"href":"https:\/\/skinpechderma.com\/index.php\/wp-json\/wp\/v2\/media?parent=3525"}],"curies":[{"name":"wp","href":"https:\/\/api.w.org\/{rel}","templated":true}]}}