{"id":3492,"date":"2024-03-02T17:15:17","date_gmt":"2024-03-02T17:15:17","guid":{"rendered":"https:\/\/skinpechderma.com\/?page_id=3492"},"modified":"2024-03-02T17:20:28","modified_gmt":"2024-03-02T17:20:28","slug":"nd-yag","status":"publish","type":"page","link":"https:\/\/skinpechderma.com\/index.php\/nd-yag\/","title":{"rendered":"ND Yag"},"content":{"rendered":"\n<div class=\"wp-block-stackable-heading stk-block-heading stk-block-heading--v2 stk-block stk-5ce9a71\" id=\"nd-yag\" data-block-id=\"5ce9a71\"><style>.stk-5ce9a71{margin-bottom:0px !important}<\/style><h2 class=\"stk-block-heading__text has-text-align-center\">ND Yag<\/h2><\/div>\n\n\n\n<div class=\"wp-block-stackable-feature alignfull stk-block-feature stk-block stk-cef87f5 is-style-horizontal\" data-v=\"2\" data-block-id=\"cef87f5\"><div class=\"stk-content-align stk-cef87f5-column alignwide stk-container stk-cef87f5-container stk--no-background stk--no-padding\"><div class=\"stk-inner-blocks stk-block-content stk-row\">\n<div class=\"wp-block-stackable-column stk-block-column stk-column stk-block stk-61ade93\" data-v=\"4\" data-block-id=\"61ade93\"><style>.stk-61ade93{align-self:center !important}.stk-61ade93-container{border-top-left-radius:15px !important;border-top-right-radius:15px !important;border-bottom-right-radius:15px !important;border-bottom-left-radius:15px !important;overflow:hidden !important;box-shadow:0 5px 30px -10px rgba(18,63,82,0.3) !important;border-style:solid !important;border-color:#8ed1fc !important;border-top-width:2px !important;border-right-width:2px !important;border-bottom-width:2px !important;border-left-width:2px !important;padding-top:15px !important;padding-right:15px !important;padding-bottom:15px !important;padding-left:15px !important}<\/style><div class=\"stk-column-wrapper stk-block-column__content stk-container stk-61ade93-container stk-hover-parent\"><div class=\"stk-block-content stk-inner-blocks stk-61ade93-inner-blocks\">\n<div class=\"wp-block-stackable-columns stk-block-columns stk-block stk-c394e2b\" data-block-id=\"c394e2b\"><style>.stk-c394e2b{margin-bottom:9px !important}<\/style><div class=\"stk-row stk-inner-blocks stk-block-content stk-content-align stk-c394e2b-column\">\n<div class=\"wp-block-stackable-column stk-block-column stk-column stk-block stk-d5ce2c8\" data-v=\"4\" data-block-id=\"d5ce2c8\"><div class=\"stk-column-wrapper stk-block-column__content stk-container stk-d5ce2c8-container stk--no-background stk--no-padding\"><div class=\"stk-block-content stk-inner-blocks stk-d5ce2c8-inner-blocks\">\n<div class=\"wp-block-stackable-heading stk-block-heading stk-block-heading--v2 stk-block stk-a4fc153\" id=\"el-tratamiento-de-luz-pulsada-es-una-terapia-de-luz-que-es-absorbida-de-forma-selectiva-por-las-glandulas-sebaceas-y-por-las-bacterias-que-causan-el-acne-y-eso-ayuda-a-reducir-la-inflamacion-y-el-tamano-de-dichas-glandulas-asi-es-posible-reducir-la-cantidad-de-lesiones-y-la-aparicion-futura-de-otras-nuevas-ademas-la-luz-pulsada-intensa-estimula-el-contenido-de-colageno-y-de-fibras-elasticas-dermicas-por-lo-que-reduce-la-probabilidad-de-que-se-formen-cicatrices-br\" data-block-id=\"a4fc153\"><style>.stk-a4fc153{margin-bottom:17px !important}.stk-a4fc153 .stk-block-heading__text{font-size:18px !important}@media screen and (max-width:1023px){.stk-a4fc153 .stk-block-heading__text{font-size:18px !important}}<\/style><h5 class=\"stk-block-heading__text\">El tratamiento se realiza con el l\u00e1ser ND Yag con tecnolog\u00eda Q-Switched que combina las longitudes de onda de 1064 nm y 532 nm lo que nos permite eliminar la gran mayor\u00eda de manchas cut\u00e1neas solares y de edad.<br><br>Se ajustan los par\u00e1metros del l\u00e1ser y se comienza a disparar sobre la zona de la mancha. El l\u00e1ser act\u00faa fragmentando las part\u00edculas de pigmento en part\u00edculas de tama\u00f1o mucho m\u00e1s peque\u00f1o, que permiten que nuestro organismo las reabsorba y las elimine posteriormente a trav\u00e9s del drenaje linf\u00e1tico.<br><br>El l\u00e1ser Nd:Yag est\u00e1 indicado para el tratamiento de las manchas seniles (lentigo solar), las pecas, los nevos melanoc\u00edticos cong\u00e9nitos, el nevo de Ota y las manchas caf\u00e9 con leche.<\/h5><\/div>\n\n\n\n<div class=\"wp-block-stackable-text stk-block-text stk-block stk-1f19616\" data-block-id=\"1f19616\"><p class=\"stk-block-text__text\"><strong>Aplicaci\u00f3n:<\/strong> 20 &#8211; 40 min.<br><strong>Sesiones:<\/strong> 1 cada mes.<br><strong>Anestesia:<\/strong> T\u00f3pica.<\/p><\/div>\n<\/div><\/div><\/div>\n<\/div><\/div>\n\n\n\n<div class=\"wp-block-stackable-button-group stk-block-button-group stk-block stk-b5cad4c\" data-block-id=\"b5cad4c\"><div class=\"stk-row stk-inner-blocks stk-block-content stk-button-group\">\n<div class=\"wp-block-stackable-button stk-block-button stk-block stk-939646b\" data-block-id=\"939646b\"><style>.stk-939646b .stk-button{background:var(--theme-palette-color-1,#5B38ED) !important}.stk-939646b .stk-button__inner-text{color:#ffffff !important}<\/style><a class=\"stk-link stk-button stk--hover-effect-darken\" href=\"https:\/\/skinpechderma.com\/index.php\/contact\/\"><span class=\"has-text-color stk-button__inner-text\">Hacer Cita<\/span><\/a><\/div>\n<\/div><\/div>\n<\/div><\/div><\/div>\n\n\n\n<div class=\"wp-block-stackable-column stk-block-column stk-column stk-block stk-2b8eb37\" data-v=\"4\" data-block-id=\"2b8eb37\"><style>.stk-2b8eb37{align-self:center !important}<\/style><div class=\"stk-column-wrapper stk-block-column__content stk-container stk-2b8eb37-container stk--no-background stk--no-padding\"><div class=\"stk-block-content stk-inner-blocks stk-2b8eb37-inner-blocks\">\n<div class=\"wp-block-stackable-image stk-block-image stk-block stk-a186ffa\" data-block-id=\"a186ffa\"><style>.stk-a186ffa .stk-img-wrapper{width:100% !important;height:684px !important;--stk-gradient-overlay:0 !important}.stk-a186ffa .stk-img-wrapper img{transform:scale(0.96) !important}:where(.stk-hover-parent:hover,.stk-hover-parent.stk--is-hovered) .stk-a186ffa .stk-img-wrapper img{transform:scale(1.1) !important}.stk-a186ffa .stk-img-wrapper::after{background-color:#202c2c !important}:where(.stk-hover-parent:hover,.stk-hover-parent.stk--is-hovered) .stk-a186ffa .stk-img-wrapper::after{background-color:#202c2c !important}.stk-a186ffa .stk-img-wrapper::before{--stk-gradient-overlay:0.7 !important}:where(.stk-hover-parent:hover,.stk-hover-parent.stk--is-hovered) .stk-a186ffa .stk-img-wrapper{--stk-gradient-overlay:0.8 !important}<\/style><figure><span class=\"stk-img-wrapper stk-image--shape-stretch\"><img loading=\"lazy\" decoding=\"async\" class=\"stk-img wp-image-3498\" src=\"https:\/\/skinpechderma.com\/wp-content\/uploads\/2024\/03\/manchassol-iderma.jpg\" width=\"643\" height=\"762\" srcset=\"https:\/\/skinpechderma.com\/wp-content\/uploads\/2024\/03\/manchassol-iderma.jpg 643w, https:\/\/skinpechderma.com\/wp-content\/uploads\/2024\/03\/manchassol-iderma-253x300.jpg 253w, https:\/\/skinpechderma.com\/wp-content\/uploads\/2024\/03\/manchassol-iderma-500x593.jpg 500w, https:\/\/skinpechderma.com\/wp-content\/uploads\/2024\/03\/manchassol-iderma-600x711.jpg 600w\" sizes=\"(max-width: 643px) 100vw, 643px\" \/><\/span><\/figure><\/div>\n<\/div><\/div><\/div>\n<\/div><\/div><\/div>\n","protected":false},"excerpt":{"rendered":"<p>ND Yag El tratamiento se realiza con el l\u00e1ser ND Yag con tecnolog\u00eda Q-Switched que combina las longitudes de onda de 1064 nm y 532 nm lo que nos permite eliminar la gran mayor\u00eda de manchas cut\u00e1neas solares y de edad. Se ajustan los par\u00e1metros del l\u00e1ser y se comienza a disparar sobre la zona [&hellip;]<\/p>\n","protected":false},"author":1,"featured_media":0,"parent":0,"menu_order":0,"comment_status":"closed","ping_status":"closed","template":"essential-blocks-fullwidth-template.php","meta":{"_eb_attr":"","_monsterinsights_skip_tracking":false,"_monsterinsights_sitenote_active":false,"_monsterinsights_sitenote_note":"","_monsterinsights_sitenote_category":0,"_joinchat":[],"footnotes":""},"class_list":["post-3492","page","type-page","status-publish","hentry"],"blocksy_meta":[],"aioseo_notices":[],"featured_image_urls":{"full":"","thumbnail":"","medium":"","medium_large":"","large":"","1536x1536":"","2048x2048":"","wpzoom-rcb-block-header":"","wpzoom-rcb-block-header-square":"","wpzoom-rcb-block-step-image":"","wpzoom-rcb-structured-data-1_1":"","wpzoom-rcb-structured-data-4_3":"","wpzoom-rcb-structured-data-16_9":"","woocommerce_archive_thumbnail":"","woocommerce_thumbnail":"","woocommerce_single":"","woocommerce_gallery_thumbnail":""},"post_excerpt_stackable":"<p>ND Yag El tratamiento se realiza con el l\u00e1ser ND Yag con tecnolog\u00eda Q-Switched que combina las longitudes de onda de 1064 nm y 532 nm lo que nos permite eliminar la gran mayor\u00eda de manchas cut\u00e1neas solares y de edad.Se ajustan los par\u00e1metros del l\u00e1ser y se comienza a disparar sobre la zona de la mancha. El l\u00e1ser act\u00faa fragmentando las part\u00edculas de pigmento en part\u00edculas de tama\u00f1o mucho m\u00e1s peque\u00f1o, que permiten que nuestro organismo las reabsorba y las elimine posteriormente a trav\u00e9s del drenaje linf\u00e1tico.El l\u00e1ser Nd:Yag est\u00e1 indicado para el tratamiento de las manchas seniles (lentigo&hellip;<\/p>\n","category_list":"","author_info":{"name":"skinpechderma.com","url":"https:\/\/skinpechderma.com\/index.php\/author\/skinpechderma-com\/"},"comments_num":"0 comments","_links":{"self":[{"href":"https:\/\/skinpechderma.com\/index.php\/wp-json\/wp\/v2\/pages\/3492"}],"collection":[{"href":"https:\/\/skinpechderma.com\/index.php\/wp-json\/wp\/v2\/pages"}],"about":[{"href":"https:\/\/skinpechderma.com\/index.php\/wp-json\/wp\/v2\/types\/page"}],"author":[{"embeddable":true,"href":"https:\/\/skinpechderma.com\/index.php\/wp-json\/wp\/v2\/users\/1"}],"replies":[{"embeddable":true,"href":"https:\/\/skinpechderma.com\/index.php\/wp-json\/wp\/v2\/comments?post=3492"}],"version-history":[{"count":3,"href":"https:\/\/skinpechderma.com\/index.php\/wp-json\/wp\/v2\/pages\/3492\/revisions"}],"predecessor-version":[{"id":3501,"href":"https:\/\/skinpechderma.com\/index.php\/wp-json\/wp\/v2\/pages\/3492\/revisions\/3501"}],"wp:attachment":[{"href":"https:\/\/skinpechderma.com\/index.php\/wp-json\/wp\/v2\/media?parent=3492"}],"curies":[{"name":"wp","href":"https:\/\/api.w.org\/{rel}","templated":true}]}}