{"id":3477,"date":"2024-03-02T16:56:22","date_gmt":"2024-03-02T16:56:22","guid":{"rendered":"https:\/\/skinpechderma.com\/?page_id=3477"},"modified":"2024-03-02T17:05:10","modified_gmt":"2024-03-02T17:05:10","slug":"luz-pulsada-para-manchas","status":"publish","type":"page","link":"https:\/\/skinpechderma.com\/index.php\/luz-pulsada-para-manchas\/","title":{"rendered":"Luz pulsada para manchas"},"content":{"rendered":"\n<div class=\"wp-block-stackable-heading stk-block-heading stk-block-heading--v2 stk-block stk-971bff4\" id=\"strong-luz-pulsada-para-manchas-strong\" data-block-id=\"971bff4\"><style>.stk-971bff4{margin-bottom:2px !important}<\/style><h2 class=\"stk-block-heading__text has-text-align-center\"><strong>Luz pulsada para manchas<\/strong><\/h2><\/div>\n\n\n\n<div class=\"wp-block-stackable-feature alignfull stk-block-feature stk-block stk-cef87f5 is-style-horizontal\" data-v=\"2\" data-block-id=\"cef87f5\"><div class=\"stk-content-align stk-cef87f5-column alignwide stk-container stk-cef87f5-container stk--no-background stk--no-padding\"><div class=\"stk-inner-blocks stk-block-content stk-row\">\n<div class=\"wp-block-stackable-column stk-block-column stk-column stk-block stk-61ade93\" data-v=\"4\" data-block-id=\"61ade93\"><style>.stk-61ade93{align-self:center !important;border-top-left-radius:15px !important;border-top-right-radius:15px !important;border-bottom-right-radius:15px !important;border-bottom-left-radius:15px !important;overflow:hidden !important;box-shadow:0 5px 30px -10px rgba(18,63,82,0.3) !important;border-style:solid !important;border-color:#8ed1fc !important;border-top-width:2px !important;border-right-width:2px !important;border-bottom-width:2px !important;border-left-width:2px !important}<\/style><div class=\"stk-column-wrapper stk-block-column__content stk-container stk-61ade93-container stk--no-background stk--no-padding\"><div class=\"stk-block-content stk-inner-blocks stk-61ade93-inner-blocks\">\n<div class=\"wp-block-stackable-columns stk-block-columns stk-block stk-c394e2b\" data-block-id=\"c394e2b\"><div class=\"stk-row stk-inner-blocks stk-block-content stk-content-align stk-c394e2b-column\">\n<div class=\"wp-block-stackable-column stk-block-column stk-column stk-block stk-d5ce2c8\" data-v=\"4\" data-block-id=\"d5ce2c8\"><div class=\"stk-column-wrapper stk-block-column__content stk-container stk-d5ce2c8-container stk--no-background stk--no-padding\"><div class=\"stk-block-content stk-inner-blocks stk-d5ce2c8-inner-blocks\">\n<div class=\"wp-block-stackable-heading stk-block-heading stk-block-heading--v2 stk-block stk-3a82bdf\" id=\"la-luz-pulsada-intensa-es-un-tratamiento-indicado-para-el-fotorejuvenecimiento-facial-no-solo-mejora-el-problema-de-las-manchas-sino-que-tambien-tambien-mejora-la-calidad-de-la-piel-en-general-br-br-se-basa-en-la-aplicacion-de-un-haz-de-luz-que-genera-calor-y-trata-de-forma-muy-especifica-las-pigmentaciones-oscuras-y-las-rojeces-de-origen-vascular-eliminandolas-al-mismo-tiempo-desencadena-un-proceso-de-reafirmacion-cutanea-debido-a-la-generacion-de-colageno-y-elastina-en-la-dermis\" data-block-id=\"3a82bdf\"><style>.stk-3a82bdf{margin-bottom:28px !important}.stk-3a82bdf .stk-block-heading__text{font-weight:900 !important}<\/style><h6 class=\"stk-block-heading__text\">La Luz Pulsada intensa es un tratamiento indicado para el fotorejuvenecimiento facial. No solo mejora el problema de las manchas sino que tambi\u00e9n tambi\u00e9n mejora la calidad de la piel en general.<br><br>Se basa en la aplicaci\u00f3n de un haz de luz que genera calor y trata de forma muy espec\u00edfica las pigmentaciones oscuras y las rojeces de origen vascular, eliminandolas. Al mismo tiempo desencadena un proceso de reafirmaci\u00f3n cut\u00e1nea debido a la generaci\u00f3n de col\u00e1geno y elastina en la dermis.<\/h6><\/div>\n\n\n\n<div class=\"wp-block-stackable-text stk-block-text stk-block stk-2e29d0c\" data-block-id=\"2e29d0c\"><p class=\"stk-block-text__text\"><strong>Aplicaci\u00f3n: <\/strong>20 minutos<br><strong>Sesi\u00f3nes:<\/strong> 6 sesiones, 1 cada mes.<\/p><\/div>\n<\/div><\/div><\/div>\n<\/div><\/div>\n\n\n\n<div class=\"wp-block-stackable-button-group stk-block-button-group stk-block stk-b5cad4c\" data-block-id=\"b5cad4c\"><div class=\"stk-row stk-inner-blocks stk-block-content stk-button-group\">\n<div class=\"wp-block-stackable-button stk-block-button stk-block stk-939646b\" data-block-id=\"939646b\"><style>.stk-939646b .stk-button{background:var(--theme-palette-color-2,#4928cf) !important}.stk-939646b .stk-button__inner-text{color:var(--theme-palette-color-7,#FBFBFC) !important}<\/style><a class=\"stk-link stk-button stk--hover-effect-darken\" href=\"https:\/\/skinpechderma.com\/index.php\/contact\/\" target=\"_blank\" rel=\"noreferrer noopener\"><span class=\"has-text-color stk-button__inner-text\">Hacer Cita<\/span><\/a><\/div>\n<\/div><\/div>\n<\/div><\/div><\/div>\n\n\n\n<div class=\"wp-block-stackable-column stk-block-column stk-column stk-block stk-2b8eb37\" data-v=\"4\" data-block-id=\"2b8eb37\"><style>.stk-2b8eb37-container{margin-top:0px !important;margin-right:0px !important;margin-bottom:0px !important;margin-left:0px !important;max-width:385px !important}.stk-2b8eb37{align-self:center !important}<\/style><div class=\"stk-column-wrapper stk-block-column__content stk-container stk-2b8eb37-container stk--no-background stk--no-padding\"><div class=\"stk-block-content stk-inner-blocks stk-2b8eb37-inner-blocks\">\n<div class=\"wp-block-stackable-image stk-block-image stk-block stk-a186ffa\" data-block-id=\"a186ffa\"><style>.stk-a186ffa .stk-img-wrapper{width:90% !important;height:100% !important;--stk-gradient-overlay:0 !important}.stk-a186ffa .stk-img-wrapper img{transform:scale(0.98) !important}:where(.stk-hover-parent:hover,.stk-hover-parent.stk--is-hovered) .stk-a186ffa .stk-img-wrapper img{transform:scale(1.1) !important}.stk-a186ffa .stk-img-wrapper::after{background-color:#202c2c !important}:where(.stk-hover-parent:hover,.stk-hover-parent.stk--is-hovered) .stk-a186ffa .stk-img-wrapper::after{background-color:#202c2c !important}.stk-a186ffa .stk-img-wrapper::before{--stk-gradient-overlay:0.7 !important}:where(.stk-hover-parent:hover,.stk-hover-parent.stk--is-hovered) .stk-a186ffa .stk-img-wrapper{--stk-gradient-overlay:0.8 !important}<\/style><figure><span class=\"stk-img-wrapper stk-image--shape-stretch\"><img loading=\"lazy\" decoding=\"async\" class=\"stk-img wp-image-3485\" src=\"https:\/\/skinpechderma.com\/wp-content\/uploads\/2024\/03\/luz-pulsada.jpg\" width=\"640\" height=\"857\" srcset=\"https:\/\/skinpechderma.com\/wp-content\/uploads\/2024\/03\/luz-pulsada.jpg 640w, https:\/\/skinpechderma.com\/wp-content\/uploads\/2024\/03\/luz-pulsada-224x300.jpg 224w, https:\/\/skinpechderma.com\/wp-content\/uploads\/2024\/03\/luz-pulsada-500x670.jpg 500w, https:\/\/skinpechderma.com\/wp-content\/uploads\/2024\/03\/luz-pulsada-600x803.jpg 600w\" sizes=\"(max-width: 640px) 100vw, 640px\" \/><\/span><\/figure><\/div>\n<\/div><\/div><\/div>\n<\/div><\/div><\/div>\n\n\n\n<p><\/p>\n","protected":false},"excerpt":{"rendered":"<p>Luz pulsada para manchas La Luz Pulsada intensa es un tratamiento indicado para el fotorejuvenecimiento facial. No solo mejora el problema de las manchas sino que tambi\u00e9n tambi\u00e9n mejora la calidad de la piel en general. Se basa en la aplicaci\u00f3n de un haz de luz que genera calor y trata de forma muy espec\u00edfica [&hellip;]<\/p>\n","protected":false},"author":1,"featured_media":0,"parent":0,"menu_order":0,"comment_status":"closed","ping_status":"closed","template":"essential-blocks-fullwidth-template.php","meta":{"_eb_attr":"","_monsterinsights_skip_tracking":false,"_monsterinsights_sitenote_active":false,"_monsterinsights_sitenote_note":"","_monsterinsights_sitenote_category":0,"_joinchat":[],"footnotes":""},"class_list":["post-3477","page","type-page","status-publish","hentry"],"blocksy_meta":[],"aioseo_notices":[],"featured_image_urls":{"full":"","thumbnail":"","medium":"","medium_large":"","large":"","1536x1536":"","2048x2048":"","wpzoom-rcb-block-header":"","wpzoom-rcb-block-header-square":"","wpzoom-rcb-block-step-image":"","wpzoom-rcb-structured-data-1_1":"","wpzoom-rcb-structured-data-4_3":"","wpzoom-rcb-structured-data-16_9":"","woocommerce_archive_thumbnail":"","woocommerce_thumbnail":"","woocommerce_single":"","woocommerce_gallery_thumbnail":""},"post_excerpt_stackable":"<p>Luz pulsada para manchas La Luz Pulsada intensa es un tratamiento indicado para el fotorejuvenecimiento facial. No solo mejora el problema de las manchas sino que tambi\u00e9n tambi\u00e9n mejora la calidad de la piel en general.Se basa en la aplicaci\u00f3n de un haz de luz que genera calor y trata de forma muy espec\u00edfica las pigmentaciones oscuras y las rojeces de origen vascular, eliminandolas. Al mismo tiempo desencadena un proceso de reafirmaci\u00f3n cut\u00e1nea debido a la generaci\u00f3n de col\u00e1geno y elastina en la dermis. Aplicaci\u00f3n: 20 minutosSesi\u00f3nes: 6 sesiones, 1 cada mes. Hacer Cita<\/p>\n","category_list":"","author_info":{"name":"skinpechderma.com","url":"https:\/\/skinpechderma.com\/index.php\/author\/skinpechderma-com\/"},"comments_num":"0 comments","_links":{"self":[{"href":"https:\/\/skinpechderma.com\/index.php\/wp-json\/wp\/v2\/pages\/3477"}],"collection":[{"href":"https:\/\/skinpechderma.com\/index.php\/wp-json\/wp\/v2\/pages"}],"about":[{"href":"https:\/\/skinpechderma.com\/index.php\/wp-json\/wp\/v2\/types\/page"}],"author":[{"embeddable":true,"href":"https:\/\/skinpechderma.com\/index.php\/wp-json\/wp\/v2\/users\/1"}],"replies":[{"embeddable":true,"href":"https:\/\/skinpechderma.com\/index.php\/wp-json\/wp\/v2\/comments?post=3477"}],"version-history":[{"count":5,"href":"https:\/\/skinpechderma.com\/index.php\/wp-json\/wp\/v2\/pages\/3477\/revisions"}],"predecessor-version":[{"id":3487,"href":"https:\/\/skinpechderma.com\/index.php\/wp-json\/wp\/v2\/pages\/3477\/revisions\/3487"}],"wp:attachment":[{"href":"https:\/\/skinpechderma.com\/index.php\/wp-json\/wp\/v2\/media?parent=3477"}],"curies":[{"name":"wp","href":"https:\/\/api.w.org\/{rel}","templated":true}]}}