{"id":3397,"date":"2024-03-01T00:04:20","date_gmt":"2024-03-01T00:04:20","guid":{"rendered":"https:\/\/skinpechderma.com\/?page_id=3397"},"modified":"2024-03-01T00:11:28","modified_gmt":"2024-03-01T00:11:28","slug":"nutrifacial","status":"publish","type":"page","link":"https:\/\/skinpechderma.com\/index.php\/nutrifacial\/","title":{"rendered":"Nutrifacial"},"content":{"rendered":"\n<div class=\"wp-block-stackable-heading stk-block-heading stk-block-heading--v2 stk-block stk-dc878e2\" id=\"strong-n-strong-utrifacial\" data-block-id=\"dc878e2\"><style>.stk-dc878e2{margin-bottom:16px !important}<\/style><h2 class=\"stk-block-heading__text has-text-align-center\"><strong>N<\/strong>utrifacial<\/h2><\/div>\n\n\n\n<p><\/p>\n\n\n\n<div class=\"wp-block-stackable-feature alignfull stk-block-feature stk-block stk-cef87f5 is-style-horizontal\" data-v=\"2\" data-block-id=\"cef87f5\"><div class=\"stk-content-align stk-cef87f5-column alignwide stk-container stk-cef87f5-container stk--no-background stk--no-padding\"><div class=\"stk-inner-blocks stk-block-content stk-row\">\n<div class=\"wp-block-stackable-column stk-block-column stk-column stk-block stk-61ade93\" data-v=\"4\" data-block-id=\"61ade93\"><style>.stk-61ade93{align-self:center !important;border-top-left-radius:15px !important;border-top-right-radius:15px !important;border-bottom-right-radius:15px !important;border-bottom-left-radius:15px !important;overflow:hidden !important;box-shadow:0 5px 30px -10px rgba(18,63,82,0.3) !important;border-style:solid !important;border-color:#8ed1fc !important;border-top-width:2px !important;border-right-width:2px !important;border-bottom-width:2px !important;border-left-width:2px !important}<\/style><div class=\"stk-column-wrapper stk-block-column__content stk-container stk-61ade93-container stk--no-background stk--no-padding\"><div class=\"stk-block-content stk-inner-blocks stk-61ade93-inner-blocks\">\n<div class=\"wp-block-stackable-columns stk-block-columns stk-block stk-c394e2b\" data-block-id=\"c394e2b\"><div class=\"stk-row stk-inner-blocks stk-block-content stk-content-align stk-c394e2b-column\">\n<div class=\"wp-block-stackable-column stk-block-column stk-column stk-block stk-d5ce2c8\" data-v=\"4\" data-block-id=\"d5ce2c8\"><div class=\"stk-column-wrapper stk-block-column__content stk-container stk-d5ce2c8-container stk--no-background stk--no-padding\"><div class=\"stk-block-content stk-inner-blocks stk-d5ce2c8-inner-blocks\">\n<div class=\"wp-block-stackable-heading stk-block-heading stk-block-heading--v2 stk-block stk-3a82bdf\" id=\"tratamiento-de-limpieza-facial-mas-avanzado-que-combina-4-tratamientos-para-lucir-una-piel-radiante\" data-block-id=\"3a82bdf\"><style>.stk-3a82bdf .stk-block-heading__text{font-size:18px !important}@media screen and (max-width:1023px){.stk-3a82bdf .stk-block-heading__text{font-size:18px !important}}<\/style><h5 class=\"stk-block-heading__text\">Tratamiento de limpieza facial m\u00e1s avanzado que combina 4 tratamientos para lucir una piel radiante.<\/h5><\/div>\n\n\n\n<div class=\"wp-block-stackable-text stk-block-text stk-block stk-2aec5f6\" data-block-id=\"2aec5f6\"><style>.stk-2aec5f6{margin-bottom:0px !important}<\/style><p class=\"stk-block-text__text\"><strong>Protocolo:<\/strong><\/p><\/div>\n\n\n\n<div class=\"wp-block-stackable-text stk-block-text stk-block stk-f3de214\" data-block-id=\"f3de214\"><style>.stk-f3de214{margin-bottom:0px !important}<\/style><p class=\"stk-block-text__text\"><strong>1. MICRODERMOABRASI\u00d2N:<\/strong><\/p><\/div>\n\n\n\n<ul class=\"wp-block-list\">\n<li>La Microdermoabrasi\u00f3n con puntas de diamante es una terapia de exfoliaci\u00f3n controlada, precisa y progresiva de la capa cornea de la piel de modo que se retiran las c\u00e9lulas muertas de la superficie de la piel, promoviendo la recuperaci\u00f3n y el desarrollo de una piel m\u00e1s saludable.<\/li>\n<\/ul>\n\n\n\n<p><strong>2. PENETRACI\u00d2N DE VITAMINAS:<\/strong><\/p>\n\n\n\n<ul class=\"wp-block-list\">\n<li>La electroporaci\u00f3n es un tratamiento en el que se aplican corrientes el\u00e9ctricas de baja intensidad sobre los poros de la piel para introducir sustancias activas que nos permitan tener una piel m\u00e1s hidratada y radiante.<\/li>\n<\/ul>\n\n\n\n<p><strong>3. MASCARILLA:<\/strong><\/p>\n\n\n\n<ul class=\"wp-block-list\">\n<li>Es una de las mejores maneras de hidratar tu rostro ya que sus principios activos humedecen y nutren las capas m\u00e1s profundas, Aportan luminosidad y purifican la epidermis. Por eso, llenan de energ\u00eda nuestra piel y aportan ox\u00edgeno.<\/li>\n<\/ul>\n\n\n\n<p><strong>3. MASCARA LUZ LED:<\/strong><\/p>\n\n\n\n<ul class=\"wp-block-list\">\n<li>Reparar los tejidos da\u00f1ados, reducir arrugas, l\u00edneas de expresi\u00f3n y ojeras. Penetra en las capas m\u00e1s superficiales y estimula la producci\u00f3n de col\u00e1geno y elastina.<\/li>\n<\/ul>\n\n\n\n<p><\/p>\n<\/div><\/div><\/div>\n<\/div><\/div>\n\n\n\n<div class=\"wp-block-stackable-button-group stk-block-button-group stk-block stk-b5cad4c\" data-block-id=\"b5cad4c\"><div class=\"stk-row stk-inner-blocks stk-block-content stk-button-group\">\n<div class=\"wp-block-stackable-button stk-block-button stk-block stk-939646b\" data-block-id=\"939646b\"><style>.stk-939646b .stk-button{background:var(--theme-palette-color-2,#4928cf) !important}.stk-939646b .stk-button__inner-text{color:var(--theme-palette-color-8,#ffffff) !important}<\/style><a class=\"stk-link stk-button stk--hover-effect-darken\" href=\"https:\/\/skinpechderma.com\/index.php\/contact\/\" target=\"_blank\" rel=\"noreferrer noopener\"><span class=\"has-text-color stk-button__inner-text\">Hacer Cita<\/span><\/a><\/div>\n<\/div><\/div>\n<\/div><\/div><\/div>\n\n\n\n<div class=\"wp-block-stackable-column stk-block-column stk-column stk-block stk-2b8eb37\" data-v=\"4\" data-block-id=\"2b8eb37\"><style>.stk-2b8eb37{align-self:center !important}<\/style><div class=\"stk-column-wrapper stk-block-column__content stk-container stk-2b8eb37-container stk--no-background stk--no-padding\"><div class=\"stk-block-content stk-inner-blocks stk-2b8eb37-inner-blocks\">\n<div class=\"wp-block-stackable-image stk-block-image stk-block stk-a186ffa\" data-block-id=\"a186ffa\"><style>.stk-a186ffa .stk-img-wrapper{width:100% !important;height:885px !important;--stk-gradient-overlay:0 !important}.stk-a186ffa .stk-img-wrapper img{transform:scale(0.97) !important}:where(.stk-hover-parent:hover,.stk-hover-parent.stk--is-hovered) .stk-a186ffa .stk-img-wrapper img{transform:scale(1.1) !important}.stk-a186ffa .stk-img-wrapper::after{background-color:#202c2c !important}:where(.stk-hover-parent:hover,.stk-hover-parent.stk--is-hovered) .stk-a186ffa .stk-img-wrapper::after{background-color:#202c2c !important}.stk-a186ffa .stk-img-wrapper::before{--stk-gradient-overlay:0.7 !important}:where(.stk-hover-parent:hover,.stk-hover-parent.stk--is-hovered) .stk-a186ffa .stk-img-wrapper{--stk-gradient-overlay:0.8 !important}<\/style><figure><span class=\"stk-img-wrapper stk-image--shape-stretch\"><img loading=\"lazy\" decoding=\"async\" class=\"stk-img wp-image-3405\" src=\"https:\/\/skinpechderma.com\/wp-content\/uploads\/2024\/03\/Nutrifacial.png\" width=\"558\" height=\"956\" srcset=\"https:\/\/skinpechderma.com\/wp-content\/uploads\/2024\/03\/Nutrifacial.png 558w, https:\/\/skinpechderma.com\/wp-content\/uploads\/2024\/03\/Nutrifacial-175x300.png 175w, https:\/\/skinpechderma.com\/wp-content\/uploads\/2024\/03\/Nutrifacial-500x857.png 500w\" sizes=\"(max-width: 558px) 100vw, 558px\" \/><\/span><\/figure><\/div>\n<\/div><\/div><\/div>\n<\/div><\/div><\/div>\n\n\n\n<div class=\"wp-block-stackable-text stk-block-text stk-block stk-a79b1cb\" data-block-id=\"a79b1cb\"><p class=\"stk-block-text__text\"><\/p><\/div>\n","protected":false},"excerpt":{"rendered":"<p>Nutrifacial Tratamiento de limpieza facial m\u00e1s avanzado que combina 4 tratamientos para lucir una piel radiante. Protocolo: 1. MICRODERMOABRASI\u00d2N: 2. PENETRACI\u00d2N DE VITAMINAS: 3. MASCARILLA: 3. MASCARA LUZ LED: Hacer Cita<\/p>\n","protected":false},"author":1,"featured_media":0,"parent":0,"menu_order":0,"comment_status":"closed","ping_status":"closed","template":"essential-blocks-fullwidth-template.php","meta":{"_eb_attr":"","_monsterinsights_skip_tracking":false,"_monsterinsights_sitenote_active":false,"_monsterinsights_sitenote_note":"","_monsterinsights_sitenote_category":0,"_joinchat":[],"footnotes":""},"class_list":["post-3397","page","type-page","status-publish","hentry"],"blocksy_meta":[],"aioseo_notices":[],"featured_image_urls":{"full":"","thumbnail":"","medium":"","medium_large":"","large":"","1536x1536":"","2048x2048":"","wpzoom-rcb-block-header":"","wpzoom-rcb-block-header-square":"","wpzoom-rcb-block-step-image":"","wpzoom-rcb-structured-data-1_1":"","wpzoom-rcb-structured-data-4_3":"","wpzoom-rcb-structured-data-16_9":"","woocommerce_archive_thumbnail":"","woocommerce_thumbnail":"","woocommerce_single":"","woocommerce_gallery_thumbnail":""},"post_excerpt_stackable":"<p>Nutrifacial Tratamiento de limpieza facial m\u00e1s avanzado que combina 4 tratamientos para lucir una piel radiante. Protocolo: 1. MICRODERMOABRASI\u00d2N: La Microdermoabrasi\u00f3n con puntas de diamante es una terapia de exfoliaci\u00f3n controlada, precisa y progresiva de la capa cornea de la piel de modo que se retiran las c\u00e9lulas muertas de la superficie de la piel, promoviendo la recuperaci\u00f3n y el desarrollo de una piel m\u00e1s saludable. 2. PENETRACI\u00d2N DE VITAMINAS: La electroporaci\u00f3n es un tratamiento en el que se aplican corrientes el\u00e9ctricas de baja intensidad sobre los poros de la piel para introducir sustancias activas que nos permitan tener una&hellip;<\/p>\n","category_list":"","author_info":{"name":"skinpechderma.com","url":"https:\/\/skinpechderma.com\/index.php\/author\/skinpechderma-com\/"},"comments_num":"0 comments","_links":{"self":[{"href":"https:\/\/skinpechderma.com\/index.php\/wp-json\/wp\/v2\/pages\/3397"}],"collection":[{"href":"https:\/\/skinpechderma.com\/index.php\/wp-json\/wp\/v2\/pages"}],"about":[{"href":"https:\/\/skinpechderma.com\/index.php\/wp-json\/wp\/v2\/types\/page"}],"author":[{"embeddable":true,"href":"https:\/\/skinpechderma.com\/index.php\/wp-json\/wp\/v2\/users\/1"}],"replies":[{"embeddable":true,"href":"https:\/\/skinpechderma.com\/index.php\/wp-json\/wp\/v2\/comments?post=3397"}],"version-history":[{"count":5,"href":"https:\/\/skinpechderma.com\/index.php\/wp-json\/wp\/v2\/pages\/3397\/revisions"}],"predecessor-version":[{"id":3409,"href":"https:\/\/skinpechderma.com\/index.php\/wp-json\/wp\/v2\/pages\/3397\/revisions\/3409"}],"wp:attachment":[{"href":"https:\/\/skinpechderma.com\/index.php\/wp-json\/wp\/v2\/media?parent=3397"}],"curies":[{"name":"wp","href":"https:\/\/api.w.org\/{rel}","templated":true}]}}