{"id":3242,"date":"2024-02-27T14:47:47","date_gmt":"2024-02-27T14:47:47","guid":{"rendered":"https:\/\/skinpechderma.com\/?page_id=3242"},"modified":"2024-02-27T14:56:58","modified_gmt":"2024-02-27T14:56:58","slug":"dermapen-o-nanopore","status":"publish","type":"page","link":"https:\/\/skinpechderma.com\/index.php\/dermapen-o-nanopore\/","title":{"rendered":"Dermapen o nanopore"},"content":{"rendered":"\n<div class=\"wp-block-stackable-heading stk-block-heading stk-block-heading--v2 stk-block stk-dc878e2\" id=\"strong-dermapen-o-nanopore-strong\" data-block-id=\"dc878e2\"><style>.stk-dc878e2{margin-bottom:16px !important}<\/style><h2 class=\"stk-block-heading__text has-text-align-center\"><strong>Dermapen o Nanopore<\/strong><\/h2><\/div>\n\n\n\n<p><\/p>\n\n\n\n<div class=\"wp-block-stackable-feature alignfull stk-block-feature stk-block stk-cef87f5 is-style-horizontal\" data-v=\"2\" data-block-id=\"cef87f5\"><div class=\"stk-content-align stk-cef87f5-column alignwide stk-container stk-cef87f5-container stk--no-background stk--no-padding\"><div class=\"stk-inner-blocks stk-block-content stk-row\">\n<div class=\"wp-block-stackable-column stk-block-column stk-column stk-block stk-61ade93\" data-v=\"4\" data-block-id=\"61ade93\"><style>.stk-61ade93{align-self:center !important;border-top-left-radius:15px !important;border-top-right-radius:15px !important;border-bottom-right-radius:15px !important;border-bottom-left-radius:15px !important;overflow:hidden !important;box-shadow:0 5px 30px -10px rgba(18,63,82,0.3) !important;border-style:solid !important;border-color:#8ed1fc !important;border-top-width:2px !important;border-right-width:2px !important;border-bottom-width:2px !important;border-left-width:2px !important}<\/style><div class=\"stk-column-wrapper stk-block-column__content stk-container stk-61ade93-container stk--no-background stk--no-padding\"><div class=\"stk-block-content stk-inner-blocks stk-61ade93-inner-blocks\">\n<div class=\"wp-block-stackable-columns stk-block-columns stk-block stk-c394e2b\" data-block-id=\"c394e2b\"><div class=\"stk-row stk-inner-blocks stk-block-content stk-content-align stk-c394e2b-column\">\n<div class=\"wp-block-stackable-column stk-block-column stk-column stk-block stk-d5ce2c8\" data-v=\"4\" data-block-id=\"d5ce2c8\"><div class=\"stk-column-wrapper stk-block-column__content stk-container stk-d5ce2c8-container stk--no-background stk--no-padding\"><div class=\"stk-block-content stk-inner-blocks stk-d5ce2c8-inner-blocks\">\n<div class=\"wp-block-stackable-heading stk-block-heading stk-block-heading--v2 stk-block stk-3a82bdf\" id=\"dermapen-strong-un-dispositivo-en-forma-de-lapiz-strong-compuesto-por-microagujas-que-a-partir-de-micro-punciones-en-la-piel-activa-la-regeneracion-del-colageno-y-la-elastina-del-propio-cuerpo-br-br-desencadenando-asi-un-proceso-de-curacion-natural-de-la-propia-piel-que-tiene-como-resultado-mejoras-en-el-aspecto-y-en-la-textura-de-la-zona-a-tratar\" data-block-id=\"3a82bdf\"><style>.stk-3a82bdf .stk-block-heading__text{font-size:18px !important}@media screen and (max-width:1023px){.stk-3a82bdf .stk-block-heading__text{font-size:18px !important}}<\/style><h5 class=\"stk-block-heading__text\">Dermapen <strong>un dispositivo en forma de l\u00e1piz<\/strong> compuesto por microagujas que a partir de micro punciones en la piel, activa la regeneraci\u00f3n del col\u00e1geno y la elastina del propio cuerpo. <br><br>Desencadenando as\u00ed, un proceso de curaci\u00f3n natural de la propia piel que tiene como resultado mejoras en el aspecto y en la textura de la zona a tratar.<\/h5><\/div>\n\n\n\n<div class=\"wp-block-stackable-text stk-block-text stk-block stk-2aec5f6\" data-block-id=\"2aec5f6\"><style>.stk-2aec5f6{margin-bottom:0px !important}<\/style><p class=\"stk-block-text__text\"><strong>Beneficios:<\/strong><\/p><\/div>\n\n\n\n<ul class=\"wp-block-list\">\n<li>Elimina arrugas, cicatrices, marcas, manchas o estr\u00edas<\/li>\n\n\n\n<li>Mejora la apariencia de las arrugas o l\u00edneas de expresi\u00f3n muy finas<\/li>\n\n\n\n<li>Mejora la apariencia de las estr\u00edas y cicatrices<\/li>\n\n\n\n<li>Fomenta la producci\u00f3n de elastina y col\u00e1geno<\/li>\n\n\n\n<li>Disminuye la apertura de los poros<\/li>\n<\/ul>\n\n\n\n<div class=\"wp-block-stackable-text stk-block-text stk-block stk-e1304b6\" data-block-id=\"e1304b6\"><p class=\"stk-block-text__text\"><strong>Aplicaci\u00f3n: <\/strong>60 min.<br><strong>Mantenimiento:<\/strong> 3 sesiones, 1 por mes.<br><strong>Anestesia:<\/strong> T\u00f3pica.<\/p><\/div>\n<\/div><\/div><\/div>\n<\/div><\/div>\n\n\n\n<div class=\"wp-block-stackable-button-group stk-block-button-group stk-block stk-b5cad4c\" data-block-id=\"b5cad4c\"><div class=\"stk-row stk-inner-blocks stk-block-content stk-button-group\">\n<div class=\"wp-block-stackable-button stk-block-button stk-block stk-939646b\" data-block-id=\"939646b\"><style>.stk-939646b .stk-button{background:var(--theme-palette-color-2,#4928cf) !important}.stk-939646b .stk-button__inner-text{color:var(--theme-palette-color-8,#ffffff) !important}<\/style><a class=\"stk-link stk-button stk--hover-effect-darken\" href=\"https:\/\/skinpechderma.com\/index.php\/contact\/\" target=\"_blank\" rel=\"noreferrer noopener\"><span class=\"has-text-color stk-button__inner-text\">Hacer Cita<\/span><\/a><\/div>\n<\/div><\/div>\n<\/div><\/div><\/div>\n\n\n\n<div class=\"wp-block-stackable-column stk-block-column stk-column stk-block stk-2b8eb37\" data-v=\"4\" data-block-id=\"2b8eb37\"><style>.stk-2b8eb37{align-self:center !important}<\/style><div class=\"stk-column-wrapper stk-block-column__content stk-container stk-2b8eb37-container stk--no-background stk--no-padding\"><div class=\"stk-block-content stk-inner-blocks stk-2b8eb37-inner-blocks\">\n<div class=\"wp-block-stackable-image stk-block-image stk-block stk-a186ffa\" data-block-id=\"a186ffa\"><style>.stk-a186ffa .stk-img-wrapper{width:100% !important;height:588px !important;--stk-gradient-overlay:0 !important}.stk-a186ffa .stk-img-wrapper img{transform:scale(0.96) !important}:where(.stk-hover-parent:hover,.stk-hover-parent.stk--is-hovered) .stk-a186ffa .stk-img-wrapper img{transform:scale(1.1) !important}.stk-a186ffa .stk-img-wrapper::after{background-color:#202c2c !important}:where(.stk-hover-parent:hover,.stk-hover-parent.stk--is-hovered) .stk-a186ffa .stk-img-wrapper::after{background-color:#202c2c !important}.stk-a186ffa .stk-img-wrapper::before{--stk-gradient-overlay:0.7 !important}:where(.stk-hover-parent:hover,.stk-hover-parent.stk--is-hovered) .stk-a186ffa .stk-img-wrapper{--stk-gradient-overlay:0.8 !important}<\/style><figure><span class=\"stk-img-wrapper stk-image--shape-stretch\"><img loading=\"lazy\" decoding=\"async\" class=\"stk-img wp-image-3247\" src=\"https:\/\/skinpechderma.com\/wp-content\/uploads\/2024\/02\/como-quitar-las-estrias.png\" width=\"665\" height=\"683\" srcset=\"https:\/\/skinpechderma.com\/wp-content\/uploads\/2024\/02\/como-quitar-las-estrias.png 665w, https:\/\/skinpechderma.com\/wp-content\/uploads\/2024\/02\/como-quitar-las-estrias-292x300.png 292w, https:\/\/skinpechderma.com\/wp-content\/uploads\/2024\/02\/como-quitar-las-estrias-500x514.png 500w, https:\/\/skinpechderma.com\/wp-content\/uploads\/2024\/02\/como-quitar-las-estrias-600x616.png 600w\" sizes=\"(max-width: 665px) 100vw, 665px\" \/><\/span><\/figure><\/div>\n<\/div><\/div><\/div>\n<\/div><\/div><\/div>\n\n\n\n<div class=\"wp-block-stackable-text stk-block-text stk-block stk-a79b1cb\" data-block-id=\"a79b1cb\"><p class=\"stk-block-text__text\"><\/p><\/div>\n","protected":false},"excerpt":{"rendered":"<p>Dermapen o Nanopore Dermapen un dispositivo en forma de l\u00e1piz compuesto por microagujas que a partir de micro punciones en la piel, activa la regeneraci\u00f3n del col\u00e1geno y la elastina del propio cuerpo. Desencadenando as\u00ed, un proceso de curaci\u00f3n natural de la propia piel que tiene como resultado mejoras en el aspecto y en la [&hellip;]<\/p>\n","protected":false},"author":1,"featured_media":0,"parent":0,"menu_order":0,"comment_status":"closed","ping_status":"closed","template":"essential-blocks-fullwidth-template.php","meta":{"_eb_attr":"","_monsterinsights_skip_tracking":false,"_monsterinsights_sitenote_active":false,"_monsterinsights_sitenote_note":"","_monsterinsights_sitenote_category":0,"_joinchat":[],"footnotes":""},"class_list":["post-3242","page","type-page","status-publish","hentry"],"blocksy_meta":[],"aioseo_notices":[],"featured_image_urls":{"full":"","thumbnail":"","medium":"","medium_large":"","large":"","1536x1536":"","2048x2048":"","wpzoom-rcb-block-header":"","wpzoom-rcb-block-header-square":"","wpzoom-rcb-block-step-image":"","wpzoom-rcb-structured-data-1_1":"","wpzoom-rcb-structured-data-4_3":"","wpzoom-rcb-structured-data-16_9":"","woocommerce_archive_thumbnail":"","woocommerce_thumbnail":"","woocommerce_single":"","woocommerce_gallery_thumbnail":""},"post_excerpt_stackable":"<p>Dermapen o Nanopore Dermapen un dispositivo en forma de l\u00e1piz compuesto por microagujas que a partir de micro punciones en la piel, activa la regeneraci\u00f3n del col\u00e1geno y la elastina del propio cuerpo. Desencadenando as\u00ed, un proceso de curaci\u00f3n natural de la propia piel que tiene como resultado mejoras en el aspecto y en la textura de la zona a tratar. Beneficios: Elimina arrugas, cicatrices, marcas, manchas o estr\u00edas Mejora la apariencia de las arrugas o l\u00edneas de expresi\u00f3n muy finas Mejora la apariencia de las estr\u00edas y cicatrices Fomenta la producci\u00f3n de elastina y col\u00e1geno Disminuye la apertura de&hellip;<\/p>\n","category_list":"","author_info":{"name":"skinpechderma.com","url":"https:\/\/skinpechderma.com\/index.php\/author\/skinpechderma-com\/"},"comments_num":"0 comments","_links":{"self":[{"href":"https:\/\/skinpechderma.com\/index.php\/wp-json\/wp\/v2\/pages\/3242"}],"collection":[{"href":"https:\/\/skinpechderma.com\/index.php\/wp-json\/wp\/v2\/pages"}],"about":[{"href":"https:\/\/skinpechderma.com\/index.php\/wp-json\/wp\/v2\/types\/page"}],"author":[{"embeddable":true,"href":"https:\/\/skinpechderma.com\/index.php\/wp-json\/wp\/v2\/users\/1"}],"replies":[{"embeddable":true,"href":"https:\/\/skinpechderma.com\/index.php\/wp-json\/wp\/v2\/comments?post=3242"}],"version-history":[{"count":5,"href":"https:\/\/skinpechderma.com\/index.php\/wp-json\/wp\/v2\/pages\/3242\/revisions"}],"predecessor-version":[{"id":3252,"href":"https:\/\/skinpechderma.com\/index.php\/wp-json\/wp\/v2\/pages\/3242\/revisions\/3252"}],"wp:attachment":[{"href":"https:\/\/skinpechderma.com\/index.php\/wp-json\/wp\/v2\/media?parent=3242"}],"curies":[{"name":"wp","href":"https:\/\/api.w.org\/{rel}","templated":true}]}}