{"id":3183,"date":"2024-02-25T00:00:56","date_gmt":"2024-02-25T00:00:56","guid":{"rendered":"https:\/\/skinpechderma.com\/?page_id=3183"},"modified":"2024-02-25T00:06:32","modified_gmt":"2024-02-25T00:06:32","slug":"nanopore","status":"publish","type":"page","link":"https:\/\/skinpechderma.com\/index.php\/nanopore\/","title":{"rendered":"Nanopore"},"content":{"rendered":"\n<div class=\"wp-block-stackable-heading stk-block-heading stk-block-heading--v2 stk-block stk-971bff4\" id=\"nanopore\" data-block-id=\"971bff4\"><style>.stk-971bff4{margin-bottom:20px !important}<\/style><h2 class=\"stk-block-heading__text has-text-align-center\">Nanopore<\/h2><\/div>\n\n\n\n<div class=\"wp-block-stackable-feature alignfull stk-block-feature stk-block stk-cef87f5 is-style-horizontal\" data-v=\"2\" data-block-id=\"cef87f5\"><div class=\"stk-content-align stk-cef87f5-column alignwide stk-container stk-cef87f5-container stk--no-background stk--no-padding\"><div class=\"stk-inner-blocks stk-block-content stk-row\">\n<div class=\"wp-block-stackable-column stk-block-column stk-column stk-block stk-61ade93\" data-v=\"4\" data-block-id=\"61ade93\"><style>.stk-61ade93{align-self:center !important;border-top-left-radius:15px !important;border-top-right-radius:15px !important;border-bottom-right-radius:15px !important;border-bottom-left-radius:15px !important;overflow:hidden !important;box-shadow:0 5px 30px -10px rgba(18,63,82,0.3) !important;border-style:solid !important;border-color:#8ed1fc !important;border-top-width:2px !important;border-right-width:2px !important;border-bottom-width:2px !important;border-left-width:2px !important}<\/style><div class=\"stk-column-wrapper stk-block-column__content stk-container stk-61ade93-container stk--no-background stk--no-padding\"><div class=\"stk-block-content stk-inner-blocks stk-61ade93-inner-blocks\">\n<div class=\"wp-block-stackable-columns stk-block-columns stk-block stk-c394e2b\" data-block-id=\"c394e2b\"><div class=\"stk-row stk-inner-blocks stk-block-content stk-content-align stk-c394e2b-column\">\n<div class=\"wp-block-stackable-column stk-block-column stk-column stk-block stk-d5ce2c8\" data-v=\"4\" data-block-id=\"d5ce2c8\"><div class=\"stk-column-wrapper stk-block-column__content stk-container stk-d5ce2c8-container stk--no-background stk--no-padding\"><div class=\"stk-block-content stk-inner-blocks stk-d5ce2c8-inner-blocks\">\n<div class=\"wp-block-stackable-heading stk-block-heading stk-block-heading--v2 stk-block stk-3a82bdf\" id=\"consiste-en-aplicar-micropuncion-para-abrir-micro-canales-en-la-piel-para-facilitar-el-ingreso-de-colageno-y-vitaminas-generando-un-rejuvenecimiento-facial-e-hidratando-a-la-piel-del-rostro-nuestro-tratamiento-nanopore-es-perfecto-para-todo-tipo-de-pieles-y-muy-recomendable-en-pacientes-con-problemas-cutaneos-como-arrugas-acne-manchas-cicatrices-entre-otras\" data-block-id=\"3a82bdf\"><style>.stk-3a82bdf{margin-bottom:0px !important}.stk-3a82bdf .stk-block-heading__text{font-weight:900 !important}<\/style><h6 class=\"stk-block-heading__text\">Consiste en aplicar micropunci\u00f3n para abrir micro canales en la piel, para facilitar el ingreso de col\u00e1geno y vitaminas, generando un rejuvenecimiento facial e hidratando a la piel del rostro. Nuestro tratamiento Nanopore es perfecto para todo tipo de pieles y muy recomendable en pacientes con problemas cut\u00e1neos como arrugas, acn\u00e9, manchas, cicatrices, entre otras.<\/h6><\/div>\n\n\n\n<div class=\"wp-block-stackable-text stk-block-text stk-block stk-1f19616\" data-block-id=\"1f19616\"><style>.stk-1f19616{margin-bottom:0px !important}<\/style><p class=\"stk-block-text__text\"><br><strong>Beneficios:<\/strong><\/p><\/div>\n\n\n\n<ul class=\"wp-block-list\">\n<li>Mejora la textura de la piel<\/li>\n\n\n\n<li>Mejora manchas superficiales<\/li>\n\n\n\n<li>Activa la producci\u00f3n de col\u00e1geno<\/li>\n\n\n\n<li>Activa la producci\u00f3n de elastina<\/li>\n\n\n\n<li>Productos son absorbidos hasta un 100%<\/li>\n\n\n\n<li>mejora las l\u00edneas de expresi\u00f3n<\/li>\n\n\n\n<li>La piel se ve revitalizada<\/li>\n<\/ul>\n\n\n\n<div class=\"wp-block-stackable-text stk-block-text stk-block stk-2e29d0c\" data-block-id=\"2e29d0c\"><p class=\"stk-block-text__text\"><strong>Sesi\u00f3nes:<\/strong> 3 sesiones, 1 cada mes.<br><strong>Aplicaci\u00f3n: <\/strong>60 minutos<br><strong>Anestesia:<\/strong> T\u00f3pica.<\/p><\/div>\n<\/div><\/div><\/div>\n<\/div><\/div>\n\n\n\n<div class=\"wp-block-stackable-button-group stk-block-button-group stk-block stk-b5cad4c\" data-block-id=\"b5cad4c\"><div class=\"stk-row stk-inner-blocks stk-block-content stk-button-group\">\n<div class=\"wp-block-stackable-button stk-block-button stk-block stk-939646b\" data-block-id=\"939646b\"><style>.stk-939646b .stk-button{background:var(--theme-palette-color-2,#4928cf) !important}.stk-939646b .stk-button__inner-text{color:var(--theme-palette-color-7,#FBFBFC) !important}<\/style><a class=\"stk-link stk-button stk--hover-effect-darken\" href=\"https:\/\/skinpechderma.com\/index.php\/contact\/\" target=\"_blank\" rel=\"noreferrer noopener\"><span class=\"has-text-color stk-button__inner-text\">Hacer Cita<\/span><\/a><\/div>\n<\/div><\/div>\n<\/div><\/div><\/div>\n\n\n\n<div class=\"wp-block-stackable-column stk-block-column stk-column stk-block stk-2b8eb37\" data-v=\"4\" data-block-id=\"2b8eb37\"><style>.stk-2b8eb37-container{margin-top:0px !important;margin-right:15px !important;margin-bottom:0px !important;margin-left:10px !important;max-width:593px !important}.stk-2b8eb37{align-self:center !important}<\/style><div class=\"stk-column-wrapper stk-block-column__content stk-container stk-2b8eb37-container stk--no-background stk--no-padding\"><div class=\"stk-block-content stk-inner-blocks stk-2b8eb37-inner-blocks\">\n<div class=\"wp-block-stackable-image stk-block-image stk-block stk-a186ffa\" data-block-id=\"a186ffa\"><style>.stk-a186ffa{min-height:144px !important;max-width:775px !important;padding-top:0px !important;padding-right:0px !important;padding-bottom:0px !important;padding-left:0px !important;margin-top:-1px !important}.stk-a186ffa .stk-img-wrapper{width:100% !important;height:100% !important;--stk-gradient-overlay:0 !important}.stk-a186ffa .stk-img-wrapper img{transform:scale(1.24) !important;object-position:100% 100% !important}:where(.stk-hover-parent:hover,.stk-hover-parent.stk--is-hovered) .stk-a186ffa .stk-img-wrapper img{transform:scale(1.1) !important}.stk-a186ffa .stk-img-wrapper::after{background-color:#202c2c !important}:where(.stk-hover-parent:hover,.stk-hover-parent.stk--is-hovered) .stk-a186ffa .stk-img-wrapper::after{background-color:#202c2c !important}.stk-a186ffa .stk-img-wrapper::before{--stk-gradient-overlay:0.7 !important}:where(.stk-hover-parent:hover,.stk-hover-parent.stk--is-hovered) .stk-a186ffa .stk-img-wrapper{--stk-gradient-overlay:0.8 !important}<\/style><figure><span class=\"stk-img-wrapper stk-image--shape-stretch\"><img loading=\"lazy\" decoding=\"async\" class=\"stk-img wp-image-3189\" src=\"https:\/\/skinpechderma.com\/wp-content\/uploads\/2024\/02\/clinica_InstagramPost_Square_InstagramStory_Announcement_InstagramPost_Square-1-1024x1024.webp\" width=\"1024\" height=\"1024\" srcset=\"https:\/\/skinpechderma.com\/wp-content\/uploads\/2024\/02\/clinica_InstagramPost_Square_InstagramStory_Announcement_InstagramPost_Square-1-1024x1024.webp 1024w, https:\/\/skinpechderma.com\/wp-content\/uploads\/2024\/02\/clinica_InstagramPost_Square_InstagramStory_Announcement_InstagramPost_Square-1-300x300.webp 300w, https:\/\/skinpechderma.com\/wp-content\/uploads\/2024\/02\/clinica_InstagramPost_Square_InstagramStory_Announcement_InstagramPost_Square-1-150x150.webp 150w, https:\/\/skinpechderma.com\/wp-content\/uploads\/2024\/02\/clinica_InstagramPost_Square_InstagramStory_Announcement_InstagramPost_Square-1-768x768.webp 768w, https:\/\/skinpechderma.com\/wp-content\/uploads\/2024\/02\/clinica_InstagramPost_Square_InstagramStory_Announcement_InstagramPost_Square-1-530x530.webp 530w, https:\/\/skinpechderma.com\/wp-content\/uploads\/2024\/02\/clinica_InstagramPost_Square_InstagramStory_Announcement_InstagramPost_Square-1-750x750.webp 750w, https:\/\/skinpechderma.com\/wp-content\/uploads\/2024\/02\/clinica_InstagramPost_Square_InstagramStory_Announcement_InstagramPost_Square-1-500x500.webp 500w, https:\/\/skinpechderma.com\/wp-content\/uploads\/2024\/02\/clinica_InstagramPost_Square_InstagramStory_Announcement_InstagramPost_Square-1-600x600.webp 600w, https:\/\/skinpechderma.com\/wp-content\/uploads\/2024\/02\/clinica_InstagramPost_Square_InstagramStory_Announcement_InstagramPost_Square-1-100x100.webp 100w, https:\/\/skinpechderma.com\/wp-content\/uploads\/2024\/02\/clinica_InstagramPost_Square_InstagramStory_Announcement_InstagramPost_Square-1.webp 1080w\" sizes=\"(max-width: 1024px) 100vw, 1024px\" \/><\/span><\/figure><\/div>\n<\/div><\/div><\/div>\n<\/div><\/div><\/div>\n\n\n\n<p><\/p>\n","protected":false},"excerpt":{"rendered":"<p>Nanopore Consiste en aplicar micropunci\u00f3n para abrir micro canales en la piel, para facilitar el ingreso de col\u00e1geno y vitaminas, generando un rejuvenecimiento facial e hidratando a la piel del rostro. Nuestro tratamiento Nanopore es perfecto para todo tipo de pieles y muy recomendable en pacientes con problemas cut\u00e1neos como arrugas, acn\u00e9, manchas, cicatrices, entre [&hellip;]<\/p>\n","protected":false},"author":1,"featured_media":0,"parent":0,"menu_order":0,"comment_status":"closed","ping_status":"closed","template":"essential-blocks-fullwidth-template.php","meta":{"_eb_attr":"","_monsterinsights_skip_tracking":false,"_monsterinsights_sitenote_active":false,"_monsterinsights_sitenote_note":"","_monsterinsights_sitenote_category":0,"_joinchat":[],"footnotes":""},"class_list":["post-3183","page","type-page","status-publish","hentry"],"blocksy_meta":[],"aioseo_notices":[],"featured_image_urls":{"full":"","thumbnail":"","medium":"","medium_large":"","large":"","1536x1536":"","2048x2048":"","wpzoom-rcb-block-header":"","wpzoom-rcb-block-header-square":"","wpzoom-rcb-block-step-image":"","wpzoom-rcb-structured-data-1_1":"","wpzoom-rcb-structured-data-4_3":"","wpzoom-rcb-structured-data-16_9":"","woocommerce_archive_thumbnail":"","woocommerce_thumbnail":"","woocommerce_single":"","woocommerce_gallery_thumbnail":""},"post_excerpt_stackable":"<p>Nanopore Consiste en aplicar micropunci\u00f3n para abrir micro canales en la piel, para facilitar el ingreso de col\u00e1geno y vitaminas, generando un rejuvenecimiento facial e hidratando a la piel del rostro. Nuestro tratamiento Nanopore es perfecto para todo tipo de pieles y muy recomendable en pacientes con problemas cut\u00e1neos como arrugas, acn\u00e9, manchas, cicatrices, entre otras. Beneficios: Mejora la textura de la piel Mejora manchas superficiales Activa la producci\u00f3n de col\u00e1geno Activa la producci\u00f3n de elastina Productos son absorbidos hasta un 100% mejora las l\u00edneas de expresi\u00f3n La piel se ve revitalizada Sesi\u00f3nes: 3 sesiones, 1 cada mes.Aplicaci\u00f3n: 60 minutosAnestesia:&hellip;<\/p>\n","category_list":"","author_info":{"name":"skinpechderma.com","url":"https:\/\/skinpechderma.com\/index.php\/author\/skinpechderma-com\/"},"comments_num":"0 comments","_links":{"self":[{"href":"https:\/\/skinpechderma.com\/index.php\/wp-json\/wp\/v2\/pages\/3183"}],"collection":[{"href":"https:\/\/skinpechderma.com\/index.php\/wp-json\/wp\/v2\/pages"}],"about":[{"href":"https:\/\/skinpechderma.com\/index.php\/wp-json\/wp\/v2\/types\/page"}],"author":[{"embeddable":true,"href":"https:\/\/skinpechderma.com\/index.php\/wp-json\/wp\/v2\/users\/1"}],"replies":[{"embeddable":true,"href":"https:\/\/skinpechderma.com\/index.php\/wp-json\/wp\/v2\/comments?post=3183"}],"version-history":[{"count":4,"href":"https:\/\/skinpechderma.com\/index.php\/wp-json\/wp\/v2\/pages\/3183\/revisions"}],"predecessor-version":[{"id":3192,"href":"https:\/\/skinpechderma.com\/index.php\/wp-json\/wp\/v2\/pages\/3183\/revisions\/3192"}],"wp:attachment":[{"href":"https:\/\/skinpechderma.com\/index.php\/wp-json\/wp\/v2\/media?parent=3183"}],"curies":[{"name":"wp","href":"https:\/\/api.w.org\/{rel}","templated":true}]}}