{"id":3160,"date":"2024-02-24T21:41:04","date_gmt":"2024-02-24T21:41:04","guid":{"rendered":"https:\/\/skinpechderma.com\/?page_id=3160"},"modified":"2024-02-25T00:10:11","modified_gmt":"2024-02-25T00:10:11","slug":"peeling-2","status":"publish","type":"page","link":"https:\/\/skinpechderma.com\/index.php\/peeling-2\/","title":{"rendered":"Peeling"},"content":{"rendered":"\n<div class=\"wp-block-stackable-heading stk-block-heading stk-block-heading--v2 stk-block stk-971bff4\" id=\"strong-peeling-strong\" data-block-id=\"971bff4\"><style>.stk-971bff4{margin-bottom:2px !important}<\/style><h2 class=\"stk-block-heading__text has-text-align-center\"><strong>Peeling<\/strong><\/h2><\/div>\n\n\n\n<div class=\"wp-block-stackable-feature alignfull stk-block-feature stk-block stk-cef87f5 is-style-horizontal\" data-v=\"2\" data-block-id=\"cef87f5\"><div class=\"stk-content-align stk-cef87f5-column alignwide stk-container stk-cef87f5-container stk--no-background stk--no-padding\"><div class=\"stk-inner-blocks stk-block-content stk-row\">\n<div class=\"wp-block-stackable-column stk-block-column stk-column stk-block stk-61ade93\" data-v=\"4\" data-block-id=\"61ade93\"><style>.stk-61ade93{align-self:center !important;border-top-left-radius:15px !important;border-top-right-radius:15px !important;border-bottom-right-radius:15px !important;border-bottom-left-radius:15px !important;overflow:hidden !important;box-shadow:0 5px 30px -10px rgba(18,63,82,0.3) !important;border-style:solid !important;border-color:#8ed1fc !important;border-top-width:2px !important;border-right-width:2px !important;border-bottom-width:2px !important;border-left-width:2px !important}@media screen and (min-width:768px){.stk-61ade93{flex:1 1 calc(45.099999999999994% - var(--stk-column-gap,0px) * 1 \/ 2 ) !important}}<\/style><div class=\"stk-column-wrapper stk-block-column__content stk-container stk-61ade93-container stk--no-background stk--no-padding\"><div class=\"stk-block-content stk-inner-blocks stk-61ade93-inner-blocks\">\n<div class=\"wp-block-stackable-columns stk-block-columns stk-block stk-c394e2b\" data-block-id=\"c394e2b\"><div class=\"stk-row stk-inner-blocks stk-block-content stk-content-align stk-c394e2b-column\">\n<div class=\"wp-block-stackable-column stk-block-column stk-column stk-block stk-d5ce2c8\" data-v=\"4\" data-block-id=\"d5ce2c8\"><div class=\"stk-column-wrapper stk-block-column__content stk-container stk-d5ce2c8-container stk--no-background stk--no-padding\"><div class=\"stk-block-content stk-inner-blocks stk-d5ce2c8-inner-blocks\">\n<div class=\"wp-block-stackable-heading stk-block-heading stk-block-heading--v2 stk-block stk-3a82bdf\" id=\"peeling-quimico-consiste-en-la-aplicacion-de-una-sustancia-que-provoca-una-descamacion-controlada-de-la-piel-con-la-finalidad-de-obtener-una-piel-suave-tersa-reducir-arrugas-y-libre-de-imperfecciones-como-marcas-de-acne-br-la-mejor-temporada-para-su-aplicacion-es-en-invierno\" data-block-id=\"3a82bdf\"><style>.stk-3a82bdf{margin-bottom:30px !important}.stk-3a82bdf .stk-block-heading__text{font-weight:900 !important}<\/style><h6 class=\"stk-block-heading__text\"> Peeling Qu\u00edmico consiste en la aplicaci\u00f3n de una sustancia que provoca una descamaci\u00f3n controlada de la piel con la finalidad de obtener una piel suave, tersa, reducir arrugas y libre de imperfecciones como marcas de acn\u00e9. <br>La mejor temporada para su aplicaci\u00f3n es en invierno.<\/h6><\/div>\n\n\n\n<div class=\"wp-block-stackable-text stk-block-text stk-block stk-2e29d0c\" data-block-id=\"2e29d0c\"><p class=\"stk-block-text__text\"><strong>Sesi\u00f3nes:<\/strong> 3 sesiones, 1 cada mes.<br><strong>Aplicaci\u00f3n: <\/strong>30 minutos.<br><strong>Anestesia:<\/strong> T\u00f3pica.<\/p><\/div>\n<\/div><\/div><\/div>\n<\/div><\/div>\n\n\n\n<div class=\"wp-block-stackable-button-group stk-block-button-group stk-block stk-b5cad4c\" data-block-id=\"b5cad4c\"><div class=\"stk-row stk-inner-blocks stk-block-content stk-button-group\">\n<div class=\"wp-block-stackable-button stk-block-button stk-block stk-939646b\" data-block-id=\"939646b\"><style>.stk-939646b .stk-button{background:var(--theme-palette-color-2,#4928cf) !important}.stk-939646b .stk-button__inner-text{color:var(--theme-palette-color-7,#FBFBFC) !important}<\/style><a class=\"stk-link stk-button stk--hover-effect-darken\" href=\"https:\/\/skinpechderma.com\/index.php\/contact\/\" target=\"_blank\" rel=\"noreferrer noopener\"><span class=\"has-text-color stk-button__inner-text\">Hacer Cita<\/span><\/a><\/div>\n<\/div><\/div>\n<\/div><\/div><\/div>\n\n\n\n<div class=\"wp-block-stackable-column stk-block-column stk-column stk-block stk-2b8eb37\" data-v=\"4\" data-block-id=\"2b8eb37\"><style>.stk-2b8eb37{align-self:center !important}.stk-2b8eb37-container{max-width:385px !important}@media screen and (min-width:768px){.stk-2b8eb37{flex:1 1 calc(54.9% - var(--stk-column-gap,0px) * 1 \/ 2 ) !important}}<\/style><div class=\"stk-column-wrapper stk-block-column__content stk-container stk-2b8eb37-container stk--no-background stk--no-padding\"><div class=\"stk-block-content stk-inner-blocks stk-2b8eb37-inner-blocks\">\n<div class=\"wp-block-stackable-image stk-block-image stk-block stk-a186ffa\" data-block-id=\"a186ffa\"><style>.stk-a186ffa .stk-img-wrapper{width:100% !important;height:100% !important;--stk-gradient-overlay:0 !important}.stk-a186ffa .stk-img-wrapper img{transform:scale(1.11) !important}:where(.stk-hover-parent:hover,.stk-hover-parent.stk--is-hovered) .stk-a186ffa .stk-img-wrapper img{transform:scale(1.1) !important}.stk-a186ffa .stk-img-wrapper::after{background-color:#202c2c !important}:where(.stk-hover-parent:hover,.stk-hover-parent.stk--is-hovered) .stk-a186ffa .stk-img-wrapper::after{background-color:#202c2c !important}.stk-a186ffa .stk-img-wrapper::before{--stk-gradient-overlay:0.7 !important}:where(.stk-hover-parent:hover,.stk-hover-parent.stk--is-hovered) .stk-a186ffa .stk-img-wrapper{--stk-gradient-overlay:0.8 !important}<\/style><figure><span class=\"stk-img-wrapper stk-image--shape-stretch\"><img loading=\"lazy\" decoding=\"async\" class=\"stk-img wp-image-3166\" src=\"https:\/\/skinpechderma.com\/wp-content\/uploads\/2024\/02\/shutterstock_82198840.png\" width=\"632\" height=\"659\" srcset=\"https:\/\/skinpechderma.com\/wp-content\/uploads\/2024\/02\/shutterstock_82198840.png 632w, https:\/\/skinpechderma.com\/wp-content\/uploads\/2024\/02\/shutterstock_82198840-288x300.png 288w, https:\/\/skinpechderma.com\/wp-content\/uploads\/2024\/02\/shutterstock_82198840-500x521.png 500w, https:\/\/skinpechderma.com\/wp-content\/uploads\/2024\/02\/shutterstock_82198840-600x626.png 600w\" sizes=\"(max-width: 632px) 100vw, 632px\" \/><\/span><\/figure><\/div>\n<\/div><\/div><\/div>\n<\/div><\/div><\/div>\n\n\n\n<p><\/p>\n","protected":false},"excerpt":{"rendered":"<p>Peeling Peeling Qu\u00edmico consiste en la aplicaci\u00f3n de una sustancia que provoca una descamaci\u00f3n controlada de la piel con la finalidad de obtener una piel suave, tersa, reducir arrugas y libre de imperfecciones como marcas de acn\u00e9. La mejor temporada para su aplicaci\u00f3n es en invierno. Sesi\u00f3nes: 3 sesiones, 1 cada mes.Aplicaci\u00f3n: 30 minutos.Anestesia: T\u00f3pica. [&hellip;]<\/p>\n","protected":false},"author":1,"featured_media":0,"parent":0,"menu_order":0,"comment_status":"closed","ping_status":"closed","template":"essential-blocks-fullwidth-template.php","meta":{"_eb_attr":"","_monsterinsights_skip_tracking":false,"_monsterinsights_sitenote_active":false,"_monsterinsights_sitenote_note":"","_monsterinsights_sitenote_category":0,"_joinchat":[],"footnotes":""},"class_list":["post-3160","page","type-page","status-publish","hentry"],"blocksy_meta":[],"aioseo_notices":[],"featured_image_urls":{"full":"","thumbnail":"","medium":"","medium_large":"","large":"","1536x1536":"","2048x2048":"","wpzoom-rcb-block-header":"","wpzoom-rcb-block-header-square":"","wpzoom-rcb-block-step-image":"","wpzoom-rcb-structured-data-1_1":"","wpzoom-rcb-structured-data-4_3":"","wpzoom-rcb-structured-data-16_9":"","woocommerce_archive_thumbnail":"","woocommerce_thumbnail":"","woocommerce_single":"","woocommerce_gallery_thumbnail":""},"post_excerpt_stackable":"<p>Peeling Peeling Qu\u00edmico consiste en la aplicaci\u00f3n de una sustancia que provoca una descamaci\u00f3n controlada de la piel con la finalidad de obtener una piel suave, tersa, reducir arrugas y libre de imperfecciones como marcas de acn\u00e9. La mejor temporada para su aplicaci\u00f3n es en invierno. Sesi\u00f3nes: 3 sesiones, 1 cada mes.Aplicaci\u00f3n: 30 minutos.Anestesia: T\u00f3pica. Hacer Cita<\/p>\n","category_list":"","author_info":{"name":"skinpechderma.com","url":"https:\/\/skinpechderma.com\/index.php\/author\/skinpechderma-com\/"},"comments_num":"0 comments","_links":{"self":[{"href":"https:\/\/skinpechderma.com\/index.php\/wp-json\/wp\/v2\/pages\/3160"}],"collection":[{"href":"https:\/\/skinpechderma.com\/index.php\/wp-json\/wp\/v2\/pages"}],"about":[{"href":"https:\/\/skinpechderma.com\/index.php\/wp-json\/wp\/v2\/types\/page"}],"author":[{"embeddable":true,"href":"https:\/\/skinpechderma.com\/index.php\/wp-json\/wp\/v2\/users\/1"}],"replies":[{"embeddable":true,"href":"https:\/\/skinpechderma.com\/index.php\/wp-json\/wp\/v2\/comments?post=3160"}],"version-history":[{"count":5,"href":"https:\/\/skinpechderma.com\/index.php\/wp-json\/wp\/v2\/pages\/3160\/revisions"}],"predecessor-version":[{"id":3199,"href":"https:\/\/skinpechderma.com\/index.php\/wp-json\/wp\/v2\/pages\/3160\/revisions\/3199"}],"wp:attachment":[{"href":"https:\/\/skinpechderma.com\/index.php\/wp-json\/wp\/v2\/media?parent=3160"}],"curies":[{"name":"wp","href":"https:\/\/api.w.org\/{rel}","templated":true}]}}