{"id":3027,"date":"2024-02-22T18:30:36","date_gmt":"2024-02-22T18:30:36","guid":{"rendered":"https:\/\/skinpechderma.com\/?page_id=3027"},"modified":"2024-02-22T18:30:38","modified_gmt":"2024-02-22T18:30:38","slug":"f-cells","status":"publish","type":"page","link":"https:\/\/skinpechderma.com\/index.php\/f-cells\/","title":{"rendered":"F-Cells"},"content":{"rendered":"\n<div class=\"wp-block-stackable-heading stk-block-heading stk-block-heading--v2 stk-block stk-dc878e2\" id=\"strong-f-cells-strong\" data-block-id=\"dc878e2\"><style>.stk-dc878e2{margin-bottom:1px !important}<\/style><h2 class=\"stk-block-heading__text has-text-align-center\"><strong>F-Cells<\/strong><\/h2><\/div>\n\n\n\n<div class=\"wp-block-stackable-text stk-block-text stk-block stk-c97e49a\" data-block-id=\"c97e49a\"><style>.stk-c97e49a .stk-block-text__text{font-size:25px !important}@media screen and (max-width:1023px){.stk-c97e49a .stk-block-text__text{font-size:25px !important}}<\/style><p class=\"stk-block-text__text has-text-align-center\">Tratamiento 100% natural con nuestras propias c\u00e9lulas de la piel<\/p><\/div>\n\n\n\n<p><\/p>\n\n\n\n<div class=\"wp-block-stackable-feature alignfull stk-block-feature stk-block stk-cef87f5 is-style-horizontal\" data-v=\"2\" data-block-id=\"cef87f5\"><div class=\"stk-content-align stk-cef87f5-column alignwide stk-container stk-cef87f5-container stk--no-background stk--no-padding\"><div class=\"stk-inner-blocks stk-block-content stk-row\">\n<div class=\"wp-block-stackable-column stk-block-column stk-column stk-block stk-61ade93\" data-v=\"4\" data-block-id=\"61ade93\"><style>.stk-61ade93{align-self:center !important;border-top-left-radius:15px !important;border-top-right-radius:15px !important;border-bottom-right-radius:15px !important;border-bottom-left-radius:15px !important;overflow:hidden !important;box-shadow:0 5px 30px -10px rgba(18,63,82,0.3) !important;border-style:solid !important;border-color:#8ed1fc !important;border-top-width:2px !important;border-right-width:2px !important;border-bottom-width:2px !important;border-left-width:2px !important}<\/style><div class=\"stk-column-wrapper stk-block-column__content stk-container stk-61ade93-container stk--no-background stk--no-padding\"><div class=\"stk-block-content stk-inner-blocks stk-61ade93-inner-blocks\">\n<div class=\"wp-block-stackable-columns stk-block-columns stk-block stk-c394e2b\" data-block-id=\"c394e2b\"><div class=\"stk-row stk-inner-blocks stk-block-content stk-content-align stk-c394e2b-column\">\n<div class=\"wp-block-stackable-column stk-block-column stk-column stk-block stk-d5ce2c8\" data-v=\"4\" data-block-id=\"d5ce2c8\"><div class=\"stk-column-wrapper stk-block-column__content stk-container stk-d5ce2c8-container stk--no-background stk--no-padding\"><div class=\"stk-block-content stk-inner-blocks stk-d5ce2c8-inner-blocks\">\n<div class=\"wp-block-stackable-heading stk-block-heading stk-block-heading--v2 stk-block stk-3a82bdf\" id=\"f-cells-es-un-tratamiento-integral-que-promueve-la-produccion-de-colageno-y-elastina-de-los-fibroblastos-encargados-de-producir-colageno-y-elastina-existentes-regenera-nuestra-piel-a-fondo-de-una-forma-natural-aporta-hidratacion-a-la-piel-mejoramos-la-calidad-y-aumentamos-el-grosor-e-iluminacion\" data-block-id=\"3a82bdf\"><style>.stk-3a82bdf .stk-block-heading__text{font-size:18px !important}@media screen and (max-width:1023px){.stk-3a82bdf .stk-block-heading__text{font-size:18px !important}}<\/style><h5 class=\"stk-block-heading__text\">F-Cells es un tratamiento integral que promueve la producci\u00f3n de col\u00e1geno y elastina de los fibroblastos (encargados de producir col\u00e1geno y elastina) existentes, regenera nuestra piel a fondo de una forma natural aporta hidrataci\u00f3n a la piel, mejoramos la calidad y aumentamos el grosor e iluminaci\u00f3n. <\/h5><\/div>\n\n\n\n<div class=\"wp-block-stackable-text stk-block-text stk-block stk-2aec5f6\" data-block-id=\"2aec5f6\"><p class=\"stk-block-text__text\">1. Toma de muestra de piel de ambos lados de la oreja de 5mm. Y toma de muestra sangu\u00ednea.<br><br>2. Envi\u00f3 a laboratorios F-Cells para la selecci\u00f3n de nuestras mejores c\u00e9lulas y reproducci\u00f3n de 10 millones de c\u00e9lulas.<br><br>3. Aplicaci\u00f3n de 10 jeringas de nuestras propias c\u00e9lulas atravez de microinyecciones.<br><br><strong>Congela tus c\u00e9lulas j\u00f3venes y apl\u00edcatelo a\u00f1os despu\u00e9s. <\/strong><\/p><\/div>\n<\/div><\/div><\/div>\n<\/div><\/div>\n\n\n\n<div class=\"wp-block-stackable-button-group stk-block-button-group stk-block stk-b5cad4c\" data-block-id=\"b5cad4c\"><div class=\"stk-row stk-inner-blocks stk-block-content stk-button-group\">\n<div class=\"wp-block-stackable-button stk-block-button stk-block stk-939646b\" data-block-id=\"939646b\"><style>.stk-939646b .stk-button{background:var(--theme-palette-color-2,#4928cf) !important}.stk-939646b .stk-button__inner-text{color:var(--theme-palette-color-8,#ffffff) !important}<\/style><a class=\"stk-link stk-button stk--hover-effect-darken\" href=\"https:\/\/skinpechderma.com\/index.php\/contact\/\" target=\"_blank\" rel=\"noreferrer noopener\"><span class=\"has-text-color stk-button__inner-text\">Hacer Cita<\/span><\/a><\/div>\n<\/div><\/div>\n<\/div><\/div><\/div>\n\n\n\n<div class=\"wp-block-stackable-column stk-block-column stk-column stk-block stk-2b8eb37\" data-v=\"4\" data-block-id=\"2b8eb37\"><style>.stk-2b8eb37{align-self:center !important}<\/style><div class=\"stk-column-wrapper stk-block-column__content stk-container stk-2b8eb37-container stk--no-background stk--no-padding\"><div class=\"stk-block-content stk-inner-blocks stk-2b8eb37-inner-blocks\">\n<div class=\"wp-block-stackable-image stk-block-image stk-block stk-a186ffa\" data-block-id=\"a186ffa\"><style>.stk-a186ffa .stk-img-wrapper{width:100% !important;height:450px !important;--stk-gradient-overlay:0 !important}.stk-a186ffa .stk-img-wrapper img{transform:scale(0.96) !important}:where(.stk-hover-parent:hover,.stk-hover-parent.stk--is-hovered) .stk-a186ffa .stk-img-wrapper img{transform:scale(1.1) !important}.stk-a186ffa .stk-img-wrapper::after{background-color:#202c2c !important}:where(.stk-hover-parent:hover,.stk-hover-parent.stk--is-hovered) .stk-a186ffa .stk-img-wrapper::after{background-color:#202c2c !important}.stk-a186ffa .stk-img-wrapper::before{--stk-gradient-overlay:0.7 !important}:where(.stk-hover-parent:hover,.stk-hover-parent.stk--is-hovered) .stk-a186ffa .stk-img-wrapper{--stk-gradient-overlay:0.8 !important}<\/style><figure><span class=\"stk-img-wrapper stk-image--shape-stretch\"><img loading=\"lazy\" decoding=\"async\" class=\"stk-img wp-image-1210\" src=\"https:\/\/skinpechderma.com\/wp-content\/uploads\/2023\/11\/Captura-de-Pantalla-2023-11-22-a-las-15.53.53-1024x1022.png\" width=\"1024\" height=\"1022\" srcset=\"https:\/\/skinpechderma.com\/wp-content\/uploads\/2023\/11\/Captura-de-Pantalla-2023-11-22-a-las-15.53.53-1024x1022.png 1024w, https:\/\/skinpechderma.com\/wp-content\/uploads\/2023\/11\/Captura-de-Pantalla-2023-11-22-a-las-15.53.53-500x499.png 500w, https:\/\/skinpechderma.com\/wp-content\/uploads\/2023\/11\/Captura-de-Pantalla-2023-11-22-a-las-15.53.53-100x100.png 100w, https:\/\/skinpechderma.com\/wp-content\/uploads\/2023\/11\/Captura-de-Pantalla-2023-11-22-a-las-15.53.53-600x599.png 600w, https:\/\/skinpechderma.com\/wp-content\/uploads\/2023\/11\/Captura-de-Pantalla-2023-11-22-a-las-15.53.53-300x300.png 300w, https:\/\/skinpechderma.com\/wp-content\/uploads\/2023\/11\/Captura-de-Pantalla-2023-11-22-a-las-15.53.53-150x150.png 150w, https:\/\/skinpechderma.com\/wp-content\/uploads\/2023\/11\/Captura-de-Pantalla-2023-11-22-a-las-15.53.53-768x767.png 768w, https:\/\/skinpechderma.com\/wp-content\/uploads\/2023\/11\/Captura-de-Pantalla-2023-11-22-a-las-15.53.53.png 1148w\" sizes=\"(max-width: 1024px) 100vw, 1024px\" \/><\/span><\/figure><\/div>\n<\/div><\/div><\/div>\n<\/div><\/div><\/div>\n\n\n\n<div class=\"wp-block-stackable-text stk-block-text stk-block stk-a79b1cb\" data-block-id=\"a79b1cb\"><p class=\"stk-block-text__text\"><\/p><\/div>\n","protected":false},"excerpt":{"rendered":"<p>F-Cells Tratamiento 100% natural con nuestras propias c\u00e9lulas de la piel F-Cells es un tratamiento integral que promueve la producci\u00f3n de col\u00e1geno y elastina de los fibroblastos (encargados de producir col\u00e1geno y elastina) existentes, regenera nuestra piel a fondo de una forma natural aporta hidrataci\u00f3n a la piel, mejoramos la calidad y aumentamos el grosor [&hellip;]<\/p>\n","protected":false},"author":1,"featured_media":0,"parent":0,"menu_order":0,"comment_status":"closed","ping_status":"closed","template":"essential-blocks-fullwidth-template.php","meta":{"_eb_attr":"","_monsterinsights_skip_tracking":false,"_monsterinsights_sitenote_active":false,"_monsterinsights_sitenote_note":"","_monsterinsights_sitenote_category":0,"_joinchat":[],"footnotes":""},"class_list":["post-3027","page","type-page","status-publish","hentry"],"blocksy_meta":[],"aioseo_notices":[],"featured_image_urls":{"full":"","thumbnail":"","medium":"","medium_large":"","large":"","1536x1536":"","2048x2048":"","wpzoom-rcb-block-header":"","wpzoom-rcb-block-header-square":"","wpzoom-rcb-block-step-image":"","wpzoom-rcb-structured-data-1_1":"","wpzoom-rcb-structured-data-4_3":"","wpzoom-rcb-structured-data-16_9":"","woocommerce_archive_thumbnail":"","woocommerce_thumbnail":"","woocommerce_single":"","woocommerce_gallery_thumbnail":""},"post_excerpt_stackable":"<p>F-Cells Tratamiento 100% natural con nuestras propias c\u00e9lulas de la piel F-Cells es un tratamiento integral que promueve la producci\u00f3n de col\u00e1geno y elastina de los fibroblastos (encargados de producir col\u00e1geno y elastina) existentes, regenera nuestra piel a fondo de una forma natural aporta hidrataci\u00f3n a la piel, mejoramos la calidad y aumentamos el grosor e iluminaci\u00f3n. 1. Toma de muestra de piel de ambos lados de la oreja de 5mm. Y toma de muestra sangu\u00ednea.2. Envi\u00f3 a laboratorios F-Cells para la selecci\u00f3n de nuestras mejores c\u00e9lulas y reproducci\u00f3n de 10 millones de c\u00e9lulas.3. Aplicaci\u00f3n de 10 jeringas de nuestras&hellip;<\/p>\n","category_list":"","author_info":{"name":"skinpechderma.com","url":"https:\/\/skinpechderma.com\/index.php\/author\/skinpechderma-com\/"},"comments_num":"0 comments","_links":{"self":[{"href":"https:\/\/skinpechderma.com\/index.php\/wp-json\/wp\/v2\/pages\/3027"}],"collection":[{"href":"https:\/\/skinpechderma.com\/index.php\/wp-json\/wp\/v2\/pages"}],"about":[{"href":"https:\/\/skinpechderma.com\/index.php\/wp-json\/wp\/v2\/types\/page"}],"author":[{"embeddable":true,"href":"https:\/\/skinpechderma.com\/index.php\/wp-json\/wp\/v2\/users\/1"}],"replies":[{"embeddable":true,"href":"https:\/\/skinpechderma.com\/index.php\/wp-json\/wp\/v2\/comments?post=3027"}],"version-history":[{"count":2,"href":"https:\/\/skinpechderma.com\/index.php\/wp-json\/wp\/v2\/pages\/3027\/revisions"}],"predecessor-version":[{"id":3030,"href":"https:\/\/skinpechderma.com\/index.php\/wp-json\/wp\/v2\/pages\/3027\/revisions\/3030"}],"wp:attachment":[{"href":"https:\/\/skinpechderma.com\/index.php\/wp-json\/wp\/v2\/media?parent=3027"}],"curies":[{"name":"wp","href":"https:\/\/api.w.org\/{rel}","templated":true}]}}