{"id":2647,"date":"2024-02-05T18:50:22","date_gmt":"2024-02-05T18:50:22","guid":{"rendered":"https:\/\/skinpechderma.com\/?page_id=2647"},"modified":"2024-03-22T16:02:22","modified_gmt":"2024-03-22T16:02:22","slug":"acerca-de-nosotros","status":"publish","type":"page","link":"https:\/\/skinpechderma.com\/index.php\/acerca-de-nosotros\/","title":{"rendered":"Acerca de nosotros"},"content":{"rendered":"\n<div class=\"wp-block-stackable-columns alignfull stk-block-columns stk-block stk-5a77d5e stk-block-background\" data-block-id=\"5a77d5e\"><style>.stk-5a77d5e{background-color:#00000000 !important;padding-top:0px !important;padding-right:0px !important;padding-bottom:0px !important;padding-left:0px !important;margin-bottom:-72px !important}.stk-5a77d5e:before{background-color:#00000000 !important}.stk-5a77d5e-column{--stk-columns-spacing:0px !important;--stk-column-gap:27px !important;row-gap:0px !important}@media screen and (max-width:767px){.stk-5a77d5e{max-width:1500px !important;padding-top:0px !important;padding-bottom:0px !important;margin-bottom:-72px !important}.stk-5a77d5e-column{--stk-column-gap:26px !important}}<\/style><div class=\"stk-row stk-inner-blocks stk-block-content stk-content-align stk-5a77d5e-column\">\n<div class=\"wp-block-stackable-column stk-block-column stk-column stk-block stk-aa4d76b animated fadeInRight slower o-anim-hover\" data-v=\"4\" data-block-id=\"aa4d76b\"><style>.stk-aa4d76b-container{margin-top:0px !important;margin-right:0px !important;margin-bottom:400px !important;margin-left:0px !important;background-color:transparent !important;background-position:center center !important;background-repeat:no-repeat !important;background-size:contain !important;box-shadow:none !important;padding-top:0px !important;padding-right:0px !important;padding-bottom:0px !important;padding-left:0px !important}.stk-aa4d76b{align-self:flex-end !important;padding-top:0px !important;padding-right:0px !important;padding-bottom:0px !important;padding-left:0px !important;margin-bottom:-100px !important}.stk-aa4d76b-container:before{background-color:transparent !important}@media screen and (min-width:768px){.stk-aa4d76b{flex:1 1 calc(54.69999999999999% - var(--stk-column-gap,0px) * 1 \/ 2 ) !important}}@media screen and (min-width:768px) and (max-width:1023px){.stk-aa4d76b{flex:0 1 calc(40% - var(--stk-column-gap,0px) * 1 \/ 2 ) !important}}@media screen and (max-width:1023px){.stk-aa4d76b{margin-bottom:0px !important}}@media screen and (max-width:767px){.stk-aa4d76b-container{margin-bottom:21px !important}.stk-aa4d76b{flex:0 1 calc(100% - var(--stk-column-gap,0px) * 1 \/ 2 ) !important}}<\/style><div class=\"stk-column-wrapper stk-block-column__content stk-container stk-aa4d76b-container stk-hover-parent\"><div class=\"stk-block-content stk-inner-blocks stk-aa4d76b-inner-blocks\">\n<figure class=\"wp-block-image aligncenter size-full has-custom-border animated fadeInRight slower is-style-rounded\"><img loading=\"lazy\" decoding=\"async\" width=\"2184\" height=\"2500\" src=\"https:\/\/skinpechderma.com\/wp-content\/uploads\/2024\/02\/PERFIL-DRA-LESLY-PECH-2-1.png\" alt=\"\" class=\"wp-image-2651\" style=\"border-style:none;border-width:0px;border-radius:21px\" srcset=\"https:\/\/skinpechderma.com\/wp-content\/uploads\/2024\/02\/PERFIL-DRA-LESLY-PECH-2-1.png 2184w, https:\/\/skinpechderma.com\/wp-content\/uploads\/2024\/02\/PERFIL-DRA-LESLY-PECH-2-1-262x300.png 262w, https:\/\/skinpechderma.com\/wp-content\/uploads\/2024\/02\/PERFIL-DRA-LESLY-PECH-2-1-895x1024.png 895w, https:\/\/skinpechderma.com\/wp-content\/uploads\/2024\/02\/PERFIL-DRA-LESLY-PECH-2-1-768x879.png 768w, https:\/\/skinpechderma.com\/wp-content\/uploads\/2024\/02\/PERFIL-DRA-LESLY-PECH-2-1-1342x1536.png 1342w, https:\/\/skinpechderma.com\/wp-content\/uploads\/2024\/02\/PERFIL-DRA-LESLY-PECH-2-1-1789x2048.png 1789w, https:\/\/skinpechderma.com\/wp-content\/uploads\/2024\/02\/PERFIL-DRA-LESLY-PECH-2-1-750x859.png 750w, https:\/\/skinpechderma.com\/wp-content\/uploads\/2024\/02\/PERFIL-DRA-LESLY-PECH-2-1-500x572.png 500w, https:\/\/skinpechderma.com\/wp-content\/uploads\/2024\/02\/PERFIL-DRA-LESLY-PECH-2-1-600x687.png 600w\" sizes=\"(max-width: 2184px) 100vw, 2184px\" \/><\/figure>\n\n\n\n<div class=\"wp-block-buttons animated fadeInLeft is-horizontal is-content-justification-center is-layout-flex wp-container-core-buttons-is-layout-1 wp-block-buttons-is-layout-flex\">\n<div class=\"wp-block-button animated bounce slower o-anim-hover\"><a class=\"wp-block-button__link wp-element-button\" href=\"https:\/\/skinpechderma.com\/index.php\/contact\/\">Hacer Cita<\/a><\/div>\n<\/div>\n<\/div><\/div><\/div>\n\n\n\n<div class=\"wp-block-stackable-column stk-block-column stk-column stk-block stk-ca9d1f2\" data-v=\"4\" data-block-id=\"ca9d1f2\"><style>.stk-ca9d1f2-container{margin-top:23px !important;margin-right:6px !important;margin-bottom:0px !important;margin-left:16px !important;max-width:1162px !important}.stk-ca9d1f2{align-self:flex-start !important;border-top-left-radius:25px !important;border-top-right-radius:25px !important;border-bottom-right-radius:25px !important;border-bottom-left-radius:25px !important;overflow:hidden !important;box-shadow:0 5px 30px -10px rgba(18,63,82,0.3) !important;border-style:solid !important;border-color:#8ed1fc !important;border-top-width:2px !important;border-right-width:2px !important;border-bottom-width:2px !important;border-left-width:2px !important;margin-bottom:101px !important}.stk-ca9d1f2-inner-blocks{row-gap:3px !important}@media screen and (min-width:768px){.stk-ca9d1f2{flex:1 1 calc(45.3% - var(--stk-column-gap,0px) * 1 \/ 2 ) !important}}@media screen and (max-width:767px){.stk-ca9d1f2-container{margin-bottom:12px !important}}<\/style><div class=\"stk-column-wrapper stk-block-column__content stk-container stk-ca9d1f2-container stk--no-background stk--no-padding\"><div class=\"stk-block-content stk-inner-blocks stk-ca9d1f2-inner-blocks\">\n<div class=\"wp-block-stackable-heading stk-block-heading stk-block-heading--v2 stk-block stk-f8f1d62 animated fadeInDown\" id=\"strong-perfil-profesional-strong\" data-block-id=\"f8f1d62\"><style>.stk-f8f1d62{box-shadow:none !important;min-height:58px !important;padding-top:25px !important;margin-bottom:0px !important;top:-8px !important;opacity:1 !important;z-index:1 !important}.stk-f8f1d62 .stk-block-heading__text{text-shadow:none !important;font-size:21px !important;color:var(--theme-palette-color-3,#4d5d6d) !important;line-height:2em !important;font-weight:500 !important;font-family:\"Poppins\",Sans-serif !important;letter-spacing:-0.2px !important}.stk-f8f1d62 .stk-block-heading__top-line{height:3px !important;width:1px !important;margin-bottom:5px !important}@media screen and (max-width:1023px){.stk-f8f1d62 .stk-block-heading__text{font-size:40px !important}}@media screen and (max-width:767px){.stk-f8f1d62 .stk-block-heading__text{font-size:20px !important}}<\/style><h6 class=\"stk-block-heading__text has-text-color has-text-align-left\"><strong>PERFIL PROFESIONAL<\/strong><\/h6><\/div>\n\n\n\n<div class=\"wp-block-stackable-heading stk-block-heading stk-block-heading--v2 stk-block stk-b8e9a6d animated fadeInDown\" id=\"medico-cirujano-egresada-de-la-strong-universidad-popular-autonoma-del-estado-de-puebla-upaep-strong-br-cedula-profesional-4039903\" data-block-id=\"b8e9a6d\"><style>.stk-b8e9a6d{box-shadow:none !important;min-height:58px !important;padding-top:6px !important;margin-bottom:0px !important;top:-8px !important;opacity:1 !important;z-index:1 !important}.stk-b8e9a6d .stk-block-heading__text{text-shadow:none !important;font-size:15px !important;color:#460879 !important;line-height:2em !important;font-weight:500 !important;font-family:\"Poppins\",Sans-serif !important;letter-spacing:-0.2px !important}.stk-b8e9a6d .stk-block-heading__top-line{height:3px !important;width:1px !important;margin-bottom:5px !important}@media screen and (max-width:1023px){.stk-b8e9a6d .stk-block-heading__text{font-size:40px !important}}@media screen and (max-width:767px){.stk-b8e9a6d .stk-block-heading__text{font-size:15px !important}}<\/style><h6 class=\"stk-block-heading__text has-text-color has-text-align-left\">&#8211; Medico Cirujano Egresada de la <strong>Universidad Popular Aut\u00f3noma del estado de Puebla (UPAEP) <\/strong><br>C\u00e9dula Profesional 4039903<\/h6><\/div>\n\n\n\n<div class=\"wp-block-stackable-heading stk-block-heading stk-block-heading--v2 stk-block stk-4fcd938 animated fadeInDown\" id=\"graduada-con-el-conocimiento-de-merito-al-estudio\" data-block-id=\"4fcd938\"><style>.stk-4fcd938{box-shadow:none !important;min-height:58px !important;padding-top:10px !important;margin-bottom:0px !important;top:-8px !important;opacity:1 !important;z-index:1 !important}.stk-4fcd938 .stk-block-heading__text{text-shadow:none !important;font-size:15px !important;color:#460879 !important;line-height:2em !important;font-weight:500 !important;font-family:\"Poppins\",Sans-serif !important;letter-spacing:-0.2px !important}.stk-4fcd938 .stk-block-heading__top-line{height:3px !important;width:1px !important;margin-bottom:5px !important}@media screen and (max-width:1023px){.stk-4fcd938 .stk-block-heading__text{font-size:40px !important}}@media screen and (max-width:767px){.stk-4fcd938 .stk-block-heading__text{font-size:15px !important}}<\/style><h6 class=\"stk-block-heading__text has-text-color has-text-align-left\">&#8211; Graduada con el conocimiento de m\u00e9rito al estudio.<\/h6><\/div>\n\n\n\n<div class=\"wp-block-stackable-heading stk-block-heading stk-block-heading--v2 stk-block stk-24987fa animated fadeInDown\" id=\"graduada-con-erconocimiento-de-merito-al-estudio-span-style-color-0900-ac-class-stk-highlight-cedula-profesional-4039903-universidad-popular-autonoma-del-estado-de-puebla-span\" data-block-id=\"24987fa\"><style>.stk-24987fa{box-shadow:none !important;min-height:58px !important;padding-top:10px !important;margin-bottom:0px !important;top:-8px !important;opacity:1 !important;z-index:1 !important}.stk-24987fa .stk-block-heading__text{text-shadow:none !important;font-size:15px !important;color:#460879 !important;line-height:2em !important;font-weight:500 !important;font-family:\"Poppins\",Sans-serif !important;letter-spacing:-0.2px !important}.stk-24987fa .stk-block-heading__top-line{height:3px !important;width:1px !important;margin-bottom:5px !important}@media screen and (max-width:1023px){.stk-24987fa .stk-block-heading__text{font-size:40px !important}}@media screen and (max-width:767px){.stk-24987fa .stk-block-heading__text{font-size:15px !important}}<\/style><h6 class=\"stk-block-heading__text has-text-color has-text-align-left\">&#8211; <strong>Especialidad en Dermatolog\u00eda<\/strong> en el Centro Dermatol\u00f3gico &#8220;Dr. Ladislado de la Pascua&#8221; avalada por la <strong>Universidad Aut\u00f3noma de M\u00e9xico (UNAM).<\/strong><\/h6><\/div>\n\n\n\n<div class=\"wp-block-stackable-heading stk-block-heading stk-block-heading--v2 stk-block stk-43af75c animated fadeInDown\" id=\"graduada-con-erconocimiento-de-merito-al-estudio-span-style-color-0900-ac-class-stk-highlight-cedula-profesional-4039903-universidad-popular-autonoma-del-estado-de-puebla-span\" data-block-id=\"43af75c\"><style>.stk-43af75c{box-shadow:none !important;min-height:58px !important;padding-top:11px !important;margin-bottom:0px !important;top:-8px !important;opacity:1 !important;z-index:1 !important}.stk-43af75c .stk-block-heading__text{text-shadow:none !important;font-size:15px !important;color:#460879 !important;line-height:2em !important;font-weight:500 !important;font-family:\"Poppins\",Sans-serif !important;letter-spacing:-0.2px !important}.stk-43af75c .stk-block-heading__top-line{height:3px !important;width:1px !important;margin-bottom:5px !important}@media screen and (max-width:1023px){.stk-43af75c .stk-block-heading__text{font-size:40px !important}}@media screen and (max-width:767px){.stk-43af75c .stk-block-heading__text{font-size:15px !important}}<\/style><h6 class=\"stk-block-heading__text has-text-color has-text-align-left\"> &#8211; Certificado Vigente ante el <strong>Consejo mexicano de Dermatologia.<\/strong><\/h6><\/div>\n\n\n\n<div class=\"wp-block-stackable-heading stk-block-heading stk-block-heading--v2 stk-block stk-b6ba612 animated fadeInDown\" id=\"graduada-con-erconocimiento-de-merito-al-estudio-span-style-color-0900-ac-class-stk-highlight-cedula-profesional-4039903-universidad-popular-autonoma-del-estado-de-puebla-span\" data-block-id=\"b6ba612\"><style>.stk-b6ba612{box-shadow:none !important;min-height:58px !important;padding-top:11px !important;margin-bottom:0px !important;top:-8px !important;opacity:1 !important;z-index:1 !important}.stk-b6ba612 .stk-block-heading__text{text-shadow:none !important;font-size:15px !important;color:#460879 !important;line-height:2em !important;font-weight:500 !important;font-family:\"Poppins\",Sans-serif !important;letter-spacing:-0.2px !important}.stk-b6ba612 .stk-block-heading__top-line{height:3px !important;width:1px !important;margin-bottom:5px !important}@media screen and (max-width:1023px){.stk-b6ba612 .stk-block-heading__text{font-size:40px !important}}@media screen and (max-width:767px){.stk-b6ba612 .stk-block-heading__text{font-size:15px !important}}<\/style><h6 class=\"stk-block-heading__text has-text-color has-text-align-left\"> &#8211; Miembro del <strong>Colegio de Dermat\u00f3logos de Chiapas.<\/strong><\/h6><\/div>\n\n\n\n<div class=\"wp-block-stackable-heading stk-block-heading stk-block-heading--v2 stk-block stk-91b59fc animated fadeInDown\" id=\"graduada-con-erconocimiento-de-merito-al-estudio-span-style-color-0900-ac-class-stk-highlight-cedula-profesional-4039903-universidad-popular-autonoma-del-estado-de-puebla-span\" data-block-id=\"91b59fc\"><style>.stk-91b59fc{box-shadow:none !important;min-height:58px !important;padding-top:11px !important;margin-bottom:0px !important;top:-8px !important;opacity:1 !important;z-index:1 !important}.stk-91b59fc .stk-block-heading__text{text-shadow:none !important;font-size:15px !important;color:#460879 !important;line-height:2em !important;font-weight:500 !important;font-family:\"Poppins\",Sans-serif !important;letter-spacing:-0.2px !important}.stk-91b59fc .stk-block-heading__top-line{height:3px !important;width:1px !important;margin-bottom:5px !important}@media screen and (max-width:1023px){.stk-91b59fc .stk-block-heading__text{font-size:40px !important}}@media screen and (max-width:767px){.stk-91b59fc .stk-block-heading__text{font-size:15px !important}}<\/style><h6 class=\"stk-block-heading__text has-text-color has-text-align-left\"> &#8211; Miembro de la <strong>Sociedad Poblana de Dermatolog\u00eda.<\/strong><\/h6><\/div>\n\n\n\n<div class=\"wp-block-stackable-heading stk-block-heading stk-block-heading--v2 stk-block stk-277eb83 animated fadeInDown\" id=\"graduada-con-erconocimiento-de-merito-al-estudio-span-style-color-0900-ac-class-stk-highlight-cedula-profesional-4039903-universidad-popular-autonoma-del-estado-de-puebla-span\" data-block-id=\"277eb83\"><style>.stk-277eb83{box-shadow:none !important;min-height:58px !important;padding-top:11px !important;margin-bottom:0px !important;top:-8px !important;opacity:1 !important;z-index:1 !important}.stk-277eb83 .stk-block-heading__text{text-shadow:none !important;font-size:15px !important;color:#460879 !important;line-height:2em !important;font-weight:500 !important;font-family:\"Poppins\",Sans-serif !important;letter-spacing:-0.2px !important}.stk-277eb83 .stk-block-heading__top-line{height:3px !important;width:1px !important;margin-bottom:5px !important}@media screen and (max-width:1023px){.stk-277eb83 .stk-block-heading__text{font-size:40px !important}}@media screen and (max-width:767px){.stk-277eb83 .stk-block-heading__text{font-size:15px !important}}<\/style><h6 class=\"stk-block-heading__text has-text-color has-text-align-left\"> &#8211; Miembro de la <strong>Sociedad Mexicana de Micolog\u00eda.<\/strong><\/h6><\/div>\n\n\n\n<div class=\"wp-block-stackable-heading stk-block-heading stk-block-heading--v2 stk-block stk-45222d0 animated fadeInDown\" id=\"graduada-con-erconocimiento-de-merito-al-estudio-span-style-color-0900-ac-class-stk-highlight-cedula-profesional-4039903-universidad-popular-autonoma-del-estado-de-puebla-span\" data-block-id=\"45222d0\"><style>.stk-45222d0{box-shadow:none !important;min-height:58px !important;padding-top:11px !important;margin-bottom:0px !important;top:-8px !important;opacity:1 !important;z-index:1 !important}.stk-45222d0 .stk-block-heading__text{text-shadow:none !important;font-size:15px !important;color:#460879 !important;line-height:2em !important;font-weight:500 !important;font-family:\"Poppins\",Sans-serif !important;letter-spacing:-0.2px !important}.stk-45222d0 .stk-block-heading__top-line{height:3px !important;width:1px !important;margin-bottom:5px !important}@media screen and (max-width:1023px){.stk-45222d0 .stk-block-heading__text{font-size:40px !important}}@media screen and (max-width:767px){.stk-45222d0 .stk-block-heading__text{font-size:15px !important}}<\/style><h6 class=\"stk-block-heading__text has-text-color has-text-align-left\"> &#8211; Diplomado en <strong>Cirug\u00eda Dermatologica y est\u00e9tica en San Salvador, Salvador.<\/strong><\/h6><\/div>\n\n\n\n<div class=\"wp-block-stackable-heading stk-block-heading stk-block-heading--v2 stk-block stk-a6c0d59 animated fadeInDown\" id=\"graduada-con-erconocimiento-de-merito-al-estudio-span-style-color-0900-ac-class-stk-highlight-cedula-profesional-4039903-universidad-popular-autonoma-del-estado-de-puebla-span\" data-block-id=\"a6c0d59\"><style>.stk-a6c0d59{box-shadow:none !important;min-height:0px !important;max-width:1500px !important;padding-top:10px !important;margin-bottom:0px !important;top:-8px !important;opacity:1 !important;z-index:1 !important}.stk-a6c0d59 .stk-block-heading__text{text-shadow:none !important;font-size:15px !important;color:#460879 !important;line-height:1.9em !important;font-weight:500 !important;font-family:\"Poppins\",Sans-serif !important;letter-spacing:-0.2px !important}.stk-a6c0d59 .stk-block-heading__top-line{height:3px !important;width:1px !important;margin-bottom:5px !important}@media screen and (max-width:1023px){.stk-a6c0d59 .stk-block-heading__text{font-size:40px !important}}@media screen and (max-width:767px){.stk-a6c0d59 .stk-block-heading__text{font-size:15px !important}}<\/style><h6 class=\"stk-block-heading__text has-text-color\"> &#8211; Curso de cirug\u00eda dermatol\u00f3gica en u\u00f1as avalado por el <strong>Instituto Nacional de Cierncias Medicas y Nutrici\u00f3n Salvador Zubiran.<\/strong><\/h6><\/div>\n\n\n\n<div class=\"wp-block-stackable-heading stk-block-heading stk-block-heading--v2 stk-block stk-5ed8d34 animated fadeInDown\" id=\"graduada-con-erconocimiento-de-merito-al-estudio-span-style-color-0900-ac-class-stk-highlight-cedula-profesional-4039903-universidad-popular-autonoma-del-estado-de-puebla-span\" data-block-id=\"5ed8d34\"><style>.stk-5ed8d34{box-shadow:none !important;min-height:58px !important;padding-top:11px !important;margin-bottom:0px !important;top:-8px !important;opacity:1 !important;z-index:1 !important}.stk-5ed8d34 .stk-block-heading__text{text-shadow:none !important;font-size:15px !important;color:#460879 !important;line-height:2.2em !important;font-weight:500 !important;font-family:\"Poppins\",Sans-serif !important;letter-spacing:-0.2px !important}.stk-5ed8d34 .stk-block-heading__top-line{height:3px !important;width:1px !important;margin-bottom:5px !important}@media screen and (max-width:1023px){.stk-5ed8d34 .stk-block-heading__text{font-size:40px !important}}@media screen and (max-width:767px){.stk-5ed8d34 .stk-block-heading__text{font-size:15px !important}}<\/style><h6 class=\"stk-block-heading__text has-text-color has-text-align-left\">&#8211; Particip\u00e1ci\u00f3n en m\u00e1s de 60 congresos nacionales e internacionales.<\/h6><\/div>\n\n\n\n<div class=\"wp-block-stackable-heading stk-block-heading stk-block-heading--v2 stk-block stk-db54291 animated fadeInDown\" id=\"graduada-con-erconocimiento-de-merito-al-estudio-span-style-color-0900-ac-class-stk-highlight-cedula-profesional-4039903-universidad-popular-autonoma-del-estado-de-puebla-span\" data-block-id=\"db54291\"><style>.stk-db54291{box-shadow:none !important;min-height:58px !important;padding-top:10px !important;margin-bottom:0px !important;top:-8px !important;opacity:1 !important;z-index:1 !important}.stk-db54291 .stk-block-heading__text{text-shadow:none !important;font-size:15px !important;color:#460879 !important;line-height:3.8em !important;font-weight:500 !important;font-family:\"Poppins\",Sans-serif !important;letter-spacing:-0.2px !important}.stk-db54291 .stk-block-heading__top-line{height:0px !important;width:1px !important;margin-bottom:5px !important}.stk-db54291 .stk-block-heading__bottom-line{height:0px !important}@media screen and (max-width:1023px){.stk-db54291 .stk-block-heading__text{font-size:40px !important}}@media screen and (max-width:767px){.stk-db54291 .stk-block-heading__text{font-size:15px !important;line-height:1.6em !important}.stk-db54291 .stk-block-heading__top-line{margin-bottom:0px !important}}<\/style><h6 class=\"stk-block-heading__text has-text-color has-text-align-left\">&#8211; Practica Privada con 10 a\u00f1os de experiencia.<\/h6><\/div>\n<\/div><\/div><\/div>\n<\/div><\/div>\n","protected":false},"excerpt":{"rendered":"<p>PERFIL PROFESIONAL &#8211; Medico Cirujano Egresada de la Universidad Popular Aut\u00f3noma del estado de Puebla (UPAEP) C\u00e9dula Profesional 4039903 &#8211; Graduada con el conocimiento de m\u00e9rito al estudio. &#8211; Especialidad en Dermatolog\u00eda en el Centro Dermatol\u00f3gico &#8220;Dr. Ladislado de la Pascua&#8221; avalada por la Universidad Aut\u00f3noma de M\u00e9xico (UNAM). &#8211; Certificado Vigente ante el Consejo [&hellip;]<\/p>\n","protected":false},"author":1,"featured_media":0,"parent":0,"menu_order":0,"comment_status":"closed","ping_status":"closed","template":"","meta":{"_eb_attr":"","_monsterinsights_skip_tracking":false,"_monsterinsights_sitenote_active":false,"_monsterinsights_sitenote_note":"","_monsterinsights_sitenote_category":0,"_joinchat":[],"footnotes":""},"class_list":["post-2647","page","type-page","status-publish","hentry"],"blocksy_meta":[],"aioseo_notices":[],"featured_image_urls":{"full":"","thumbnail":"","medium":"","medium_large":"","large":"","1536x1536":"","2048x2048":"","wpzoom-rcb-block-header":"","wpzoom-rcb-block-header-square":"","wpzoom-rcb-block-step-image":"","wpzoom-rcb-structured-data-1_1":"","wpzoom-rcb-structured-data-4_3":"","wpzoom-rcb-structured-data-16_9":"","woocommerce_archive_thumbnail":"","woocommerce_thumbnail":"","woocommerce_single":"","woocommerce_gallery_thumbnail":""},"post_excerpt_stackable":"<p>Hacer Cita PERFIL PROFESIONAL &#8211; Medico Cirujano Egresada de la Universidad Popular Aut\u00f3noma del estado de Puebla (UPAEP) C\u00e9dula Profesional 4039903 &#8211; Graduada con el conocimiento de m\u00e9rito al estudio. &#8211; Especialidad en Dermatolog\u00eda en el Centro Dermatol\u00f3gico &#8220;Dr. Ladislado de la Pascua&#8221; avalada por la Universidad Aut\u00f3noma de M\u00e9xico (UNAM). &#8211; Certificado Vigente ante el Consejo mexicano de Dermatologia. &#8211; Miembro del Colegio de Dermat\u00f3logos de Chiapas. &#8211; Miembro de la Sociedad Poblana de Dermatolog\u00eda. &#8211; Miembro de la Sociedad Mexicana de Micolog\u00eda. &#8211; Diplomado en Cirug\u00eda Dermatologica y est\u00e9tica en San Salvador, Salvador. &#8211; Curso de cirug\u00eda dermatol\u00f3gica&hellip;<\/p>\n","category_list":"","author_info":{"name":"skinpechderma.com","url":"https:\/\/skinpechderma.com\/index.php\/author\/skinpechderma-com\/"},"comments_num":"0 comments","_links":{"self":[{"href":"https:\/\/skinpechderma.com\/index.php\/wp-json\/wp\/v2\/pages\/2647"}],"collection":[{"href":"https:\/\/skinpechderma.com\/index.php\/wp-json\/wp\/v2\/pages"}],"about":[{"href":"https:\/\/skinpechderma.com\/index.php\/wp-json\/wp\/v2\/types\/page"}],"author":[{"embeddable":true,"href":"https:\/\/skinpechderma.com\/index.php\/wp-json\/wp\/v2\/users\/1"}],"replies":[{"embeddable":true,"href":"https:\/\/skinpechderma.com\/index.php\/wp-json\/wp\/v2\/comments?post=2647"}],"version-history":[{"count":23,"href":"https:\/\/skinpechderma.com\/index.php\/wp-json\/wp\/v2\/pages\/2647\/revisions"}],"predecessor-version":[{"id":4021,"href":"https:\/\/skinpechderma.com\/index.php\/wp-json\/wp\/v2\/pages\/2647\/revisions\/4021"}],"wp:attachment":[{"href":"https:\/\/skinpechderma.com\/index.php\/wp-json\/wp\/v2\/media?parent=2647"}],"curies":[{"name":"wp","href":"https:\/\/api.w.org\/{rel}","templated":true}]}}