{"id":2507,"date":"2024-02-05T08:30:47","date_gmt":"2024-02-05T08:30:47","guid":{"rendered":"https:\/\/skinpechderma.com\/?page_id=2507"},"modified":"2024-02-22T18:20:20","modified_gmt":"2024-02-22T18:20:20","slug":"estimulante-efecto-relleno-lifting","status":"publish","type":"page","link":"https:\/\/skinpechderma.com\/index.php\/estimulante-efecto-relleno-lifting\/","title":{"rendered":"Power Serum"},"content":{"rendered":"\n<div class=\"wp-block-stackable-heading stk-block-heading stk-block-heading--v2 stk-block stk-971bff4\" id=\"strong-power-serum-strong\" data-block-id=\"971bff4\"><style>.stk-971bff4{margin-bottom:2px !important}<\/style><h2 class=\"stk-block-heading__text has-text-align-center\"><strong>Power Serum<\/strong><\/h2><\/div>\n\n\n\n<div class=\"wp-block-stackable-feature alignfull stk-block-feature stk-block stk-cef87f5 is-style-horizontal\" data-v=\"2\" data-block-id=\"cef87f5\"><div class=\"stk-content-align stk-cef87f5-column alignwide stk-container stk-cef87f5-container stk--no-background stk--no-padding\"><div class=\"stk-inner-blocks stk-block-content stk-row\">\n<div class=\"wp-block-stackable-column stk-block-column stk-column stk-block stk-61ade93\" data-v=\"4\" data-block-id=\"61ade93\"><style>.stk-61ade93{align-self:center !important;border-top-left-radius:15px !important;border-top-right-radius:15px !important;border-bottom-right-radius:15px !important;border-bottom-left-radius:15px !important;overflow:hidden !important;box-shadow:0 5px 30px -10px rgba(18,63,82,0.3) !important;border-style:solid !important;border-color:#8ed1fc !important;border-top-width:2px !important;border-right-width:2px !important;border-bottom-width:2px !important;border-left-width:2px !important}<\/style><div class=\"stk-column-wrapper stk-block-column__content stk-container stk-61ade93-container stk--no-background stk--no-padding\"><div class=\"stk-block-content stk-inner-blocks stk-61ade93-inner-blocks\">\n<div class=\"wp-block-stackable-columns stk-block-columns stk-block stk-c394e2b\" data-block-id=\"c394e2b\"><div class=\"stk-row stk-inner-blocks stk-block-content stk-content-align stk-c394e2b-column\">\n<div class=\"wp-block-stackable-column stk-block-column stk-column stk-block stk-d5ce2c8\" data-v=\"4\" data-block-id=\"d5ce2c8\"><div class=\"stk-column-wrapper stk-block-column__content stk-container stk-d5ce2c8-container stk--no-background stk--no-padding\"><div class=\"stk-block-content stk-inner-blocks stk-d5ce2c8-inner-blocks\">\n<div class=\"wp-block-stackable-heading stk-block-heading stk-block-heading--v2 stk-block stk-3a82bdf\" id=\"elixir-intravenoso-esta-enfocado-en-regenerar-el-dano-por-desgaste-cronico-inducido-por-estres-desvelo-malos-horarios-y-deficits-nutricionales-aporta-el-100-de-todas-las-vitaminas-que-requiere-el-cuerpo-todos-los-minerales-y-todos-los-oligoelementos-como-magnesio-selenio-y-zinc-br-br-incluye-quelantes-que-son-sustancias-que-limpian-al-organismo-y-lo-desintoxican-por-lo-que-mejora-el-higado-graso-la-insuficiencia-hepatica-dano-por-alcohol-y-diabetes-br-br-su-alto-contenido-en-antioxidantes-como-glutation-y-mega-dosis-de-vitamina-c-ayuda-a-mejorar-la-calidad-de-piel-la-piel-es-mas-elastica-luminosa-y-firme-ayuda-a-cicatrizar-las-heridas-br-br-ideal-para-personas-con-grandes-desgastes-fisicos-atletas-de-alto-rendimiento-pacientes-con-enfermedades-cronicas-que-ocasionen-dano-metabolico-como-la-obesidad-diabetes-alcoholismo-entre-otros\" data-block-id=\"3a82bdf\"><style>.stk-3a82bdf .stk-block-heading__text{font-weight:900 !important}<\/style><h6 class=\"stk-block-heading__text\">Elixir intravenoso est\u00e1 enfocado en regenerar el da\u00f1o por desgaste cr\u00f3nico, inducido por estr\u00e9s, desvelo, malos horarios y d\u00e9ficits nutricionales, aporta el 100% de todas las vitaminas que requiere el cuerpo, todos los minerales y todos los oligoelementos, como magnesio, selenio y zinc.<br><br>Incluye quelantes que son sustancias que limpian al organismo y lo desintoxican. Por lo que mejora el h\u00edgado graso, la insuficiencia hep\u00e1tica, da\u00f1o por alcohol, y diabetes. <br><br>Su alto contenido en antioxidantes como glutation y mega dosis de vitamina C, ayuda a mejorar la calidad de piel, la piel es m\u00e1s el\u00e1stica, luminosa y firme, ayuda a cicatrizar las heridas.<br><br>Ideal para personas con grandes desgastes f\u00edsicos, atletas de alto rendimiento, pacientes con enfermedades cr\u00f3nicas que ocasionen da\u00f1o metab\u00f3lico como la obesidad, diabetes, alcoholismo entre otros.<\/h6><\/div>\n\n\n\n<div class=\"wp-block-stackable-text stk-block-text stk-block stk-1f19616\" data-block-id=\"1f19616\"><p class=\"stk-block-text__text\"><strong>Aplicaci\u00f3n:<\/strong> 30 minutos.<br><strong>Sesi\u00f3n:<\/strong> 2 sesiones una por mes.<br><strong>Mantenimiento:<\/strong> Anual<\/p><\/div>\n<\/div><\/div><\/div>\n<\/div><\/div>\n\n\n\n<div class=\"wp-block-stackable-button-group stk-block-button-group stk-block stk-b5cad4c\" data-block-id=\"b5cad4c\"><div class=\"stk-row stk-inner-blocks stk-block-content stk-button-group\">\n<div class=\"wp-block-stackable-button stk-block-button stk-block stk-939646b\" data-block-id=\"939646b\"><style>.stk-939646b .stk-button{background:var(--theme-palette-color-2,#4928cf) !important}.stk-939646b .stk-button__inner-text{color:var(--theme-palette-color-7,#FBFBFC) !important}<\/style><a class=\"stk-link stk-button stk--hover-effect-darken\" href=\"https:\/\/skinpechderma.com\/index.php\/contact\/\" target=\"_blank\" rel=\"noreferrer noopener\"><span class=\"has-text-color stk-button__inner-text\">Hacer Cita<\/span><\/a><\/div>\n<\/div><\/div>\n<\/div><\/div><\/div>\n\n\n\n<div class=\"wp-block-stackable-column stk-block-column stk-column stk-block stk-2b8eb37\" data-v=\"4\" data-block-id=\"2b8eb37\"><style>.stk-2b8eb37{align-self:center !important}<\/style><div class=\"stk-column-wrapper stk-block-column__content stk-container stk-2b8eb37-container stk--no-background stk--no-padding\"><div class=\"stk-block-content stk-inner-blocks stk-2b8eb37-inner-blocks\">\n<div class=\"wp-block-stackable-image stk-block-image stk-block stk-a186ffa\" data-block-id=\"a186ffa\"><style>.stk-a186ffa .stk-img-wrapper{width:100% !important;height:100% !important;--stk-gradient-overlay:0 !important}.stk-a186ffa .stk-img-wrapper img{transform:scale(0.96) !important}:where(.stk-hover-parent:hover,.stk-hover-parent.stk--is-hovered) .stk-a186ffa .stk-img-wrapper img{transform:scale(1.1) !important}.stk-a186ffa .stk-img-wrapper::after{background-color:#202c2c !important}:where(.stk-hover-parent:hover,.stk-hover-parent.stk--is-hovered) .stk-a186ffa .stk-img-wrapper::after{background-color:#202c2c !important}.stk-a186ffa .stk-img-wrapper::before{--stk-gradient-overlay:0.7 !important}:where(.stk-hover-parent:hover,.stk-hover-parent.stk--is-hovered) .stk-a186ffa .stk-img-wrapper{--stk-gradient-overlay:0.8 !important}<\/style><figure><span class=\"stk-img-wrapper stk-image--shape-stretch\"><img loading=\"lazy\" decoding=\"async\" class=\"stk-img wp-image-1253\" src=\"https:\/\/skinpechderma.com\/wp-content\/uploads\/2023\/11\/Captura-de-Pantalla-2023-11-23-a-las-15.32.57.png\" width=\"572\" height=\"720\" srcset=\"https:\/\/skinpechderma.com\/wp-content\/uploads\/2023\/11\/Captura-de-Pantalla-2023-11-23-a-las-15.32.57.png 572w, https:\/\/skinpechderma.com\/wp-content\/uploads\/2023\/11\/Captura-de-Pantalla-2023-11-23-a-las-15.32.57-500x629.png 500w, https:\/\/skinpechderma.com\/wp-content\/uploads\/2023\/11\/Captura-de-Pantalla-2023-11-23-a-las-15.32.57-238x300.png 238w\" sizes=\"(max-width: 572px) 100vw, 572px\" \/><\/span><\/figure><\/div>\n<\/div><\/div><\/div>\n<\/div><\/div><\/div>\n\n\n\n<p><\/p>\n","protected":false},"excerpt":{"rendered":"<p>Power Serum Elixir intravenoso est\u00e1 enfocado en regenerar el da\u00f1o por desgaste cr\u00f3nico, inducido por estr\u00e9s, desvelo, malos horarios y d\u00e9ficits nutricionales, aporta el 100% de todas las vitaminas que requiere el cuerpo, todos los minerales y todos los oligoelementos, como magnesio, selenio y zinc. Incluye quelantes que son sustancias que limpian al organismo y [&hellip;]<\/p>\n","protected":false},"author":1,"featured_media":0,"parent":0,"menu_order":0,"comment_status":"closed","ping_status":"closed","template":"essential-blocks-fullwidth-template.php","meta":{"_eb_attr":"","_monsterinsights_skip_tracking":false,"_monsterinsights_sitenote_active":false,"_monsterinsights_sitenote_note":"","_monsterinsights_sitenote_category":0,"_joinchat":[],"footnotes":""},"class_list":["post-2507","page","type-page","status-publish","hentry"],"blocksy_meta":[],"aioseo_notices":[],"featured_image_urls":{"full":"","thumbnail":"","medium":"","medium_large":"","large":"","1536x1536":"","2048x2048":"","wpzoom-rcb-block-header":"","wpzoom-rcb-block-header-square":"","wpzoom-rcb-block-step-image":"","wpzoom-rcb-structured-data-1_1":"","wpzoom-rcb-structured-data-4_3":"","wpzoom-rcb-structured-data-16_9":"","woocommerce_archive_thumbnail":"","woocommerce_thumbnail":"","woocommerce_single":"","woocommerce_gallery_thumbnail":""},"post_excerpt_stackable":"<p>Power Serum Elixir intravenoso est\u00e1 enfocado en regenerar el da\u00f1o por desgaste cr\u00f3nico, inducido por estr\u00e9s, desvelo, malos horarios y d\u00e9ficits nutricionales, aporta el 100% de todas las vitaminas que requiere el cuerpo, todos los minerales y todos los oligoelementos, como magnesio, selenio y zinc.Incluye quelantes que son sustancias que limpian al organismo y lo desintoxican. Por lo que mejora el h\u00edgado graso, la insuficiencia hep\u00e1tica, da\u00f1o por alcohol, y diabetes. Su alto contenido en antioxidantes como glutation y mega dosis de vitamina C, ayuda a mejorar la calidad de piel, la piel es m\u00e1s el\u00e1stica, luminosa y firme, ayuda&hellip;<\/p>\n","category_list":"","author_info":{"name":"skinpechderma.com","url":"https:\/\/skinpechderma.com\/index.php\/author\/skinpechderma-com\/"},"comments_num":"0 comments","_links":{"self":[{"href":"https:\/\/skinpechderma.com\/index.php\/wp-json\/wp\/v2\/pages\/2507"}],"collection":[{"href":"https:\/\/skinpechderma.com\/index.php\/wp-json\/wp\/v2\/pages"}],"about":[{"href":"https:\/\/skinpechderma.com\/index.php\/wp-json\/wp\/v2\/types\/page"}],"author":[{"embeddable":true,"href":"https:\/\/skinpechderma.com\/index.php\/wp-json\/wp\/v2\/users\/1"}],"replies":[{"embeddable":true,"href":"https:\/\/skinpechderma.com\/index.php\/wp-json\/wp\/v2\/comments?post=2507"}],"version-history":[{"count":9,"href":"https:\/\/skinpechderma.com\/index.php\/wp-json\/wp\/v2\/pages\/2507\/revisions"}],"predecessor-version":[{"id":3015,"href":"https:\/\/skinpechderma.com\/index.php\/wp-json\/wp\/v2\/pages\/2507\/revisions\/3015"}],"wp:attachment":[{"href":"https:\/\/skinpechderma.com\/index.php\/wp-json\/wp\/v2\/media?parent=2507"}],"curies":[{"name":"wp","href":"https:\/\/api.w.org\/{rel}","templated":true}]}}