{"id":2470,"date":"2024-02-05T06:34:01","date_gmt":"2024-02-05T06:34:01","guid":{"rendered":"https:\/\/skinpechderma.com\/?page_id=2470"},"modified":"2024-02-08T16:39:17","modified_gmt":"2024-02-08T16:39:17","slug":"hidro-deluxe-hidratacion-lifting","status":"publish","type":"page","link":"https:\/\/skinpechderma.com\/index.php\/hidro-deluxe-hidratacion-lifting\/","title":{"rendered":"Hidro Deluxe \/ Hidrataci\u00f3n + lifting"},"content":{"rendered":"\n<div class=\"wp-block-stackable-text stk-block-text stk-block stk-f2a843a\" data-block-id=\"f2a843a\"><p class=\"stk-block-text__text\"><\/p><\/div>\n\n\n\n<div class=\"wp-block-stackable-heading stk-block-heading stk-block-heading--v2 stk-block stk-526988d\" id=\"hidro-deluxe\" data-block-id=\"526988d\"><style>.stk-526988d{margin-bottom:0px !important}<\/style><h2 class=\"stk-block-heading__text has-text-align-center\">Hidro Deluxe<\/h2><\/div>\n\n\n\n<div class=\"wp-block-stackable-text stk-block-text stk-block stk-be3f716\" data-block-id=\"be3f716\"><style>.stk-be3f716 .stk-block-text__text{font-size:25px !important}@media screen and (max-width:1023px){.stk-be3f716 .stk-block-text__text{font-size:25px !important}}<\/style><p class=\"stk-block-text__text has-text-align-center\">Hidrataci\u00f3n + lifting<\/p><\/div>\n\n\n\n<div class=\"wp-block-stackable-feature alignfull stk-block-feature stk-block stk-cef87f5 is-style-horizontal\" data-v=\"2\" data-block-id=\"cef87f5\"><div class=\"stk-content-align stk-cef87f5-column alignwide stk-container stk-cef87f5-container stk--no-background stk--no-padding\"><div class=\"stk-inner-blocks stk-block-content stk-row\">\n<div class=\"wp-block-stackable-column stk-block-column stk-column stk-block stk-61ade93\" data-v=\"4\" data-block-id=\"61ade93\"><style>.stk-61ade93{align-self:center !important;border-top-left-radius:15px !important;border-top-right-radius:15px !important;border-bottom-right-radius:15px !important;border-bottom-left-radius:15px !important;overflow:hidden !important;box-shadow:0 5px 30px -10px rgba(18,63,82,0.3) !important;border-style:solid !important;border-color:#8ed1fc !important;border-top-width:2px !important;border-right-width:2px !important;border-bottom-width:2px !important;border-left-width:2px !important}@media screen and (min-width:768px){.stk-61ade93{flex:1 1 calc(53.9% - var(--stk-column-gap,0px) * 1 \/ 2 ) !important}}<\/style><div class=\"stk-column-wrapper stk-block-column__content stk-container stk-61ade93-container stk--no-background stk--no-padding\"><div class=\"stk-block-content stk-inner-blocks stk-61ade93-inner-blocks\">\n<div class=\"wp-block-stackable-columns stk-block-columns stk-block stk-c394e2b\" data-block-id=\"c394e2b\"><div class=\"stk-row stk-inner-blocks stk-block-content stk-content-align stk-c394e2b-column\">\n<div class=\"wp-block-stackable-column stk-block-column stk-column stk-block stk-d5ce2c8\" data-v=\"4\" data-block-id=\"d5ce2c8\"><div class=\"stk-column-wrapper stk-block-column__content stk-container stk-d5ce2c8-container stk--no-background stk--no-padding\"><div class=\"stk-block-content stk-inner-blocks stk-d5ce2c8-inner-blocks\">\n<div class=\"wp-block-stackable-heading stk-block-heading stk-block-heading--v2 stk-block stk-3a82bdf\" id=\"neauvia-hydro-deluxe-es-el-unico-producto-inyectable-para-mesaoterapia-que-combina-hidratacion-profunda-con-bioestimulacion-restaurando-la-calidad-de-una-piel-deshidratada-y-envejecida-ayudando-a-mejorar-la-elasticidad-y-aportando-luminosidad-no-se-puede-usar-en-zona-periocular-ni-patas-de-gallo-puede-usarse-en-cara-cuello-escote-manos-codos-rodillas-br-br-ideal-para-todas-las-edades-puede-aplicarse-hasta-4-sesiones-con-intervalos-de-un-mes-dependiendo-la-calidad-de-piel-br\" data-block-id=\"3a82bdf\"><style>.stk-3a82bdf .stk-block-heading__text{font-size:18px !important;font-weight:900 !important}@media screen and (max-width:1023px){.stk-3a82bdf .stk-block-heading__text{font-size:18px !important}}<\/style><h5 class=\"stk-block-heading__text\">Neauvia Hydro Deluxe es el \u00fanico producto inyectable para mesaoterapia que combina hidrataci\u00f3n profunda con bioestimulaci\u00f3n, restaurando la calidad de una piel deshidratada y envejecida, ayudando a mejorar la elasticidad y aportando luminosidad (no se puede usar en zona periocular ni patas de gallo). Puede usarse en cara, cuello, escote, manos, codos, rodillas.<br><br>Ideal para todas las edades, puede aplicarse hasta 4 sesiones con intervalos de un mes dependiendo la calidad de piel.<br><\/h5><\/div>\n\n\n\n<div class=\"wp-block-stackable-text stk-block-text stk-block stk-1f19616\" data-block-id=\"1f19616\"><p class=\"stk-block-text__text\"><strong>Aplicaci\u00f3n: <\/strong>30 minutos.<br><strong>Mantenimiento: <\/strong>12 meses.<br><strong>Anestesia:<\/strong> T\u00f3pica.<\/p><\/div>\n<\/div><\/div><\/div>\n<\/div><\/div>\n\n\n\n<div class=\"wp-block-stackable-button-group stk-block-button-group stk-block stk-b5cad4c\" data-block-id=\"b5cad4c\"><div class=\"stk-row stk-inner-blocks stk-block-content stk-button-group\">\n<div class=\"wp-block-stackable-button stk-block-button stk-block stk-939646b\" data-block-id=\"939646b\"><style>.stk-939646b .stk-button{background:var(--theme-palette-color-2,#4928cf) !important}.stk-939646b .stk-button__inner-text{color:var(--theme-palette-color-8,#ffffff) !important}<\/style><a class=\"stk-link stk-button stk--hover-effect-darken\" href=\"https:\/\/skinpechderma.com\/index.php\/contact\/\" target=\"_blank\" rel=\"noreferrer noopener\"><span class=\"has-text-color stk-button__inner-text\">Hacer Cita<\/span><\/a><\/div>\n<\/div><\/div>\n<\/div><\/div><\/div>\n\n\n\n<div class=\"wp-block-stackable-column stk-block-column stk-column stk-block stk-2b8eb37\" data-v=\"4\" data-block-id=\"2b8eb37\"><style>.stk-2b8eb37{align-self:center !important}@media screen and (min-width:768px){.stk-2b8eb37{flex:1 1 calc(46.1% - var(--stk-column-gap,0px) * 1 \/ 2 ) !important}}<\/style><div class=\"stk-column-wrapper stk-block-column__content stk-container stk-2b8eb37-container stk--no-background stk--no-padding\"><div class=\"stk-block-content stk-inner-blocks stk-2b8eb37-inner-blocks\">\n<div class=\"wp-block-stackable-image stk-block-image stk-block stk-a186ffa\" data-block-id=\"a186ffa\"><style>.stk-a186ffa .stk-img-wrapper{width:100% !important;height:100% !important;--stk-gradient-overlay:0 !important}.stk-a186ffa .stk-img-wrapper img{transform:scale(0.96) !important}:where(.stk-hover-parent:hover,.stk-hover-parent.stk--is-hovered) .stk-a186ffa .stk-img-wrapper img{transform:scale(1.1) !important}.stk-a186ffa .stk-img-wrapper::after{background-color:#202c2c !important}:where(.stk-hover-parent:hover,.stk-hover-parent.stk--is-hovered) .stk-a186ffa .stk-img-wrapper::after{background-color:#202c2c !important}.stk-a186ffa .stk-img-wrapper::before{--stk-gradient-overlay:0.7 !important}:where(.stk-hover-parent:hover,.stk-hover-parent.stk--is-hovered) .stk-a186ffa .stk-img-wrapper{--stk-gradient-overlay:0.8 !important}<\/style><figure><span class=\"stk-img-wrapper stk-image--shape-stretch\"><img loading=\"lazy\" decoding=\"async\" class=\"stk-img wp-image-2729\" src=\"https:\/\/skinpechderma.com\/wp-content\/uploads\/2024\/02\/Hidro-Deluxe.png\" width=\"706\" height=\"837\" srcset=\"https:\/\/skinpechderma.com\/wp-content\/uploads\/2024\/02\/Hidro-Deluxe.png 706w, https:\/\/skinpechderma.com\/wp-content\/uploads\/2024\/02\/Hidro-Deluxe-253x300.png 253w, https:\/\/skinpechderma.com\/wp-content\/uploads\/2024\/02\/Hidro-Deluxe-500x593.png 500w, https:\/\/skinpechderma.com\/wp-content\/uploads\/2024\/02\/Hidro-Deluxe-600x711.png 600w\" sizes=\"(max-width: 706px) 100vw, 706px\" \/><\/span><\/figure><\/div>\n<\/div><\/div><\/div>\n<\/div><\/div><\/div>\n","protected":false},"excerpt":{"rendered":"<p>Hidro Deluxe Hidrataci\u00f3n + lifting Neauvia Hydro Deluxe es el \u00fanico producto inyectable para mesaoterapia que combina hidrataci\u00f3n profunda con bioestimulaci\u00f3n, restaurando la calidad de una piel deshidratada y envejecida, ayudando a mejorar la elasticidad y aportando luminosidad (no se puede usar en zona periocular ni patas de gallo). Puede usarse en cara, cuello, escote, [&hellip;]<\/p>\n","protected":false},"author":1,"featured_media":0,"parent":0,"menu_order":0,"comment_status":"closed","ping_status":"closed","template":"essential-blocks-fullwidth-template.php","meta":{"_eb_attr":"","_monsterinsights_skip_tracking":false,"_monsterinsights_sitenote_active":false,"_monsterinsights_sitenote_note":"","_monsterinsights_sitenote_category":0,"_joinchat":[],"footnotes":""},"class_list":["post-2470","page","type-page","status-publish","hentry"],"blocksy_meta":[],"aioseo_notices":[],"featured_image_urls":{"full":"","thumbnail":"","medium":"","medium_large":"","large":"","1536x1536":"","2048x2048":"","wpzoom-rcb-block-header":"","wpzoom-rcb-block-header-square":"","wpzoom-rcb-block-step-image":"","wpzoom-rcb-structured-data-1_1":"","wpzoom-rcb-structured-data-4_3":"","wpzoom-rcb-structured-data-16_9":"","woocommerce_archive_thumbnail":"","woocommerce_thumbnail":"","woocommerce_single":"","woocommerce_gallery_thumbnail":""},"post_excerpt_stackable":"<p>Hidro Deluxe Hidrataci\u00f3n + lifting Neauvia Hydro Deluxe es el \u00fanico producto inyectable para mesaoterapia que combina hidrataci\u00f3n profunda con bioestimulaci\u00f3n, restaurando la calidad de una piel deshidratada y envejecida, ayudando a mejorar la elasticidad y aportando luminosidad (no se puede usar en zona periocular ni patas de gallo). Puede usarse en cara, cuello, escote, manos, codos, rodillas.Ideal para todas las edades, puede aplicarse hasta 4 sesiones con intervalos de un mes dependiendo la calidad de piel. Aplicaci\u00f3n: 30 minutos.Mantenimiento: 12 meses.Anestesia: T\u00f3pica. Hacer Cita<\/p>\n","category_list":"","author_info":{"name":"skinpechderma.com","url":"https:\/\/skinpechderma.com\/index.php\/author\/skinpechderma-com\/"},"comments_num":"0 comments","_links":{"self":[{"href":"https:\/\/skinpechderma.com\/index.php\/wp-json\/wp\/v2\/pages\/2470"}],"collection":[{"href":"https:\/\/skinpechderma.com\/index.php\/wp-json\/wp\/v2\/pages"}],"about":[{"href":"https:\/\/skinpechderma.com\/index.php\/wp-json\/wp\/v2\/types\/page"}],"author":[{"embeddable":true,"href":"https:\/\/skinpechderma.com\/index.php\/wp-json\/wp\/v2\/users\/1"}],"replies":[{"embeddable":true,"href":"https:\/\/skinpechderma.com\/index.php\/wp-json\/wp\/v2\/comments?post=2470"}],"version-history":[{"count":5,"href":"https:\/\/skinpechderma.com\/index.php\/wp-json\/wp\/v2\/pages\/2470\/revisions"}],"predecessor-version":[{"id":2778,"href":"https:\/\/skinpechderma.com\/index.php\/wp-json\/wp\/v2\/pages\/2470\/revisions\/2778"}],"wp:attachment":[{"href":"https:\/\/skinpechderma.com\/index.php\/wp-json\/wp\/v2\/media?parent=2470"}],"curies":[{"name":"wp","href":"https:\/\/api.w.org\/{rel}","templated":true}]}}