{"id":2425,"date":"2024-01-26T00:33:24","date_gmt":"2024-01-26T00:33:24","guid":{"rendered":"https:\/\/skinpechderma.com\/?page_id=2425"},"modified":"2024-02-08T16:51:22","modified_gmt":"2024-02-08T16:51:22","slug":"plasma-gel","status":"publish","type":"page","link":"https:\/\/skinpechderma.com\/index.php\/plasma-gel\/","title":{"rendered":"Plasma Gel"},"content":{"rendered":"\n<div class=\"wp-block-stackable-heading stk-block-heading stk-block-heading--v2 stk-block stk-9840b53\" id=\"plasma-gel\" data-block-id=\"9840b53\"><h2 class=\"stk-block-heading__text has-text-align-center\">Plasma Gel<\/h2><\/div>\n\n\n\n<p><\/p>\n\n\n\n<div class=\"wp-block-stackable-feature alignfull stk-block-feature stk-block stk-cef87f5 is-style-horizontal\" data-v=\"2\" data-block-id=\"cef87f5\"><div class=\"stk-content-align stk-cef87f5-column alignwide stk-container stk-cef87f5-container stk--no-background stk--no-padding\"><div class=\"stk-inner-blocks stk-block-content stk-row\">\n<div class=\"wp-block-stackable-column stk-block-column stk-column stk-block stk-61ade93\" data-v=\"4\" data-block-id=\"61ade93\"><style>.stk-61ade93{align-self:center !important;border-top-left-radius:15px !important;border-top-right-radius:15px !important;border-bottom-right-radius:15px !important;border-bottom-left-radius:15px !important;overflow:hidden !important;box-shadow:0 5px 30px -10px rgba(18,63,82,0.3) !important;border-style:solid !important;border-color:#8ed1fc !important;border-top-width:2px !important;border-right-width:2px !important;border-bottom-width:2px !important;border-left-width:2px !important}<\/style><div class=\"stk-column-wrapper stk-block-column__content stk-container stk-61ade93-container stk--no-background stk--no-padding\"><div class=\"stk-block-content stk-inner-blocks stk-61ade93-inner-blocks\">\n<div class=\"wp-block-stackable-columns stk-block-columns stk-block stk-c394e2b\" data-block-id=\"c394e2b\"><div class=\"stk-row stk-inner-blocks stk-block-content stk-content-align stk-c394e2b-column\">\n<div class=\"wp-block-stackable-column stk-block-column stk-column stk-block stk-d5ce2c8\" data-v=\"4\" data-block-id=\"d5ce2c8\"><div class=\"stk-column-wrapper stk-block-column__content stk-container stk-d5ce2c8-container stk--no-background stk--no-padding\"><div class=\"stk-block-content stk-inner-blocks stk-d5ce2c8-inner-blocks\">\n<div class=\"wp-block-stackable-heading stk-block-heading stk-block-heading--v2 stk-block stk-3a82bdf\" id=\"el-tratamiento-de-plasma-gel-consiste-en-un-relleno-natural-o-filler-gel-de-proteinas-que-se-obtiene-a-partir-de-la-propia-sangre-del-paciente-que-corrige-los-signos-de-la-edad-rellenando-surcos-arrugas-o-cualquier-irregularidad-del-rostro-tambien-sirve-para-dar-contorno-a-areas-como-labios-y-mejillas-br-br-se-trata-de-una-tecnica-regenerativa-ya-que-es-una-sustancia-autologa-que-se-crea-de-nuestro-propio-organismo-y-cuyo-25-se-fija-en-el-fomentando-la-produccion-natural-de-colageno-en-nuestra-piel-br\" data-block-id=\"3a82bdf\"><style>.stk-3a82bdf .stk-block-heading__text{font-size:18px !important;font-weight:900 !important}@media screen and (max-width:1023px){.stk-3a82bdf .stk-block-heading__text{font-size:18px !important}}<\/style><h5 class=\"stk-block-heading__text\">El tratamiento de plasma gel consiste en un relleno natural o filler (gel de prote\u00ednas) que se obtiene a partir de la propia sangre del paciente que corrige los signos de la edad, rellenando surcos, arrugas o cualquier irregularidad del rostro. Tambi\u00e9n sirve para dar contorno a \u00e1reas como labios y mejillas.<br><br>Se trata de una t\u00e9cnica regenerativa ya que es una sustancia aut\u00f3loga, que se crea de nuestro propio organismo, y cuyo 25% se fija en el, fomentando la producci\u00f3n natural de col\u00e1geno en nuestra piel.<br><\/h5><\/div>\n\n\n\n<div class=\"wp-block-stackable-text stk-block-text stk-block stk-1f19616\" data-block-id=\"1f19616\"><p class=\"stk-block-text__text\"><strong>Aplicaci\u00f3n: <\/strong>120 minutos.<br><strong>Mantenimiento:<\/strong> 6 meses.<br><strong>Anestesia:<\/strong> T\u00f3pica.<br><strong>Forma de aplicaci\u00f3n:<\/strong> Inyecci\u00f3n<\/p><\/div>\n<\/div><\/div><\/div>\n<\/div><\/div>\n\n\n\n<div class=\"wp-block-stackable-button-group stk-block-button-group stk-block stk-b5cad4c\" data-block-id=\"b5cad4c\"><div class=\"stk-row stk-inner-blocks stk-block-content stk-button-group\">\n<div class=\"wp-block-stackable-button stk-block-button stk-block stk-939646b\" data-block-id=\"939646b\"><style>.stk-939646b .stk-button{background:var(--theme-palette-color-2,#4928cf) !important}.stk-939646b .stk-button__inner-text{color:var(--theme-palette-color-8,#ffffff) !important}<\/style><a class=\"stk-link stk-button stk--hover-effect-darken\" href=\"https:\/\/skinpechderma.com\/index.php\/contact\/\" target=\"_blank\" rel=\"noreferrer noopener\"><span class=\"has-text-color stk-button__inner-text\">Hacer Cita<\/span><\/a><\/div>\n<\/div><\/div>\n<\/div><\/div><\/div>\n\n\n\n<div class=\"wp-block-stackable-column stk-block-column stk-column stk-block stk-2b8eb37\" data-v=\"4\" data-block-id=\"2b8eb37\"><style>.stk-2b8eb37{align-self:center !important}<\/style><div class=\"stk-column-wrapper stk-block-column__content stk-container stk-2b8eb37-container stk--no-background stk--no-padding\"><div class=\"stk-block-content stk-inner-blocks stk-2b8eb37-inner-blocks\">\n<div class=\"wp-block-stackable-image stk-block-image stk-block stk-a186ffa\" data-block-id=\"a186ffa\"><style>.stk-a186ffa .stk-img-wrapper{width:100% !important;height:450px !important;--stk-gradient-overlay:0 !important}.stk-a186ffa .stk-img-wrapper img{transform:scale(0.96) !important}:where(.stk-hover-parent:hover,.stk-hover-parent.stk--is-hovered) .stk-a186ffa .stk-img-wrapper img{transform:scale(1.1) !important}.stk-a186ffa .stk-img-wrapper::after{background-color:#202c2c !important}:where(.stk-hover-parent:hover,.stk-hover-parent.stk--is-hovered) .stk-a186ffa .stk-img-wrapper::after{background-color:#202c2c !important}.stk-a186ffa .stk-img-wrapper::before{--stk-gradient-overlay:0.7 !important}:where(.stk-hover-parent:hover,.stk-hover-parent.stk--is-hovered) .stk-a186ffa .stk-img-wrapper{--stk-gradient-overlay:0.8 !important}<\/style><figure><span class=\"stk-img-wrapper stk-image--shape-stretch\"><img loading=\"lazy\" decoding=\"async\" class=\"stk-img wp-image-2316\" src=\"https:\/\/skinpechderma.com\/wp-content\/uploads\/2023\/12\/plasma-gel-4.jpeg\" width=\"598\" height=\"418\" srcset=\"https:\/\/skinpechderma.com\/wp-content\/uploads\/2023\/12\/plasma-gel-4.jpeg 598w, https:\/\/skinpechderma.com\/wp-content\/uploads\/2023\/12\/plasma-gel-4-300x210.jpeg 300w, https:\/\/skinpechderma.com\/wp-content\/uploads\/2023\/12\/plasma-gel-4-500x349.jpeg 500w\" sizes=\"(max-width: 598px) 100vw, 598px\" \/><\/span><\/figure><\/div>\n<\/div><\/div><\/div>\n<\/div><\/div><\/div>\n","protected":false},"excerpt":{"rendered":"<p>Plasma Gel El tratamiento de plasma gel consiste en un relleno natural o filler (gel de prote\u00ednas) que se obtiene a partir de la propia sangre del paciente que corrige los signos de la edad, rellenando surcos, arrugas o cualquier irregularidad del rostro. Tambi\u00e9n sirve para dar contorno a \u00e1reas como labios y mejillas. Se [&hellip;]<\/p>\n","protected":false},"author":1,"featured_media":0,"parent":0,"menu_order":0,"comment_status":"closed","ping_status":"closed","template":"essential-blocks-fullwidth-template.php","meta":{"_eb_attr":"","_monsterinsights_skip_tracking":false,"_monsterinsights_sitenote_active":false,"_monsterinsights_sitenote_note":"","_monsterinsights_sitenote_category":0,"_joinchat":[],"footnotes":""},"class_list":["post-2425","page","type-page","status-publish","hentry"],"blocksy_meta":[],"aioseo_notices":[],"featured_image_urls":{"full":"","thumbnail":"","medium":"","medium_large":"","large":"","1536x1536":"","2048x2048":"","wpzoom-rcb-block-header":"","wpzoom-rcb-block-header-square":"","wpzoom-rcb-block-step-image":"","wpzoom-rcb-structured-data-1_1":"","wpzoom-rcb-structured-data-4_3":"","wpzoom-rcb-structured-data-16_9":"","woocommerce_archive_thumbnail":"","woocommerce_thumbnail":"","woocommerce_single":"","woocommerce_gallery_thumbnail":""},"post_excerpt_stackable":"<p>Plasma Gel El tratamiento de plasma gel consiste en un relleno natural o filler (gel de prote\u00ednas) que se obtiene a partir de la propia sangre del paciente que corrige los signos de la edad, rellenando surcos, arrugas o cualquier irregularidad del rostro. Tambi\u00e9n sirve para dar contorno a \u00e1reas como labios y mejillas.Se trata de una t\u00e9cnica regenerativa ya que es una sustancia aut\u00f3loga, que se crea de nuestro propio organismo, y cuyo 25% se fija en el, fomentando la producci\u00f3n natural de col\u00e1geno en nuestra piel. Aplicaci\u00f3n: 120 minutos.Mantenimiento: 6 meses.Anestesia: T\u00f3pica.Forma de aplicaci\u00f3n: Inyecci\u00f3n Hacer Cita<\/p>\n","category_list":"","author_info":{"name":"skinpechderma.com","url":"https:\/\/skinpechderma.com\/index.php\/author\/skinpechderma-com\/"},"comments_num":"0 comments","_links":{"self":[{"href":"https:\/\/skinpechderma.com\/index.php\/wp-json\/wp\/v2\/pages\/2425"}],"collection":[{"href":"https:\/\/skinpechderma.com\/index.php\/wp-json\/wp\/v2\/pages"}],"about":[{"href":"https:\/\/skinpechderma.com\/index.php\/wp-json\/wp\/v2\/types\/page"}],"author":[{"embeddable":true,"href":"https:\/\/skinpechderma.com\/index.php\/wp-json\/wp\/v2\/users\/1"}],"replies":[{"embeddable":true,"href":"https:\/\/skinpechderma.com\/index.php\/wp-json\/wp\/v2\/comments?post=2425"}],"version-history":[{"count":5,"href":"https:\/\/skinpechderma.com\/index.php\/wp-json\/wp\/v2\/pages\/2425\/revisions"}],"predecessor-version":[{"id":2787,"href":"https:\/\/skinpechderma.com\/index.php\/wp-json\/wp\/v2\/pages\/2425\/revisions\/2787"}],"wp:attachment":[{"href":"https:\/\/skinpechderma.com\/index.php\/wp-json\/wp\/v2\/media?parent=2425"}],"curies":[{"name":"wp","href":"https:\/\/api.w.org\/{rel}","templated":true}]}}