{"id":2419,"date":"2024-01-26T00:21:44","date_gmt":"2024-01-26T00:21:44","guid":{"rendered":"https:\/\/skinpechderma.com\/?page_id=2419"},"modified":"2024-02-08T17:20:44","modified_gmt":"2024-02-08T17:20:44","slug":"rinomodelacion-acido-hialuronico","status":"publish","type":"page","link":"https:\/\/skinpechderma.com\/index.php\/rinomodelacion-acido-hialuronico\/","title":{"rendered":"Rinomodelaci\u00f3n (\u00c1cido hialur\u00f3nico)"},"content":{"rendered":"\n<div class=\"wp-block-stackable-heading stk-block-heading stk-block-heading--v2 stk-block stk-33dc3ae\" id=\"rinomodelacion\" data-block-id=\"33dc3ae\"><style>.stk-33dc3ae{margin-bottom:0px !important}<\/style><h2 class=\"stk-block-heading__text has-text-align-center\">Rinomodelaci\u00f3n<\/h2><\/div>\n\n\n\n<div class=\"wp-block-stackable-text stk-block-text stk-block stk-d7cd733\" data-block-id=\"d7cd733\"><style>.stk-d7cd733{margin-bottom:2px !important}.stk-d7cd733 .stk-block-text__text{font-size:25px !important}@media screen and (max-width:1023px){.stk-d7cd733 .stk-block-text__text{font-size:25px !important}}<\/style><p class=\"stk-block-text__text has-text-align-center\">(\u00c1cido hialur\u00f3nico)<\/p><\/div>\n\n\n\n<div class=\"wp-block-stackable-feature alignfull stk-block-feature stk-block stk-cef87f5 is-style-horizontal\" data-v=\"2\" data-block-id=\"cef87f5\"><div class=\"stk-content-align stk-cef87f5-column alignwide stk-container stk-cef87f5-container stk--no-background stk--no-padding\"><div class=\"stk-inner-blocks stk-block-content stk-row\">\n<div class=\"wp-block-stackable-column stk-block-column stk-column stk-block stk-61ade93\" data-v=\"4\" data-block-id=\"61ade93\"><style>.stk-61ade93{align-self:center !important;border-top-left-radius:15px !important;border-top-right-radius:15px !important;border-bottom-right-radius:15px !important;border-bottom-left-radius:15px !important;overflow:hidden !important;box-shadow:0 5px 30px -10px rgba(18,63,82,0.3) !important;border-style:solid !important;border-color:#8ed1fc !important;border-top-width:2px !important;border-right-width:2px !important;border-bottom-width:2px !important;border-left-width:2px !important}<\/style><div class=\"stk-column-wrapper stk-block-column__content stk-container stk-61ade93-container stk--no-background stk--no-padding\"><div class=\"stk-block-content stk-inner-blocks stk-61ade93-inner-blocks\">\n<div class=\"wp-block-stackable-columns stk-block-columns stk-block stk-c394e2b\" data-block-id=\"c394e2b\"><div class=\"stk-row stk-inner-blocks stk-block-content stk-content-align stk-c394e2b-column\">\n<div class=\"wp-block-stackable-column stk-block-column stk-column stk-block stk-d5ce2c8\" data-v=\"4\" data-block-id=\"d5ce2c8\"><div class=\"stk-column-wrapper stk-block-column__content stk-container stk-d5ce2c8-container stk--no-background stk--no-padding\"><div class=\"stk-block-content stk-inner-blocks stk-d5ce2c8-inner-blocks\">\n<div class=\"wp-block-stackable-heading stk-block-heading stk-block-heading--v2 stk-block stk-3a82bdf\" id=\"la-rinomodelacion-es-una-armonizacion-no-quirurgica-de-la-nariz-consiste-en-la-aplicacion-de-rellenos-dermicos-acido-hialuronico-para-la-mejora-estetica-de-la-estructura-mejorando-angulos-y-proporciones-para-el-embellecimiento-del-perfil-facial-teniendo-un-resultado-inmediato-indoloro-y-de-larga-duracion-br\" data-block-id=\"3a82bdf\"><style>.stk-3a82bdf .stk-block-heading__text{font-size:18px !important}@media screen and (max-width:1023px){.stk-3a82bdf .stk-block-heading__text{font-size:18px !important}}<\/style><h5 class=\"stk-block-heading__text\">La rinomodelaci\u00f3n es una armonizaci\u00f3n no quir\u00fargica de la nariz, consiste en la aplicaci\u00f3n de rellenos d\u00e9rmicos (\u00e1cido hialur\u00f3nico) para la mejora est\u00e9tica de la estructura, mejorando \u00e1ngulos y proporciones para el embellecimiento del perfil facial teniendo un resultado inmediato, indoloro y de larga duraci\u00f3n.<br><\/h5><\/div>\n\n\n\n<div class=\"wp-block-stackable-text stk-block-text stk-block stk-1f19616\" data-block-id=\"1f19616\"><p class=\"stk-block-text__text\"><strong>Aplicaci\u00f3n: <\/strong>45 minutos.<br><strong>Mantenimiento:<\/strong> 18 meses.<br><strong>Anestesia:<\/strong> T\u00f3pica.<\/p><\/div>\n<\/div><\/div><\/div>\n<\/div><\/div>\n\n\n\n<div class=\"wp-block-stackable-button-group stk-block-button-group stk-block stk-b5cad4c\" data-block-id=\"b5cad4c\"><div class=\"stk-row stk-inner-blocks stk-block-content stk-button-group\">\n<div class=\"wp-block-stackable-button stk-block-button stk-block stk-939646b\" data-block-id=\"939646b\"><style>.stk-939646b .stk-button{background:var(--theme-palette-color-2,#4928cf) !important}.stk-939646b .stk-button__inner-text{color:#ffffff !important}<\/style><a class=\"stk-link stk-button stk--hover-effect-darken\" href=\"https:\/\/skinpechderma.com\/index.php\/contact\/\" target=\"_blank\" rel=\"noreferrer noopener\"><span class=\"has-text-color stk-button__inner-text\">Hacer Cita<\/span><\/a><\/div>\n<\/div><\/div>\n<\/div><\/div><\/div>\n\n\n\n<div class=\"wp-block-stackable-column stk-block-column stk-column stk-block stk-2b8eb37\" data-v=\"4\" data-block-id=\"2b8eb37\"><style>.stk-2b8eb37{align-self:center !important}<\/style><div class=\"stk-column-wrapper stk-block-column__content stk-container stk-2b8eb37-container stk--no-background stk--no-padding\"><div class=\"stk-block-content stk-inner-blocks stk-2b8eb37-inner-blocks\">\n<div class=\"wp-block-stackable-image stk-block-image stk-block stk-a186ffa\" data-block-id=\"a186ffa\"><style>.stk-a186ffa .stk-img-wrapper{width:100% !important;height:450px !important;--stk-gradient-overlay:0 !important}.stk-a186ffa .stk-img-wrapper img{transform:scale(0.96) !important}:where(.stk-hover-parent:hover,.stk-hover-parent.stk--is-hovered) .stk-a186ffa .stk-img-wrapper img{transform:scale(1.1) !important}.stk-a186ffa .stk-img-wrapper::after{background-color:#202c2c !important}:where(.stk-hover-parent:hover,.stk-hover-parent.stk--is-hovered) .stk-a186ffa .stk-img-wrapper::after{background-color:#202c2c !important}.stk-a186ffa .stk-img-wrapper::before{--stk-gradient-overlay:0.7 !important}:where(.stk-hover-parent:hover,.stk-hover-parent.stk--is-hovered) .stk-a186ffa .stk-img-wrapper{--stk-gradient-overlay:0.8 !important}<\/style><figure><span class=\"stk-img-wrapper stk-image--shape-stretch\"><img loading=\"lazy\" decoding=\"async\" class=\"stk-img wp-image-1035\" src=\"https:\/\/skinpechderma.com\/wp-content\/uploads\/2023\/11\/rino.png\" width=\"652\" height=\"776\" srcset=\"https:\/\/skinpechderma.com\/wp-content\/uploads\/2023\/11\/rino.png 652w, https:\/\/skinpechderma.com\/wp-content\/uploads\/2023\/11\/rino-600x714.png 600w, https:\/\/skinpechderma.com\/wp-content\/uploads\/2023\/11\/rino-500x595.png 500w, https:\/\/skinpechderma.com\/wp-content\/uploads\/2023\/11\/rino-252x300.png 252w\" sizes=\"(max-width: 652px) 100vw, 652px\" \/><\/span><\/figure><\/div>\n<\/div><\/div><\/div>\n<\/div><\/div><\/div>\n","protected":false},"excerpt":{"rendered":"<p>Rinomodelaci\u00f3n (\u00c1cido hialur\u00f3nico) La rinomodelaci\u00f3n es una armonizaci\u00f3n no quir\u00fargica de la nariz, consiste en la aplicaci\u00f3n de rellenos d\u00e9rmicos (\u00e1cido hialur\u00f3nico) para la mejora est\u00e9tica de la estructura, mejorando \u00e1ngulos y proporciones para el embellecimiento del perfil facial teniendo un resultado inmediato, indoloro y de larga duraci\u00f3n. Aplicaci\u00f3n: 45 minutos.Mantenimiento: 18 meses.Anestesia: T\u00f3pica. Hacer [&hellip;]<\/p>\n","protected":false},"author":1,"featured_media":0,"parent":0,"menu_order":0,"comment_status":"closed","ping_status":"closed","template":"essential-blocks-fullwidth-template.php","meta":{"_eb_attr":"","_monsterinsights_skip_tracking":false,"_monsterinsights_sitenote_active":false,"_monsterinsights_sitenote_note":"","_monsterinsights_sitenote_category":0,"_joinchat":[],"footnotes":""},"class_list":["post-2419","page","type-page","status-publish","hentry"],"blocksy_meta":[],"aioseo_notices":[],"featured_image_urls":{"full":"","thumbnail":"","medium":"","medium_large":"","large":"","1536x1536":"","2048x2048":"","wpzoom-rcb-block-header":"","wpzoom-rcb-block-header-square":"","wpzoom-rcb-block-step-image":"","wpzoom-rcb-structured-data-1_1":"","wpzoom-rcb-structured-data-4_3":"","wpzoom-rcb-structured-data-16_9":"","woocommerce_archive_thumbnail":"","woocommerce_thumbnail":"","woocommerce_single":"","woocommerce_gallery_thumbnail":""},"post_excerpt_stackable":"<p>Rinomodelaci\u00f3n (\u00c1cido hialur\u00f3nico) La rinomodelaci\u00f3n es una armonizaci\u00f3n no quir\u00fargica de la nariz, consiste en la aplicaci\u00f3n de rellenos d\u00e9rmicos (\u00e1cido hialur\u00f3nico) para la mejora est\u00e9tica de la estructura, mejorando \u00e1ngulos y proporciones para el embellecimiento del perfil facial teniendo un resultado inmediato, indoloro y de larga duraci\u00f3n. Aplicaci\u00f3n: 45 minutos.Mantenimiento: 18 meses.Anestesia: T\u00f3pica. Hacer Cita<\/p>\n","category_list":"","author_info":{"name":"skinpechderma.com","url":"https:\/\/skinpechderma.com\/index.php\/author\/skinpechderma-com\/"},"comments_num":"0 comments","_links":{"self":[{"href":"https:\/\/skinpechderma.com\/index.php\/wp-json\/wp\/v2\/pages\/2419"}],"collection":[{"href":"https:\/\/skinpechderma.com\/index.php\/wp-json\/wp\/v2\/pages"}],"about":[{"href":"https:\/\/skinpechderma.com\/index.php\/wp-json\/wp\/v2\/types\/page"}],"author":[{"embeddable":true,"href":"https:\/\/skinpechderma.com\/index.php\/wp-json\/wp\/v2\/users\/1"}],"replies":[{"embeddable":true,"href":"https:\/\/skinpechderma.com\/index.php\/wp-json\/wp\/v2\/comments?post=2419"}],"version-history":[{"count":5,"href":"https:\/\/skinpechderma.com\/index.php\/wp-json\/wp\/v2\/pages\/2419\/revisions"}],"predecessor-version":[{"id":2795,"href":"https:\/\/skinpechderma.com\/index.php\/wp-json\/wp\/v2\/pages\/2419\/revisions\/2795"}],"wp:attachment":[{"href":"https:\/\/skinpechderma.com\/index.php\/wp-json\/wp\/v2\/media?parent=2419"}],"curies":[{"name":"wp","href":"https:\/\/api.w.org\/{rel}","templated":true}]}}